{"id":277,"date":"2026-04-11T03:57:35","date_gmt":"2026-04-11T03:57:35","guid":{"rendered":"https:\/\/comiccandyz.azdigi.shop\/?post_type=product&#038;p=277"},"modified":"2026-04-17T07:02:08","modified_gmt":"2026-04-17T07:02:08","slug":"cau-be-but-chi-tap27","status":"publish","type":"product","link":"https:\/\/comiccandyz.azdigi.shop\/?product=cau-be-but-chi-tap27","title":{"rendered":"Shin &#8211; C\u1eadu B\u00e9 B\u00fat Ch\u00ec t\u1eadp 27"},"content":{"rendered":"<p>ComicCandyz xin tr\u00e2n tr\u1ecdng gi\u1edbi thi\u1ec7u b\u1ed9 truy\u1ec7n tranh Shin C\u1eadu B\u00e9 B\u00fat Ch\u00ec<\/p>\n<ul>\n<li>M\u00e3 Kim \u0110\u1ed3ng:\u00a0<span class=\"bold variant-sku\"><strong>6232206000027<\/strong><\/span><\/li>\n<li>T\u00e1c gi\u1ea3:\u00a0<a href=\"https:\/\/nxbkimdong.com.vn\/collections\/yoshito-usui\">Yoshito Usui<\/a><\/li>\n<li>\u0110\u1ed1i t\u01b0\u1ee3ng:\u00a0<a href=\"https:\/\/nxbkimdong.com.vn\/collections\/thieu-nien-11-15\">Thi\u1ebfu ni\u00ean (11 \u2013 15)<\/a><\/li>\n<li>Khu\u00f4n Kh\u1ed5:\u00a014.5&#215;20.5 cm<\/li>\n<li>S\u1ed1 trang: ~124<\/li>\n<li>\u0110\u1ecbnh d\u1ea1ng:\u00a0b\u00eca m\u1ec1m<\/li>\n<li>Tr\u1ecdng l\u01b0\u1ee3ng: 150 gram<\/li>\n<\/ul>\n","protected":false},"excerpt":{"rendered":"<p>ComicCandyz xin tr\u00e2n tr\u1ecdng gi\u1edbi thi\u1ec7u b\u1ed9 truy\u1ec7n tranh Shin C\u1eadu B\u00e9 B\u00fat Ch\u00ec M\u00e3 Kim \u0110\u1ed3ng:\u00a06232206000027 T\u00e1c gi\u1ea3:\u00a0Yoshito Usui \u0110\u1ed1i t\u01b0\u1ee3ng:\u00a0Thi\u1ebfu ni\u00ean (11 \u2013 15) Khu\u00f4n Kh\u1ed5:\u00a014.5&#215;20.5 cm S\u1ed1 trang: ~124 \u0110\u1ecbnh d\u1ea1ng:\u00a0b\u00eca m\u1ec1m Tr\u1ecdng l\u01b0\u1ee3ng: 150 gram<\/p>\n","protected":false},"featured_media":174,"comment_status":"open","ping_status":"closed","template":"","meta":[],"product_brand":[],"product_cat":[30],"product_tag":[],"class_list":{"0":"post-277","1":"product","2":"type-product","3":"status-publish","4":"has-post-thumbnail","6":"product_cat-manga-comic","8":"first","9":"instock","10":"sale","11":"shipping-taxable","12":"purchasable","13":"product-type-variable"},"yoast_head":"<!-- This site is optimized with the Yoast SEO plugin v27.1.1 - https:\/\/yoast.com\/product\/yoast-seo-wordpress\/ -->\n<title>Shin - C\u1eadu B\u00e9 B\u00fat Ch\u00ec t\u1eadp 27 - ComicCandyz Shop Shin C\u1eadu B\u00e9 B\u00fat Ch\u00ec<\/title>\n<meta name=\"description\" content=\"Shin C\u1eadu B\u00e9 B\u00fat Ch\u00ec - M\u1ed7i t\u1eadp truy\u1ec7n kho\u1ea3ng 120 trang, nh\u01b0ng c\u1ee9 th\u1eed c\u1ea7m l\u00ean xem, b\u1ea1n s\u1ebd kh\u00f4ng th\u1ec3 r\u1eddi m\u1eaft kh\u1ecfi cu\u1ed1n s\u00e1ch cho \u0111\u1ebfn t\u1eadn trang cu\u1ed1i c\u00f9ng\" \/>\n<meta name=\"robots\" content=\"index, follow, max-snippet:-1, max-image-preview:large, max-video-preview:-1\" \/>\n<link rel=\"canonical\" href=\"https:\/\/comiccandyz.azdigi.shop\/?product=cau-be-but-chi-tap27\" \/>\n<meta property=\"og:locale\" content=\"vi_VN\" \/>\n<meta property=\"og:type\" content=\"article\" \/>\n<meta property=\"og:title\" content=\"Shin - C\u1eadu B\u00e9 B\u00fat Ch\u00ec t\u1eadp 27 - ComicCandyz Shop Shin C\u1eadu B\u00e9 B\u00fat Ch\u00ec\" \/>\n<meta property=\"og:description\" content=\"Shin C\u1eadu B\u00e9 B\u00fat Ch\u00ec - M\u1ed7i t\u1eadp truy\u1ec7n kho\u1ea3ng 120 trang, nh\u01b0ng c\u1ee9 th\u1eed c\u1ea7m l\u00ean xem, b\u1ea1n s\u1ebd kh\u00f4ng th\u1ec3 r\u1eddi m\u1eaft kh\u1ecfi cu\u1ed1n s\u00e1ch cho \u0111\u1ebfn t\u1eadn trang cu\u1ed1i c\u00f9ng\" \/>\n<meta property=\"og:url\" content=\"https:\/\/comiccandyz.azdigi.shop\/?product=cau-be-but-chi-tap27\" \/>\n<meta property=\"og:site_name\" content=\"ComicCandyz Shop\" \/>\n<meta property=\"article:modified_time\" content=\"2026-04-17T07:02:08+00:00\" \/>\n<meta property=\"og:image\" content=\"https:\/\/comiccandyz.azdigi.shop\/wp-content\/uploads\/2026\/03\/s4.png\" \/>\n\t<meta property=\"og:image:width\" content=\"297\" \/>\n\t<meta property=\"og:image:height\" content=\"423\" \/>\n\t<meta property=\"og:image:type\" content=\"image\/png\" \/>\n<meta name=\"twitter:card\" content=\"summary_large_image\" \/>\n<meta name=\"twitter:label1\" content=\"\u01af\u1edbc t\u00ednh th\u1eddi gian \u0111\u1ecdc\" \/>\n\t<meta name=\"twitter:data1\" content=\"1 ph\u00fat\" \/>\n<script type=\"application\/ld+json\" class=\"yoast-schema-graph\">{\"@context\":\"https:\/\/schema.org\",\"@graph\":[{\"@type\":\"WebPage\",\"@id\":\"https:\/\/comiccandyz.azdigi.shop\/?product=cau-be-but-chi-tap27\",\"url\":\"https:\/\/comiccandyz.azdigi.shop\/?product=cau-be-but-chi-tap27\",\"name\":\"Shin - C\u1eadu B\u00e9 B\u00fat Ch\u00ec t\u1eadp 27 - ComicCandyz Shop Shin C\u1eadu B\u00e9 B\u00fat Ch\u00ec\",\"isPartOf\":{\"@id\":\"https:\/\/comiccandyz.azdigi.shop\/#website\"},\"primaryImageOfPage\":{\"@id\":\"https:\/\/comiccandyz.azdigi.shop\/?product=cau-be-but-chi-tap27#primaryimage\"},\"image\":{\"@id\":\"https:\/\/comiccandyz.azdigi.shop\/?product=cau-be-but-chi-tap27#primaryimage\"},\"thumbnailUrl\":\"https:\/\/comiccandyz.azdigi.shop\/wp-content\/uploads\/2026\/03\/s4.png\",\"datePublished\":\"2026-04-11T03:57:35+00:00\",\"dateModified\":\"2026-04-17T07:02:08+00:00\",\"description\":\"Shin C\u1eadu B\u00e9 B\u00fat Ch\u00ec - M\u1ed7i t\u1eadp truy\u1ec7n kho\u1ea3ng 120 trang, nh\u01b0ng c\u1ee9 th\u1eed c\u1ea7m l\u00ean xem, b\u1ea1n s\u1ebd kh\u00f4ng th\u1ec3 r\u1eddi m\u1eaft kh\u1ecfi cu\u1ed1n s\u00e1ch cho \u0111\u1ebfn t\u1eadn trang cu\u1ed1i c\u00f9ng\",\"breadcrumb\":{\"@id\":\"https:\/\/comiccandyz.azdigi.shop\/?product=cau-be-but-chi-tap27#breadcrumb\"},\"inLanguage\":\"vi\",\"potentialAction\":[{\"@type\":\"ReadAction\",\"target\":[\"https:\/\/comiccandyz.azdigi.shop\/?product=cau-be-but-chi-tap27\"]}]},{\"@type\":\"ImageObject\",\"inLanguage\":\"vi\",\"@id\":\"https:\/\/comiccandyz.azdigi.shop\/?product=cau-be-but-chi-tap27#primaryimage\",\"url\":\"https:\/\/comiccandyz.azdigi.shop\/wp-content\/uploads\/2026\/03\/s4.png\",\"contentUrl\":\"https:\/\/comiccandyz.azdigi.shop\/wp-content\/uploads\/2026\/03\/s4.png\",\"width\":297,\"height\":423},{\"@type\":\"BreadcrumbList\",\"@id\":\"https:\/\/comiccandyz.azdigi.shop\/?product=cau-be-but-chi-tap27#breadcrumb\",\"itemListElement\":[{\"@type\":\"ListItem\",\"position\":1,\"name\":\"Home\",\"item\":\"https:\/\/comiccandyz.azdigi.shop\/\"},{\"@type\":\"ListItem\",\"position\":2,\"name\":\"Shop\",\"item\":\"https:\/\/comiccandyz.azdigi.shop\/?page_id=223\"},{\"@type\":\"ListItem\",\"position\":3,\"name\":\"Shin &#8211; C\u1eadu B\u00e9 B\u00fat Ch\u00ec t\u1eadp 27\"}]},{\"@type\":\"WebSite\",\"@id\":\"https:\/\/comiccandyz.azdigi.shop\/#website\",\"url\":\"https:\/\/comiccandyz.azdigi.shop\/\",\"name\":\"ComicCandyz Shop\",\"description\":\"\",\"potentialAction\":[{\"@type\":\"SearchAction\",\"target\":{\"@type\":\"EntryPoint\",\"urlTemplate\":\"https:\/\/comiccandyz.azdigi.shop\/?s={search_term_string}\"},\"query-input\":{\"@type\":\"PropertyValueSpecification\",\"valueRequired\":true,\"valueName\":\"search_term_string\"}}],\"inLanguage\":\"vi\"}]}<\/script>\n<!-- \/ Yoast SEO plugin. -->","yoast_head_json":{"title":"Shin - C\u1eadu B\u00e9 B\u00fat Ch\u00ec t\u1eadp 27 - ComicCandyz Shop Shin C\u1eadu B\u00e9 B\u00fat Ch\u00ec","description":"Shin C\u1eadu B\u00e9 B\u00fat Ch\u00ec - M\u1ed7i t\u1eadp truy\u1ec7n kho\u1ea3ng 120 trang, nh\u01b0ng c\u1ee9 th\u1eed c\u1ea7m l\u00ean xem, b\u1ea1n s\u1ebd kh\u00f4ng th\u1ec3 r\u1eddi m\u1eaft kh\u1ecfi cu\u1ed1n s\u00e1ch cho \u0111\u1ebfn t\u1eadn trang cu\u1ed1i c\u00f9ng","robots":{"index":"index","follow":"follow","max-snippet":"max-snippet:-1","max-image-preview":"max-image-preview:large","max-video-preview":"max-video-preview:-1"},"canonical":"https:\/\/comiccandyz.azdigi.shop\/?product=cau-be-but-chi-tap27","og_locale":"vi_VN","og_type":"article","og_title":"Shin - C\u1eadu B\u00e9 B\u00fat Ch\u00ec t\u1eadp 27 - ComicCandyz Shop Shin C\u1eadu B\u00e9 B\u00fat Ch\u00ec","og_description":"Shin C\u1eadu B\u00e9 B\u00fat Ch\u00ec - M\u1ed7i t\u1eadp truy\u1ec7n kho\u1ea3ng 120 trang, nh\u01b0ng c\u1ee9 th\u1eed c\u1ea7m l\u00ean xem, b\u1ea1n s\u1ebd kh\u00f4ng th\u1ec3 r\u1eddi m\u1eaft kh\u1ecfi cu\u1ed1n s\u00e1ch cho \u0111\u1ebfn t\u1eadn trang cu\u1ed1i c\u00f9ng","og_url":"https:\/\/comiccandyz.azdigi.shop\/?product=cau-be-but-chi-tap27","og_site_name":"ComicCandyz Shop","article_modified_time":"2026-04-17T07:02:08+00:00","og_image":[{"width":297,"height":423,"url":"https:\/\/comiccandyz.azdigi.shop\/wp-content\/uploads\/2026\/03\/s4.png","type":"image\/png"}],"twitter_card":"summary_large_image","twitter_misc":{"\u01af\u1edbc t\u00ednh th\u1eddi gian \u0111\u1ecdc":"1 ph\u00fat"},"schema":{"@context":"https:\/\/schema.org","@graph":[{"@type":"WebPage","@id":"https:\/\/comiccandyz.azdigi.shop\/?product=cau-be-but-chi-tap27","url":"https:\/\/comiccandyz.azdigi.shop\/?product=cau-be-but-chi-tap27","name":"Shin - C\u1eadu B\u00e9 B\u00fat Ch\u00ec t\u1eadp 27 - ComicCandyz Shop Shin C\u1eadu B\u00e9 B\u00fat Ch\u00ec","isPartOf":{"@id":"https:\/\/comiccandyz.azdigi.shop\/#website"},"primaryImageOfPage":{"@id":"https:\/\/comiccandyz.azdigi.shop\/?product=cau-be-but-chi-tap27#primaryimage"},"image":{"@id":"https:\/\/comiccandyz.azdigi.shop\/?product=cau-be-but-chi-tap27#primaryimage"},"thumbnailUrl":"https:\/\/comiccandyz.azdigi.shop\/wp-content\/uploads\/2026\/03\/s4.png","datePublished":"2026-04-11T03:57:35+00:00","dateModified":"2026-04-17T07:02:08+00:00","description":"Shin C\u1eadu B\u00e9 B\u00fat Ch\u00ec - M\u1ed7i t\u1eadp truy\u1ec7n kho\u1ea3ng 120 trang, nh\u01b0ng c\u1ee9 th\u1eed c\u1ea7m l\u00ean xem, b\u1ea1n s\u1ebd kh\u00f4ng th\u1ec3 r\u1eddi m\u1eaft kh\u1ecfi cu\u1ed1n s\u00e1ch cho \u0111\u1ebfn t\u1eadn trang cu\u1ed1i c\u00f9ng","breadcrumb":{"@id":"https:\/\/comiccandyz.azdigi.shop\/?product=cau-be-but-chi-tap27#breadcrumb"},"inLanguage":"vi","potentialAction":[{"@type":"ReadAction","target":["https:\/\/comiccandyz.azdigi.shop\/?product=cau-be-but-chi-tap27"]}]},{"@type":"ImageObject","inLanguage":"vi","@id":"https:\/\/comiccandyz.azdigi.shop\/?product=cau-be-but-chi-tap27#primaryimage","url":"https:\/\/comiccandyz.azdigi.shop\/wp-content\/uploads\/2026\/03\/s4.png","contentUrl":"https:\/\/comiccandyz.azdigi.shop\/wp-content\/uploads\/2026\/03\/s4.png","width":297,"height":423},{"@type":"BreadcrumbList","@id":"https:\/\/comiccandyz.azdigi.shop\/?product=cau-be-but-chi-tap27#breadcrumb","itemListElement":[{"@type":"ListItem","position":1,"name":"Home","item":"https:\/\/comiccandyz.azdigi.shop\/"},{"@type":"ListItem","position":2,"name":"Shop","item":"https:\/\/comiccandyz.azdigi.shop\/?page_id=223"},{"@type":"ListItem","position":3,"name":"Shin &#8211; C\u1eadu B\u00e9 B\u00fat Ch\u00ec t\u1eadp 27"}]},{"@type":"WebSite","@id":"https:\/\/comiccandyz.azdigi.shop\/#website","url":"https:\/\/comiccandyz.azdigi.shop\/","name":"ComicCandyz Shop","description":"","potentialAction":[{"@type":"SearchAction","target":{"@type":"EntryPoint","urlTemplate":"https:\/\/comiccandyz.azdigi.shop\/?s={search_term_string}"},"query-input":{"@type":"PropertyValueSpecification","valueRequired":true,"valueName":"search_term_string"}}],"inLanguage":"vi"}]}},"_links":{"self":[{"href":"https:\/\/comiccandyz.azdigi.shop\/index.php?rest_route=\/wp\/v2\/product\/277","targetHints":{"allow":["GET"]}}],"collection":[{"href":"https:\/\/comiccandyz.azdigi.shop\/index.php?rest_route=\/wp\/v2\/product"}],"about":[{"href":"https:\/\/comiccandyz.azdigi.shop\/index.php?rest_route=\/wp\/v2\/types\/product"}],"replies":[{"embeddable":true,"href":"https:\/\/comiccandyz.azdigi.shop\/index.php?rest_route=%2Fwp%2Fv2%2Fcomments&post=277"}],"wp:featuredmedia":[{"embeddable":true,"href":"https:\/\/comiccandyz.azdigi.shop\/index.php?rest_route=\/wp\/v2\/media\/174"}],"wp:attachment":[{"href":"https:\/\/comiccandyz.azdigi.shop\/index.php?rest_route=%2Fwp%2Fv2%2Fmedia&parent=277"}],"wp:term":[{"taxonomy":"product_brand","embeddable":true,"href":"https:\/\/comiccandyz.azdigi.shop\/index.php?rest_route=%2Fwp%2Fv2%2Fproduct_brand&post=277"},{"taxonomy":"product_cat","embeddable":true,"href":"https:\/\/comiccandyz.azdigi.shop\/index.php?rest_route=%2Fwp%2Fv2%2Fproduct_cat&post=277"},{"taxonomy":"product_tag","embeddable":true,"href":"https:\/\/comiccandyz.azdigi.shop\/index.php?rest_route=%2Fwp%2Fv2%2Fproduct_tag&post=277"}],"curies":[{"name":"wp","href":"https:\/\/api.w.org\/{rel}","templated":true}]}}