{"id":307,"date":"2026-04-16T15:41:47","date_gmt":"2026-04-16T15:41:47","guid":{"rendered":"https:\/\/comiccandyz.azdigi.shop\/?post_type=product&#038;p=307"},"modified":"2026-04-17T09:41:51","modified_gmt":"2026-04-17T09:41:51","slug":"truyen-tranh-masamune-bao-thu","status":"publish","type":"product","link":"https:\/\/comiccandyz.azdigi.shop\/?product=truyen-tranh-masamune-bao-thu","title":{"rendered":"Masamune B\u00e1o Th\u00f9"},"content":{"rendered":"<p>ComicCandyz Shop xin h\u00e2n h\u1ea1nh gi\u1edbi thi\u1ec7u b\u1ed9 truy\u1ec7n tranh Masamune B\u00e1o Th\u00f9!<\/p>\n<ul>\n<li>M\u00e3 Kim \u0110\u1ed3ng:\u00a0<span class=\"bold variant-sku\"><strong>5252219630001<\/strong><\/span><\/li>\n<li>ISBN:<strong>\u00a0978-604-2-28352-6<\/strong><\/li>\n<li>T\u00e1c gi\u1ea3:\u00a0<a href=\"https:\/\/nxbkimdong.com.vn\/collections\/hazuki-takeoka\">Hazuki Takeoka<\/a><br \/>\n<a href=\"https:\/\/nxbkimdong.com.vn\/collections\/tiv\">Tiv<\/a><\/li>\n<li>\u0110\u1ed1i t\u01b0\u1ee3ng:\u00a0<a href=\"https:\/\/nxbkimdong.com.vn\/collections\/tuoi-truong-thanh-tren-18-tuoi\">Tu\u1ed5i tr\u01b0\u1edfng th\u00e0nh (tr\u00ean 18 tu\u1ed5i)<\/a><\/li>\n<li>Khu\u00f4n Kh\u1ed5: 13&#215;18 cm<\/li>\n<li>S\u1ed1 trang:\u00a0164<\/li>\n<li>\u0110\u1ecbnh d\u1ea1ng: b\u00eca m\u1ec1m<\/li>\n<li>Tr\u1ecdng l\u01b0\u1ee3ng: 200 gram<\/li>\n<li>B\u1ed9 s\u00e1ch:\u00a0<a href=\"https:\/\/nxbkimdong.com.vn\/collections\/masamune-bao-thu\">Masamune b\u00e1o th\u00f9<\/a><\/li>\n<\/ul>\n<p><strong>T\u00f4i quay v\u1ec1 th\u1ecb tr\u1ea5n n\u00e0y l\u00e0 \u0111\u1ec3 tr\u1ea3 th\u00f9 con nh\u1ecf kh\u1ed1n \u0111\u00f3!<\/strong><\/p>\n<p>8 n\u0103m tr\u01b0\u1edbc, Masamune b\u1ecb Adagaki t\u1eeb ch\u1ed1i t\u00ecnh c\u1ea3m v\u00e0 \u0111\u1eb7t cho bi\u1ec7t danh \u201cGi\u00f2 Heo\u201d. T\u1eeb \u0111\u00f3, c\u1eadu nung n\u1ea5u \u00fd \u0111\u1ecbnh tr\u1ea3 th\u00f9, \u0111i\u00ean cu\u1ed3ng gi\u1ea3m c\u00e2n, th\u1eadm ch\u00ed \u0111\u1ed5i lu\u00f4n c\u1ea3 h\u1ecd v\u00e0 tr\u1edf th\u00e0nh m\u1ed9t anh ch\u00e0ng \u0111\u1eb9p trai. C\u1eadu v\u1ea1ch ra k\u1ebf ho\u1ea1ch \u201cDead of love\u201d, tr\u01b0\u1edbc ti\u00ean s\u1ebd quy\u1ebfn r\u0169 Adagaki r\u1ed3i sau \u0111\u00f3 v\u1ee9t b\u1ecf c\u00f4 m\u1ed9t c\u00e1ch ph\u0169 ph\u00e0ng nh\u1ea5t. T\u1eadp \u0111\u1ea7u ti\u00ean c\u1ee7a b\u1ed9 truy\u1ec7n t\u00ecnh c\u1ea3m h\u00e0i h\u01b0\u1edbc \u0111\u00e3 ra m\u1eaft, m\u1eddi c\u00e1c b\u1ea1n \u0111\u00f3n \u0111\u1ecdc!!<\/p>\n","protected":false},"excerpt":{"rendered":"<p>ComicCandyz Shop xin h\u00e2n h\u1ea1nh gi\u1edbi thi\u1ec7u b\u1ed9 truy\u1ec7n tranh Masamune B\u00e1o Th\u00f9! M\u00e3 Kim \u0110\u1ed3ng:\u00a05252219630001 ISBN:\u00a0978-604-2-28352-6 T\u00e1c gi\u1ea3:\u00a0Hazuki Takeoka Tiv \u0110\u1ed1i t\u01b0\u1ee3ng:\u00a0Tu\u1ed5i tr\u01b0\u1edfng th\u00e0nh (tr\u00ean 18 tu\u1ed5i) Khu\u00f4n Kh\u1ed5: 13&#215;18 cm S\u1ed1 trang:\u00a0164 \u0110\u1ecbnh d\u1ea1ng: b\u00eca m\u1ec1m Tr\u1ecdng l\u01b0\u1ee3ng: 200 gram B\u1ed9 s\u00e1ch:\u00a0Masamune b\u00e1o th\u00f9 T\u00f4i quay v\u1ec1 th\u1ecb tr\u1ea5n n\u00e0y l\u00e0 \u0111\u1ec3 tr\u1ea3 [&#8230;]\n","protected":false},"featured_media":203,"comment_status":"open","ping_status":"closed","template":"","meta":[],"product_brand":[],"product_cat":[30],"product_tag":[],"class_list":{"0":"post-307","1":"product","2":"type-product","3":"status-publish","4":"has-post-thumbnail","6":"product_cat-manga-comic","8":"first","9":"instock","10":"sale","11":"shipping-taxable","12":"purchasable","13":"product-type-variable"},"yoast_head":"<!-- This site is optimized with the Yoast SEO plugin v27.1.1 - https:\/\/yoast.com\/product\/yoast-seo-wordpress\/ -->\n<title>Masamune B\u00e1o Th\u00f9 - ComicCandyz Shop<\/title>\n<meta name=\"description\" content=\"Masamune B\u00e1o Th\u00f9 l\u00e0 b\u1ed9 truy\u1ec7n t\u00ecnh c\u1ea3m h\u00e0i h\u01b0\u1edbc \u0111\u00e3 ra m\u1eaft, m\u1eddi c\u00e1c b\u1ea1n \u0111\u00f3n \u0111\u1ecdc!! R\u1ea5t h\u00e2n h\u1ea1nh \u0111\u01b0\u1ee3c ph\u1ee5c v\u1ee5 qu\u00fd \u0111\u1ed9c gi\u1ea3 Masamune B\u00e1o Th\u00f9\" \/>\n<meta name=\"robots\" content=\"index, follow, max-snippet:-1, max-image-preview:large, max-video-preview:-1\" \/>\n<link rel=\"canonical\" href=\"https:\/\/comiccandyz.azdigi.shop\/?product=truyen-tranh-masamune-bao-thu\" \/>\n<meta property=\"og:locale\" content=\"vi_VN\" \/>\n<meta property=\"og:type\" content=\"article\" \/>\n<meta property=\"og:title\" content=\"Masamune B\u00e1o Th\u00f9 - ComicCandyz Shop\" \/>\n<meta property=\"og:description\" content=\"Masamune B\u00e1o Th\u00f9 l\u00e0 b\u1ed9 truy\u1ec7n t\u00ecnh c\u1ea3m h\u00e0i h\u01b0\u1edbc \u0111\u00e3 ra m\u1eaft, m\u1eddi c\u00e1c b\u1ea1n \u0111\u00f3n \u0111\u1ecdc!! R\u1ea5t h\u00e2n h\u1ea1nh \u0111\u01b0\u1ee3c ph\u1ee5c v\u1ee5 qu\u00fd \u0111\u1ed9c gi\u1ea3 Masamune B\u00e1o Th\u00f9\" \/>\n<meta property=\"og:url\" content=\"https:\/\/comiccandyz.azdigi.shop\/?product=truyen-tranh-masamune-bao-thu\" \/>\n<meta property=\"og:site_name\" content=\"ComicCandyz Shop\" \/>\n<meta property=\"article:modified_time\" content=\"2026-04-17T09:41:51+00:00\" \/>\n<meta property=\"og:image\" content=\"https:\/\/comiccandyz.azdigi.shop\/wp-content\/uploads\/2026\/03\/masamune-bao-thu-tap-0-bia.webp\" \/>\n\t<meta property=\"og:image:width\" content=\"739\" \/>\n\t<meta property=\"og:image:height\" content=\"1024\" \/>\n\t<meta property=\"og:image:type\" content=\"image\/webp\" \/>\n<meta name=\"twitter:card\" content=\"summary_large_image\" \/>\n<meta name=\"twitter:label1\" content=\"\u01af\u1edbc t\u00ednh th\u1eddi gian \u0111\u1ecdc\" \/>\n\t<meta name=\"twitter:data1\" content=\"2 ph\u00fat\" \/>\n<script type=\"application\/ld+json\" class=\"yoast-schema-graph\">{\"@context\":\"https:\/\/schema.org\",\"@graph\":[{\"@type\":\"WebPage\",\"@id\":\"https:\/\/comiccandyz.azdigi.shop\/?product=truyen-tranh-masamune-bao-thu\",\"url\":\"https:\/\/comiccandyz.azdigi.shop\/?product=truyen-tranh-masamune-bao-thu\",\"name\":\"Masamune B\u00e1o Th\u00f9 - ComicCandyz Shop\",\"isPartOf\":{\"@id\":\"https:\/\/comiccandyz.azdigi.shop\/#website\"},\"primaryImageOfPage\":{\"@id\":\"https:\/\/comiccandyz.azdigi.shop\/?product=truyen-tranh-masamune-bao-thu#primaryimage\"},\"image\":{\"@id\":\"https:\/\/comiccandyz.azdigi.shop\/?product=truyen-tranh-masamune-bao-thu#primaryimage\"},\"thumbnailUrl\":\"https:\/\/comiccandyz.azdigi.shop\/wp-content\/uploads\/2026\/03\/masamune-bao-thu-tap-0-bia.webp\",\"datePublished\":\"2026-04-16T15:41:47+00:00\",\"dateModified\":\"2026-04-17T09:41:51+00:00\",\"description\":\"Masamune B\u00e1o Th\u00f9 l\u00e0 b\u1ed9 truy\u1ec7n t\u00ecnh c\u1ea3m h\u00e0i h\u01b0\u1edbc \u0111\u00e3 ra m\u1eaft, m\u1eddi c\u00e1c b\u1ea1n \u0111\u00f3n \u0111\u1ecdc!! R\u1ea5t h\u00e2n h\u1ea1nh \u0111\u01b0\u1ee3c ph\u1ee5c v\u1ee5 qu\u00fd \u0111\u1ed9c gi\u1ea3 Masamune B\u00e1o Th\u00f9\",\"breadcrumb\":{\"@id\":\"https:\/\/comiccandyz.azdigi.shop\/?product=truyen-tranh-masamune-bao-thu#breadcrumb\"},\"inLanguage\":\"vi\",\"potentialAction\":[{\"@type\":\"ReadAction\",\"target\":[\"https:\/\/comiccandyz.azdigi.shop\/?product=truyen-tranh-masamune-bao-thu\"]}]},{\"@type\":\"ImageObject\",\"inLanguage\":\"vi\",\"@id\":\"https:\/\/comiccandyz.azdigi.shop\/?product=truyen-tranh-masamune-bao-thu#primaryimage\",\"url\":\"https:\/\/comiccandyz.azdigi.shop\/wp-content\/uploads\/2026\/03\/masamune-bao-thu-tap-0-bia.webp\",\"contentUrl\":\"https:\/\/comiccandyz.azdigi.shop\/wp-content\/uploads\/2026\/03\/masamune-bao-thu-tap-0-bia.webp\",\"width\":739,\"height\":1024},{\"@type\":\"BreadcrumbList\",\"@id\":\"https:\/\/comiccandyz.azdigi.shop\/?product=truyen-tranh-masamune-bao-thu#breadcrumb\",\"itemListElement\":[{\"@type\":\"ListItem\",\"position\":1,\"name\":\"Home\",\"item\":\"https:\/\/comiccandyz.azdigi.shop\/\"},{\"@type\":\"ListItem\",\"position\":2,\"name\":\"Shop\",\"item\":\"https:\/\/comiccandyz.azdigi.shop\/?page_id=223\"},{\"@type\":\"ListItem\",\"position\":3,\"name\":\"Masamune B\u00e1o Th\u00f9\"}]},{\"@type\":\"WebSite\",\"@id\":\"https:\/\/comiccandyz.azdigi.shop\/#website\",\"url\":\"https:\/\/comiccandyz.azdigi.shop\/\",\"name\":\"ComicCandyz Shop\",\"description\":\"\",\"potentialAction\":[{\"@type\":\"SearchAction\",\"target\":{\"@type\":\"EntryPoint\",\"urlTemplate\":\"https:\/\/comiccandyz.azdigi.shop\/?s={search_term_string}\"},\"query-input\":{\"@type\":\"PropertyValueSpecification\",\"valueRequired\":true,\"valueName\":\"search_term_string\"}}],\"inLanguage\":\"vi\"}]}<\/script>\n<!-- \/ Yoast SEO plugin. -->","yoast_head_json":{"title":"Masamune B\u00e1o Th\u00f9 - ComicCandyz Shop","description":"Masamune B\u00e1o Th\u00f9 l\u00e0 b\u1ed9 truy\u1ec7n t\u00ecnh c\u1ea3m h\u00e0i h\u01b0\u1edbc \u0111\u00e3 ra m\u1eaft, m\u1eddi c\u00e1c b\u1ea1n \u0111\u00f3n \u0111\u1ecdc!! R\u1ea5t h\u00e2n h\u1ea1nh \u0111\u01b0\u1ee3c ph\u1ee5c v\u1ee5 qu\u00fd \u0111\u1ed9c gi\u1ea3 Masamune B\u00e1o Th\u00f9","robots":{"index":"index","follow":"follow","max-snippet":"max-snippet:-1","max-image-preview":"max-image-preview:large","max-video-preview":"max-video-preview:-1"},"canonical":"https:\/\/comiccandyz.azdigi.shop\/?product=truyen-tranh-masamune-bao-thu","og_locale":"vi_VN","og_type":"article","og_title":"Masamune B\u00e1o Th\u00f9 - ComicCandyz Shop","og_description":"Masamune B\u00e1o Th\u00f9 l\u00e0 b\u1ed9 truy\u1ec7n t\u00ecnh c\u1ea3m h\u00e0i h\u01b0\u1edbc \u0111\u00e3 ra m\u1eaft, m\u1eddi c\u00e1c b\u1ea1n \u0111\u00f3n \u0111\u1ecdc!! R\u1ea5t h\u00e2n h\u1ea1nh \u0111\u01b0\u1ee3c ph\u1ee5c v\u1ee5 qu\u00fd \u0111\u1ed9c gi\u1ea3 Masamune B\u00e1o Th\u00f9","og_url":"https:\/\/comiccandyz.azdigi.shop\/?product=truyen-tranh-masamune-bao-thu","og_site_name":"ComicCandyz Shop","article_modified_time":"2026-04-17T09:41:51+00:00","og_image":[{"width":739,"height":1024,"url":"https:\/\/comiccandyz.azdigi.shop\/wp-content\/uploads\/2026\/03\/masamune-bao-thu-tap-0-bia.webp","type":"image\/webp"}],"twitter_card":"summary_large_image","twitter_misc":{"\u01af\u1edbc t\u00ednh th\u1eddi gian \u0111\u1ecdc":"2 ph\u00fat"},"schema":{"@context":"https:\/\/schema.org","@graph":[{"@type":"WebPage","@id":"https:\/\/comiccandyz.azdigi.shop\/?product=truyen-tranh-masamune-bao-thu","url":"https:\/\/comiccandyz.azdigi.shop\/?product=truyen-tranh-masamune-bao-thu","name":"Masamune B\u00e1o Th\u00f9 - ComicCandyz Shop","isPartOf":{"@id":"https:\/\/comiccandyz.azdigi.shop\/#website"},"primaryImageOfPage":{"@id":"https:\/\/comiccandyz.azdigi.shop\/?product=truyen-tranh-masamune-bao-thu#primaryimage"},"image":{"@id":"https:\/\/comiccandyz.azdigi.shop\/?product=truyen-tranh-masamune-bao-thu#primaryimage"},"thumbnailUrl":"https:\/\/comiccandyz.azdigi.shop\/wp-content\/uploads\/2026\/03\/masamune-bao-thu-tap-0-bia.webp","datePublished":"2026-04-16T15:41:47+00:00","dateModified":"2026-04-17T09:41:51+00:00","description":"Masamune B\u00e1o Th\u00f9 l\u00e0 b\u1ed9 truy\u1ec7n t\u00ecnh c\u1ea3m h\u00e0i h\u01b0\u1edbc \u0111\u00e3 ra m\u1eaft, m\u1eddi c\u00e1c b\u1ea1n \u0111\u00f3n \u0111\u1ecdc!! R\u1ea5t h\u00e2n h\u1ea1nh \u0111\u01b0\u1ee3c ph\u1ee5c v\u1ee5 qu\u00fd \u0111\u1ed9c gi\u1ea3 Masamune B\u00e1o Th\u00f9","breadcrumb":{"@id":"https:\/\/comiccandyz.azdigi.shop\/?product=truyen-tranh-masamune-bao-thu#breadcrumb"},"inLanguage":"vi","potentialAction":[{"@type":"ReadAction","target":["https:\/\/comiccandyz.azdigi.shop\/?product=truyen-tranh-masamune-bao-thu"]}]},{"@type":"ImageObject","inLanguage":"vi","@id":"https:\/\/comiccandyz.azdigi.shop\/?product=truyen-tranh-masamune-bao-thu#primaryimage","url":"https:\/\/comiccandyz.azdigi.shop\/wp-content\/uploads\/2026\/03\/masamune-bao-thu-tap-0-bia.webp","contentUrl":"https:\/\/comiccandyz.azdigi.shop\/wp-content\/uploads\/2026\/03\/masamune-bao-thu-tap-0-bia.webp","width":739,"height":1024},{"@type":"BreadcrumbList","@id":"https:\/\/comiccandyz.azdigi.shop\/?product=truyen-tranh-masamune-bao-thu#breadcrumb","itemListElement":[{"@type":"ListItem","position":1,"name":"Home","item":"https:\/\/comiccandyz.azdigi.shop\/"},{"@type":"ListItem","position":2,"name":"Shop","item":"https:\/\/comiccandyz.azdigi.shop\/?page_id=223"},{"@type":"ListItem","position":3,"name":"Masamune B\u00e1o Th\u00f9"}]},{"@type":"WebSite","@id":"https:\/\/comiccandyz.azdigi.shop\/#website","url":"https:\/\/comiccandyz.azdigi.shop\/","name":"ComicCandyz Shop","description":"","potentialAction":[{"@type":"SearchAction","target":{"@type":"EntryPoint","urlTemplate":"https:\/\/comiccandyz.azdigi.shop\/?s={search_term_string}"},"query-input":{"@type":"PropertyValueSpecification","valueRequired":true,"valueName":"search_term_string"}}],"inLanguage":"vi"}]}},"_links":{"self":[{"href":"https:\/\/comiccandyz.azdigi.shop\/index.php?rest_route=\/wp\/v2\/product\/307","targetHints":{"allow":["GET"]}}],"collection":[{"href":"https:\/\/comiccandyz.azdigi.shop\/index.php?rest_route=\/wp\/v2\/product"}],"about":[{"href":"https:\/\/comiccandyz.azdigi.shop\/index.php?rest_route=\/wp\/v2\/types\/product"}],"replies":[{"embeddable":true,"href":"https:\/\/comiccandyz.azdigi.shop\/index.php?rest_route=%2Fwp%2Fv2%2Fcomments&post=307"}],"wp:featuredmedia":[{"embeddable":true,"href":"https:\/\/comiccandyz.azdigi.shop\/index.php?rest_route=\/wp\/v2\/media\/203"}],"wp:attachment":[{"href":"https:\/\/comiccandyz.azdigi.shop\/index.php?rest_route=%2Fwp%2Fv2%2Fmedia&parent=307"}],"wp:term":[{"taxonomy":"product_brand","embeddable":true,"href":"https:\/\/comiccandyz.azdigi.shop\/index.php?rest_route=%2Fwp%2Fv2%2Fproduct_brand&post=307"},{"taxonomy":"product_cat","embeddable":true,"href":"https:\/\/comiccandyz.azdigi.shop\/index.php?rest_route=%2Fwp%2Fv2%2Fproduct_cat&post=307"},{"taxonomy":"product_tag","embeddable":true,"href":"https:\/\/comiccandyz.azdigi.shop\/index.php?rest_route=%2Fwp%2Fv2%2Fproduct_tag&post=307"}],"curies":[{"name":"wp","href":"https:\/\/api.w.org\/{rel}","templated":true}]}}