{"id":312,"date":"2026-04-16T16:07:53","date_gmt":"2026-04-16T16:07:53","guid":{"rendered":"https:\/\/comiccandyz.azdigi.shop\/?post_type=product&#038;p=312"},"modified":"2026-04-17T09:34:09","modified_gmt":"2026-04-17T09:34:09","slug":"em-be-va-toi","status":"publish","type":"product","link":"https:\/\/comiccandyz.azdigi.shop\/?product=em-be-va-toi","title":{"rendered":"Em b\u00e9 v\u00e0 T\u00f4i"},"content":{"rendered":"<p>ComicCandyz Shop xin h\u00e2n h\u1ea1nh gi\u1edbi thi\u1ec7u b\u1ed9 truy\u1ec7n tranh Em B\u00e9 V\u00e0 T\u00f4i!<\/p>\n<ul>\n<li>M\u00e3 Kim \u0110\u1ed3ng:\u00a0<span class=\"bold variant-sku\"><strong>5252219080001<\/strong><\/span><\/li>\n<li>T\u00e1c gi\u1ea3:\u00a0<a href=\"https:\/\/nxbkimdong.com.vn\/collections\/marimo-ragawa\">Marimo Ragawa<\/a><\/li>\n<li>\u0110\u1ed1i t\u01b0\u1ee3ng:\u00a0<a href=\"https:\/\/nxbkimdong.com.vn\/collections\/thieu-nien-11-15\">Thi\u1ebfu ni\u00ean (11 \u2013 15)<\/a><br \/>\n<a href=\"https:\/\/nxbkimdong.com.vn\/collections\/tuoi-moi-lon-15-18\">Tu\u1ed5i m\u1edbi l\u1edbn (15 \u2013 18)<\/a><\/li>\n<li>Khu\u00f4n Kh\u1ed5: 13&#215;18 cm<\/li>\n<li>S\u1ed1 trang: 360<\/li>\n<li>\u0110\u1ecbnh d\u1ea1ng: b\u00eca m\u1ec1m<\/li>\n<li>Tr\u1ecdng l\u01b0\u1ee3ng: 375 gram<\/li>\n<li>B\u1ed9 s\u00e1ch:\u00a0<a href=\"https:\/\/nxbkimdong.com.vn\/collections\/em-be-va-toi\">Em b\u00e9 v\u00e0 t\u00f4i<\/a><\/li>\n<\/ul>\n<p>L\u0169 tr\u1ebb nh\u00e0 Enoki kh\u00f4ng c\u00f2n m\u1eb9. Gia \u0111\u00ecnh h\u1ecd gi\u1edd ch\u1ec9 c\u00f3 ba ng\u01b0\u1eddi l\u00e0 b\u1ed1, c\u1eadu b\u00e9 Takuya h\u1ecdc ti\u1ec3u h\u1ecdc v\u00e0 em Minoru! D\u00f9 b\u1ed1 \u0111\u00e3 c\u1ed1 g\u1eafng th\u1ebf n\u00e0o th\u00ec r\u1ed1t cu\u1ed9c, h\u1ecd v\u1eabn ph\u1ea3i th\u1ed1ng nh\u1ea5t r\u1eb1ng Takuya s\u1ebd tr\u00f4ng em v\u00ec c\u1eadu \u1edf nh\u00e0 nhi\u1ec1u h\u01a1n b\u1ed1. Nh\u01b0ng \u0111\u1ee9a tr\u1ebb 2 tu\u1ed5i \u0111\u1ea7y b\u01b0\u1edbng b\u1ec9nh \u1ea5y l\u1ea1i l\u00e0 m\u1ed9t th\u1eb1ng b\u00e9 nh\u00f5ng nh\u1ebdo, hay kh\u00f3c nh\u00e8. Trong khi \u0111\u00f3, Takuya m\u1edbi ch\u1ec9 h\u1ecdc l\u1edbp 5. C\u1eadu c\u00f2n mu\u1ed1n \u0111\u01b0\u1ee3c ch\u01a1i c\u00f9ng c\u00e1c b\u1ea1n, v\u00e0 th\u1ef1c l\u00f2ng m\u00e0 n\u00f3i, vi\u1ec7c ch\u0103m s\u00f3c em Minoru c\u0169ng qu\u00e1 phi\u1ec1n h\u00e0&#8230; Takuya ph\u1ea3i l\u00e0m m\u1ecdi vi\u1ec7c t\u1eeb d\u1ecdn d\u1eb9p t\u1edbi gi\u1eb7t \u0111\u1ed3, v\u00e0 c\u1ea3 \u0111i ch\u1ee3 n\u1eefa. \u0110\u00e3 v\u1eady c\u00f2n l\u00e0m b\u00e0i t\u1eadp v\u1ec1 nh\u00e0&#8230;<\/p>\n<p>\u0110\u00e2y kh\u00f4ng ch\u1ec9 l\u00e0 c\u00e2u chuy\u1ec7n c\u1ee7a m\u1ea5t m\u00e1t, m\u00e0 c\u00f2n l\u00e0 h\u00e0nh tr\u00ecnh ti\u1ebfp t\u1ee5c y\u00eau th\u01b0\u01a1ng sau m\u1ea5t m\u00e1t \u2013 m\u1ed9t c\u00e2u chuy\u1ec7n khi\u1ebfn ng\u01b0\u1eddi ta tin r\u1eb1ng: Khi tr\u00e1i tim c\u00f2n \u0111ong \u0111\u1ea7y y\u00eau th\u01b0\u01a1ng, th\u00ec h\u01a1i \u1ea5m s\u1ebd ch\u1eb3ng bao gi\u1edd t\u1eaft.<\/p>\n<p>EM B\u00c9 V\u00c0 T\u00d4I \u2013 b\u1ed9 manga t\u1eebng khi\u1ebfn c\u00e1c fan manga r\u01a1i n\u01b0\u1edbc m\u1eaft \u2013 gi\u1edd \u0111\u00e2y \u0111\u00e3 tr\u1edf l\u1ea1i trong di\u1ec7n m\u1ea1o ho\u00e0n to\u00e0n m\u1edbi: \u1ea5n b\u1ea3n Aizoban s\u01b0u t\u1eadp \u2013 kh\u1ed5 l\u1edbn 13x18cm, gi\u1ea5y BB ch\u1ea5t l\u01b0\u1ee3ng cao, b\u00eca c\u00e1n m\u1edd in nh\u0169 ch\u00ecm sang x\u1ecbn, t\u1eb7ng k\u00e8m Special Cover cho 100% t\u1eadp s\u00e1ch! Tr\u1ecdn b\u1ed9 g\u1ed3m 9 t\u1eadp d\u00e0y ~360 trang\/t\u1eadp, k\u00e8m nhi\u1ec1u tranh m\u00e0u hi\u1ebfm g\u1eb7p!<\/p>\n","protected":false},"excerpt":{"rendered":"<p>ComicCandyz Shop xin h\u00e2n h\u1ea1nh gi\u1edbi thi\u1ec7u b\u1ed9 truy\u1ec7n tranh Em B\u00e9 V\u00e0 T\u00f4i! M\u00e3 Kim \u0110\u1ed3ng:\u00a05252219080001 T\u00e1c gi\u1ea3:\u00a0Marimo Ragawa \u0110\u1ed1i t\u01b0\u1ee3ng:\u00a0Thi\u1ebfu ni\u00ean (11 \u2013 15) Tu\u1ed5i m\u1edbi l\u1edbn (15 \u2013 18) Khu\u00f4n Kh\u1ed5: 13&#215;18 cm S\u1ed1 trang: 360 \u0110\u1ecbnh d\u1ea1ng: b\u00eca m\u1ec1m Tr\u1ecdng l\u01b0\u1ee3ng: 375 gram B\u1ed9 s\u00e1ch:\u00a0Em b\u00e9 v\u00e0 t\u00f4i L\u0169 tr\u1ebb nh\u00e0 [&#8230;]\n","protected":false},"featured_media":198,"comment_status":"open","ping_status":"closed","template":"","meta":[],"product_brand":[],"product_cat":[30],"product_tag":[],"class_list":{"0":"post-312","1":"product","2":"type-product","3":"status-publish","4":"has-post-thumbnail","6":"product_cat-manga-comic","8":"first","9":"instock","10":"sale","11":"shipping-taxable","12":"purchasable","13":"product-type-variable"},"yoast_head":"<!-- This site is optimized with the Yoast SEO plugin v27.1.1 - https:\/\/yoast.com\/product\/yoast-seo-wordpress\/ -->\n<title>Em b\u00e9 v\u00e0 T\u00f4i - ComicCandyz Shop<\/title>\n<meta name=\"description\" content=\"EM B\u00c9 V\u00c0 T\u00d4I \u2013 b\u1ed9 manga t\u1eebng khi\u1ebfn c\u00e1c fan manga r\u01a1i n\u01b0\u1edbc m\u1eaft \u2013 gi\u1edd \u0111\u00e2y \u0111\u00e3 tr\u1edf l\u1ea1i trong di\u1ec7n m\u1ea1o ho\u00e0n to\u00e0n m\u1edbi! Xin h\u00e2n h\u1ea1nh \u0111\u01b0\u1ee3c ph\u1ee5c v\u1ee5 qu\u00fd \u0111\u1ed9c gi\u1ea3\" \/>\n<meta name=\"robots\" content=\"index, follow, max-snippet:-1, max-image-preview:large, max-video-preview:-1\" \/>\n<link rel=\"canonical\" href=\"https:\/\/comiccandyz.azdigi.shop\/?product=em-be-va-toi\" \/>\n<meta property=\"og:locale\" content=\"vi_VN\" \/>\n<meta property=\"og:type\" content=\"article\" \/>\n<meta property=\"og:title\" content=\"Em b\u00e9 v\u00e0 T\u00f4i - ComicCandyz Shop\" \/>\n<meta property=\"og:description\" content=\"EM B\u00c9 V\u00c0 T\u00d4I \u2013 b\u1ed9 manga t\u1eebng khi\u1ebfn c\u00e1c fan manga r\u01a1i n\u01b0\u1edbc m\u1eaft \u2013 gi\u1edd \u0111\u00e2y \u0111\u00e3 tr\u1edf l\u1ea1i trong di\u1ec7n m\u1ea1o ho\u00e0n to\u00e0n m\u1edbi! Xin h\u00e2n h\u1ea1nh \u0111\u01b0\u1ee3c ph\u1ee5c v\u1ee5 qu\u00fd \u0111\u1ed9c gi\u1ea3\" \/>\n<meta property=\"og:url\" content=\"https:\/\/comiccandyz.azdigi.shop\/?product=em-be-va-toi\" \/>\n<meta property=\"og:site_name\" content=\"ComicCandyz Shop\" \/>\n<meta property=\"article:modified_time\" content=\"2026-04-17T09:34:09+00:00\" \/>\n<meta property=\"og:image\" content=\"https:\/\/comiccandyz.azdigi.shop\/wp-content\/uploads\/2026\/03\/em-be-va-toi-deluxe-tap-9-bia.webp\" \/>\n\t<meta property=\"og:image:width\" content=\"739\" \/>\n\t<meta property=\"og:image:height\" content=\"1024\" \/>\n\t<meta property=\"og:image:type\" content=\"image\/webp\" \/>\n<meta name=\"twitter:card\" content=\"summary_large_image\" \/>\n<meta name=\"twitter:label1\" content=\"\u01af\u1edbc t\u00ednh th\u1eddi gian \u0111\u1ecdc\" \/>\n\t<meta name=\"twitter:data1\" content=\"2 ph\u00fat\" \/>\n<script type=\"application\/ld+json\" class=\"yoast-schema-graph\">{\"@context\":\"https:\/\/schema.org\",\"@graph\":[{\"@type\":\"WebPage\",\"@id\":\"https:\/\/comiccandyz.azdigi.shop\/?product=em-be-va-toi\",\"url\":\"https:\/\/comiccandyz.azdigi.shop\/?product=em-be-va-toi\",\"name\":\"Em b\u00e9 v\u00e0 T\u00f4i - ComicCandyz Shop\",\"isPartOf\":{\"@id\":\"https:\/\/comiccandyz.azdigi.shop\/#website\"},\"primaryImageOfPage\":{\"@id\":\"https:\/\/comiccandyz.azdigi.shop\/?product=em-be-va-toi#primaryimage\"},\"image\":{\"@id\":\"https:\/\/comiccandyz.azdigi.shop\/?product=em-be-va-toi#primaryimage\"},\"thumbnailUrl\":\"https:\/\/comiccandyz.azdigi.shop\/wp-content\/uploads\/2026\/03\/em-be-va-toi-deluxe-tap-9-bia.webp\",\"datePublished\":\"2026-04-16T16:07:53+00:00\",\"dateModified\":\"2026-04-17T09:34:09+00:00\",\"description\":\"EM B\u00c9 V\u00c0 T\u00d4I \u2013 b\u1ed9 manga t\u1eebng khi\u1ebfn c\u00e1c fan manga r\u01a1i n\u01b0\u1edbc m\u1eaft \u2013 gi\u1edd \u0111\u00e2y \u0111\u00e3 tr\u1edf l\u1ea1i trong di\u1ec7n m\u1ea1o ho\u00e0n to\u00e0n m\u1edbi! Xin h\u00e2n h\u1ea1nh \u0111\u01b0\u1ee3c ph\u1ee5c v\u1ee5 qu\u00fd \u0111\u1ed9c gi\u1ea3\",\"breadcrumb\":{\"@id\":\"https:\/\/comiccandyz.azdigi.shop\/?product=em-be-va-toi#breadcrumb\"},\"inLanguage\":\"vi\",\"potentialAction\":[{\"@type\":\"ReadAction\",\"target\":[\"https:\/\/comiccandyz.azdigi.shop\/?product=em-be-va-toi\"]}]},{\"@type\":\"ImageObject\",\"inLanguage\":\"vi\",\"@id\":\"https:\/\/comiccandyz.azdigi.shop\/?product=em-be-va-toi#primaryimage\",\"url\":\"https:\/\/comiccandyz.azdigi.shop\/wp-content\/uploads\/2026\/03\/em-be-va-toi-deluxe-tap-9-bia.webp\",\"contentUrl\":\"https:\/\/comiccandyz.azdigi.shop\/wp-content\/uploads\/2026\/03\/em-be-va-toi-deluxe-tap-9-bia.webp\",\"width\":739,\"height\":1024},{\"@type\":\"BreadcrumbList\",\"@id\":\"https:\/\/comiccandyz.azdigi.shop\/?product=em-be-va-toi#breadcrumb\",\"itemListElement\":[{\"@type\":\"ListItem\",\"position\":1,\"name\":\"Home\",\"item\":\"https:\/\/comiccandyz.azdigi.shop\/\"},{\"@type\":\"ListItem\",\"position\":2,\"name\":\"Shop\",\"item\":\"https:\/\/comiccandyz.azdigi.shop\/?page_id=223\"},{\"@type\":\"ListItem\",\"position\":3,\"name\":\"Em b\u00e9 v\u00e0 T\u00f4i\"}]},{\"@type\":\"WebSite\",\"@id\":\"https:\/\/comiccandyz.azdigi.shop\/#website\",\"url\":\"https:\/\/comiccandyz.azdigi.shop\/\",\"name\":\"ComicCandyz Shop\",\"description\":\"\",\"potentialAction\":[{\"@type\":\"SearchAction\",\"target\":{\"@type\":\"EntryPoint\",\"urlTemplate\":\"https:\/\/comiccandyz.azdigi.shop\/?s={search_term_string}\"},\"query-input\":{\"@type\":\"PropertyValueSpecification\",\"valueRequired\":true,\"valueName\":\"search_term_string\"}}],\"inLanguage\":\"vi\"}]}<\/script>\n<!-- \/ Yoast SEO plugin. -->","yoast_head_json":{"title":"Em b\u00e9 v\u00e0 T\u00f4i - ComicCandyz Shop","description":"EM B\u00c9 V\u00c0 T\u00d4I \u2013 b\u1ed9 manga t\u1eebng khi\u1ebfn c\u00e1c fan manga r\u01a1i n\u01b0\u1edbc m\u1eaft \u2013 gi\u1edd \u0111\u00e2y \u0111\u00e3 tr\u1edf l\u1ea1i trong di\u1ec7n m\u1ea1o ho\u00e0n to\u00e0n m\u1edbi! Xin h\u00e2n h\u1ea1nh \u0111\u01b0\u1ee3c ph\u1ee5c v\u1ee5 qu\u00fd \u0111\u1ed9c gi\u1ea3","robots":{"index":"index","follow":"follow","max-snippet":"max-snippet:-1","max-image-preview":"max-image-preview:large","max-video-preview":"max-video-preview:-1"},"canonical":"https:\/\/comiccandyz.azdigi.shop\/?product=em-be-va-toi","og_locale":"vi_VN","og_type":"article","og_title":"Em b\u00e9 v\u00e0 T\u00f4i - ComicCandyz Shop","og_description":"EM B\u00c9 V\u00c0 T\u00d4I \u2013 b\u1ed9 manga t\u1eebng khi\u1ebfn c\u00e1c fan manga r\u01a1i n\u01b0\u1edbc m\u1eaft \u2013 gi\u1edd \u0111\u00e2y \u0111\u00e3 tr\u1edf l\u1ea1i trong di\u1ec7n m\u1ea1o ho\u00e0n to\u00e0n m\u1edbi! Xin h\u00e2n h\u1ea1nh \u0111\u01b0\u1ee3c ph\u1ee5c v\u1ee5 qu\u00fd \u0111\u1ed9c gi\u1ea3","og_url":"https:\/\/comiccandyz.azdigi.shop\/?product=em-be-va-toi","og_site_name":"ComicCandyz Shop","article_modified_time":"2026-04-17T09:34:09+00:00","og_image":[{"width":739,"height":1024,"url":"https:\/\/comiccandyz.azdigi.shop\/wp-content\/uploads\/2026\/03\/em-be-va-toi-deluxe-tap-9-bia.webp","type":"image\/webp"}],"twitter_card":"summary_large_image","twitter_misc":{"\u01af\u1edbc t\u00ednh th\u1eddi gian \u0111\u1ecdc":"2 ph\u00fat"},"schema":{"@context":"https:\/\/schema.org","@graph":[{"@type":"WebPage","@id":"https:\/\/comiccandyz.azdigi.shop\/?product=em-be-va-toi","url":"https:\/\/comiccandyz.azdigi.shop\/?product=em-be-va-toi","name":"Em b\u00e9 v\u00e0 T\u00f4i - ComicCandyz Shop","isPartOf":{"@id":"https:\/\/comiccandyz.azdigi.shop\/#website"},"primaryImageOfPage":{"@id":"https:\/\/comiccandyz.azdigi.shop\/?product=em-be-va-toi#primaryimage"},"image":{"@id":"https:\/\/comiccandyz.azdigi.shop\/?product=em-be-va-toi#primaryimage"},"thumbnailUrl":"https:\/\/comiccandyz.azdigi.shop\/wp-content\/uploads\/2026\/03\/em-be-va-toi-deluxe-tap-9-bia.webp","datePublished":"2026-04-16T16:07:53+00:00","dateModified":"2026-04-17T09:34:09+00:00","description":"EM B\u00c9 V\u00c0 T\u00d4I \u2013 b\u1ed9 manga t\u1eebng khi\u1ebfn c\u00e1c fan manga r\u01a1i n\u01b0\u1edbc m\u1eaft \u2013 gi\u1edd \u0111\u00e2y \u0111\u00e3 tr\u1edf l\u1ea1i trong di\u1ec7n m\u1ea1o ho\u00e0n to\u00e0n m\u1edbi! Xin h\u00e2n h\u1ea1nh \u0111\u01b0\u1ee3c ph\u1ee5c v\u1ee5 qu\u00fd \u0111\u1ed9c gi\u1ea3","breadcrumb":{"@id":"https:\/\/comiccandyz.azdigi.shop\/?product=em-be-va-toi#breadcrumb"},"inLanguage":"vi","potentialAction":[{"@type":"ReadAction","target":["https:\/\/comiccandyz.azdigi.shop\/?product=em-be-va-toi"]}]},{"@type":"ImageObject","inLanguage":"vi","@id":"https:\/\/comiccandyz.azdigi.shop\/?product=em-be-va-toi#primaryimage","url":"https:\/\/comiccandyz.azdigi.shop\/wp-content\/uploads\/2026\/03\/em-be-va-toi-deluxe-tap-9-bia.webp","contentUrl":"https:\/\/comiccandyz.azdigi.shop\/wp-content\/uploads\/2026\/03\/em-be-va-toi-deluxe-tap-9-bia.webp","width":739,"height":1024},{"@type":"BreadcrumbList","@id":"https:\/\/comiccandyz.azdigi.shop\/?product=em-be-va-toi#breadcrumb","itemListElement":[{"@type":"ListItem","position":1,"name":"Home","item":"https:\/\/comiccandyz.azdigi.shop\/"},{"@type":"ListItem","position":2,"name":"Shop","item":"https:\/\/comiccandyz.azdigi.shop\/?page_id=223"},{"@type":"ListItem","position":3,"name":"Em b\u00e9 v\u00e0 T\u00f4i"}]},{"@type":"WebSite","@id":"https:\/\/comiccandyz.azdigi.shop\/#website","url":"https:\/\/comiccandyz.azdigi.shop\/","name":"ComicCandyz Shop","description":"","potentialAction":[{"@type":"SearchAction","target":{"@type":"EntryPoint","urlTemplate":"https:\/\/comiccandyz.azdigi.shop\/?s={search_term_string}"},"query-input":{"@type":"PropertyValueSpecification","valueRequired":true,"valueName":"search_term_string"}}],"inLanguage":"vi"}]}},"_links":{"self":[{"href":"https:\/\/comiccandyz.azdigi.shop\/index.php?rest_route=\/wp\/v2\/product\/312","targetHints":{"allow":["GET"]}}],"collection":[{"href":"https:\/\/comiccandyz.azdigi.shop\/index.php?rest_route=\/wp\/v2\/product"}],"about":[{"href":"https:\/\/comiccandyz.azdigi.shop\/index.php?rest_route=\/wp\/v2\/types\/product"}],"replies":[{"embeddable":true,"href":"https:\/\/comiccandyz.azdigi.shop\/index.php?rest_route=%2Fwp%2Fv2%2Fcomments&post=312"}],"wp:featuredmedia":[{"embeddable":true,"href":"https:\/\/comiccandyz.azdigi.shop\/index.php?rest_route=\/wp\/v2\/media\/198"}],"wp:attachment":[{"href":"https:\/\/comiccandyz.azdigi.shop\/index.php?rest_route=%2Fwp%2Fv2%2Fmedia&parent=312"}],"wp:term":[{"taxonomy":"product_brand","embeddable":true,"href":"https:\/\/comiccandyz.azdigi.shop\/index.php?rest_route=%2Fwp%2Fv2%2Fproduct_brand&post=312"},{"taxonomy":"product_cat","embeddable":true,"href":"https:\/\/comiccandyz.azdigi.shop\/index.php?rest_route=%2Fwp%2Fv2%2Fproduct_cat&post=312"},{"taxonomy":"product_tag","embeddable":true,"href":"https:\/\/comiccandyz.azdigi.shop\/index.php?rest_route=%2Fwp%2Fv2%2Fproduct_tag&post=312"}],"curies":[{"name":"wp","href":"https:\/\/api.w.org\/{rel}","templated":true}]}}