{"id":318,"date":"2026-04-16T16:29:10","date_gmt":"2026-04-16T16:29:10","guid":{"rendered":"https:\/\/comiccandyz.azdigi.shop\/?post_type=product&#038;p=318"},"modified":"2026-04-17T09:22:02","modified_gmt":"2026-04-17T09:22:02","slug":"lam-hoa-diet-quy","status":"publish","type":"product","link":"https:\/\/comiccandyz.azdigi.shop\/?product=lam-hoa-diet-quy","title":{"rendered":"lam h\u1ecfa di\u1ec7t qu\u1ef7"},"content":{"rendered":"<p>ComicCandyz Shop xin h\u00e2n h\u1ea1nh gi\u1edbi thi\u1ec7u b\u1ed9 truy\u1ec7n tranh Lam H\u1ecfa Di\u1ec7t Qu\u1ef7!<\/p>\n<ul>\n<li>M\u00e3 Kim \u0110\u1ed3ng:\u00a0<span class=\"bold variant-sku\">5262205650029<\/span><\/li>\n<li>ISBN:\u00a0<strong>978-604-2-39815-2<\/strong><\/li>\n<li>T\u00e1c gi\u1ea3:\u00a0<a href=\"https:\/\/nxbkimdong.com.vn\/collections\/kazue-kato\">Kazue Kato<\/a><\/li>\n<li>\u0110\u1ed1i t\u01b0\u1ee3ng:\u00a0<a href=\"https:\/\/nxbkimdong.com.vn\/collections\/tuoi-moi-lon-15-18\">Tu\u1ed5i m\u1edbi l\u1edbn (15 \u2013 18)<\/a><\/li>\n<li>Khu\u00f4n Kh\u1ed5: 11.3&#215;17.6 cm<\/li>\n<li>S\u1ed1 trang: 218<\/li>\n<li>\u0110\u1ecbnh d\u1ea1ng: b\u00eca m\u1ec1m<\/li>\n<li>Tr\u1ecdng l\u01b0\u1ee3ng: 170 gram<\/li>\n<li>B\u1ed9 s\u00e1ch:\u00a0<a href=\"https:\/\/nxbkimdong.com.vn\/collections\/lam-hoa-diet-quy\">Lam h\u1ecfa di\u1ec7t qu\u1ef7<\/a><\/li>\n<\/ul>\n<p>\u0110\u1ed1i \u0111\u1ea7u v\u1edbi s\u1ee9c m\u1ea1nh tuy\u1ec7t \u0111\u1ed1i c\u1ee7a Satan, nh\u1eefng \u0111\u00f2n t\u1ea5n c\u00f4ng c\u1ee7a Rin g\u1ea7n nh\u01b0 ch\u1eb3ng l\u00e0m n\u00ean tr\u00f2 tr\u1ed1ng g\u00ec. Nh\u01b0ng ngay khi Lightning t\u1eadp k\u1ebft c\u00f9ng \u0111\u01a1n v\u1ecb tinh nhu\u1ec7 th\u00ec h\u1ecd \u0111\u00e3 t\u1ea1o ra \u0111\u01b0\u1ee3c \u0111\u00f2n t\u1ea5n c\u00f4ng hi\u1ec7u qu\u1ea3! Th\u1ebf c\u00f2n Yukio, ng\u01b0\u1eddi \u0111\u01b0\u1ee3c giao vi\u00ean \u0111\u1ea1n ph\u00e1o d\u1ee9t \u0111i\u1ec3m th\u00ec sao!? Trong t\u1eadp n\u00e0y c\u00f2n c\u00f3 ngo\u1ea1i truy\u1ec7n: \u201cCh\u0103m s\u00f3c Kuro\u201d, m\u1eddi c\u00e1c b\u1ea1n \u0111\u00f3n \u0111\u1ecdc nh\u00e9!!<\/p>\n","protected":false},"excerpt":{"rendered":"<p>ComicCandyz Shop xin h\u00e2n h\u1ea1nh gi\u1edbi thi\u1ec7u b\u1ed9 truy\u1ec7n tranh Lam H\u1ecfa Di\u1ec7t Qu\u1ef7! M\u00e3 Kim \u0110\u1ed3ng:\u00a05262205650029 ISBN:\u00a0978-604-2-39815-2 T\u00e1c gi\u1ea3:\u00a0Kazue Kato \u0110\u1ed1i t\u01b0\u1ee3ng:\u00a0Tu\u1ed5i m\u1edbi l\u1edbn (15 \u2013 18) Khu\u00f4n Kh\u1ed5: 11.3&#215;17.6 cm S\u1ed1 trang: 218 \u0110\u1ecbnh d\u1ea1ng: b\u00eca m\u1ec1m Tr\u1ecdng l\u01b0\u1ee3ng: 170 gram B\u1ed9 s\u00e1ch:\u00a0Lam h\u1ecfa di\u1ec7t qu\u1ef7 \u0110\u1ed1i \u0111\u1ea7u v\u1edbi s\u1ee9c m\u1ea1nh tuy\u1ec7t \u0111\u1ed1i [&#8230;]\n","protected":false},"featured_media":197,"comment_status":"open","ping_status":"closed","template":"","meta":[],"product_brand":[],"product_cat":[30],"product_tag":[],"class_list":{"0":"post-318","1":"product","2":"type-product","3":"status-publish","4":"has-post-thumbnail","6":"product_cat-manga-comic","8":"first","9":"instock","10":"sale","11":"shipping-taxable","12":"purchasable","13":"product-type-variable"},"yoast_head":"<!-- This site is optimized with the Yoast SEO plugin v27.1.1 - https:\/\/yoast.com\/product\/yoast-seo-wordpress\/ -->\n<title>lam h\u1ecfa di\u1ec7t qu\u1ef7 - ComicCandyz Shop<\/title>\n<meta name=\"description\" content=\"\u0110\u1ed1i \u0111\u1ea7u v\u1edbi s\u1ee9c m\u1ea1nh tuy\u1ec7t \u0111\u1ed1i c\u1ee7a Satan, nh\u1eefng \u0111\u00f2n t\u1ea5n c\u00f4ng c\u1ee7a Rin g\u1ea7n nh\u01b0 ch\u1eb3ng l\u00e0m n\u00ean tr\u00f2 tr\u1ed1ng g\u00ec. Lam H\u1ecfa Di\u1ec7t Qu\u1ef7!\" \/>\n<meta name=\"robots\" content=\"index, follow, max-snippet:-1, max-image-preview:large, max-video-preview:-1\" \/>\n<link rel=\"canonical\" href=\"https:\/\/comiccandyz.azdigi.shop\/?product=lam-hoa-diet-quy\" \/>\n<meta property=\"og:locale\" content=\"vi_VN\" \/>\n<meta property=\"og:type\" content=\"article\" \/>\n<meta property=\"og:title\" content=\"lam h\u1ecfa di\u1ec7t qu\u1ef7 - ComicCandyz Shop\" \/>\n<meta property=\"og:description\" content=\"\u0110\u1ed1i \u0111\u1ea7u v\u1edbi s\u1ee9c m\u1ea1nh tuy\u1ec7t \u0111\u1ed1i c\u1ee7a Satan, nh\u1eefng \u0111\u00f2n t\u1ea5n c\u00f4ng c\u1ee7a Rin g\u1ea7n nh\u01b0 ch\u1eb3ng l\u00e0m n\u00ean tr\u00f2 tr\u1ed1ng g\u00ec. Lam H\u1ecfa Di\u1ec7t Qu\u1ef7!\" \/>\n<meta property=\"og:url\" content=\"https:\/\/comiccandyz.azdigi.shop\/?product=lam-hoa-diet-quy\" \/>\n<meta property=\"og:site_name\" content=\"ComicCandyz Shop\" \/>\n<meta property=\"article:modified_time\" content=\"2026-04-17T09:22:02+00:00\" \/>\n<meta property=\"og:image\" content=\"https:\/\/comiccandyz.azdigi.shop\/wp-content\/uploads\/2026\/03\/a.webp\" \/>\n\t<meta property=\"og:image:width\" content=\"657\" \/>\n\t<meta property=\"og:image:height\" content=\"1024\" \/>\n\t<meta property=\"og:image:type\" content=\"image\/webp\" \/>\n<meta name=\"twitter:card\" content=\"summary_large_image\" \/>\n<meta name=\"twitter:label1\" content=\"\u01af\u1edbc t\u00ednh th\u1eddi gian \u0111\u1ecdc\" \/>\n\t<meta name=\"twitter:data1\" content=\"1 ph\u00fat\" \/>\n<script type=\"application\/ld+json\" class=\"yoast-schema-graph\">{\"@context\":\"https:\/\/schema.org\",\"@graph\":[{\"@type\":\"WebPage\",\"@id\":\"https:\/\/comiccandyz.azdigi.shop\/?product=lam-hoa-diet-quy\",\"url\":\"https:\/\/comiccandyz.azdigi.shop\/?product=lam-hoa-diet-quy\",\"name\":\"lam h\u1ecfa di\u1ec7t qu\u1ef7 - ComicCandyz Shop\",\"isPartOf\":{\"@id\":\"https:\/\/comiccandyz.azdigi.shop\/#website\"},\"primaryImageOfPage\":{\"@id\":\"https:\/\/comiccandyz.azdigi.shop\/?product=lam-hoa-diet-quy#primaryimage\"},\"image\":{\"@id\":\"https:\/\/comiccandyz.azdigi.shop\/?product=lam-hoa-diet-quy#primaryimage\"},\"thumbnailUrl\":\"https:\/\/comiccandyz.azdigi.shop\/wp-content\/uploads\/2026\/03\/a.webp\",\"datePublished\":\"2026-04-16T16:29:10+00:00\",\"dateModified\":\"2026-04-17T09:22:02+00:00\",\"description\":\"\u0110\u1ed1i \u0111\u1ea7u v\u1edbi s\u1ee9c m\u1ea1nh tuy\u1ec7t \u0111\u1ed1i c\u1ee7a Satan, nh\u1eefng \u0111\u00f2n t\u1ea5n c\u00f4ng c\u1ee7a Rin g\u1ea7n nh\u01b0 ch\u1eb3ng l\u00e0m n\u00ean tr\u00f2 tr\u1ed1ng g\u00ec. Lam H\u1ecfa Di\u1ec7t Qu\u1ef7!\",\"breadcrumb\":{\"@id\":\"https:\/\/comiccandyz.azdigi.shop\/?product=lam-hoa-diet-quy#breadcrumb\"},\"inLanguage\":\"vi\",\"potentialAction\":[{\"@type\":\"ReadAction\",\"target\":[\"https:\/\/comiccandyz.azdigi.shop\/?product=lam-hoa-diet-quy\"]}]},{\"@type\":\"ImageObject\",\"inLanguage\":\"vi\",\"@id\":\"https:\/\/comiccandyz.azdigi.shop\/?product=lam-hoa-diet-quy#primaryimage\",\"url\":\"https:\/\/comiccandyz.azdigi.shop\/wp-content\/uploads\/2026\/03\/a.webp\",\"contentUrl\":\"https:\/\/comiccandyz.azdigi.shop\/wp-content\/uploads\/2026\/03\/a.webp\",\"width\":657,\"height\":1024},{\"@type\":\"BreadcrumbList\",\"@id\":\"https:\/\/comiccandyz.azdigi.shop\/?product=lam-hoa-diet-quy#breadcrumb\",\"itemListElement\":[{\"@type\":\"ListItem\",\"position\":1,\"name\":\"Home\",\"item\":\"https:\/\/comiccandyz.azdigi.shop\/\"},{\"@type\":\"ListItem\",\"position\":2,\"name\":\"Shop\",\"item\":\"https:\/\/comiccandyz.azdigi.shop\/?page_id=223\"},{\"@type\":\"ListItem\",\"position\":3,\"name\":\"lam h\u1ecfa di\u1ec7t qu\u1ef7\"}]},{\"@type\":\"WebSite\",\"@id\":\"https:\/\/comiccandyz.azdigi.shop\/#website\",\"url\":\"https:\/\/comiccandyz.azdigi.shop\/\",\"name\":\"ComicCandyz Shop\",\"description\":\"\",\"potentialAction\":[{\"@type\":\"SearchAction\",\"target\":{\"@type\":\"EntryPoint\",\"urlTemplate\":\"https:\/\/comiccandyz.azdigi.shop\/?s={search_term_string}\"},\"query-input\":{\"@type\":\"PropertyValueSpecification\",\"valueRequired\":true,\"valueName\":\"search_term_string\"}}],\"inLanguage\":\"vi\"}]}<\/script>\n<!-- \/ Yoast SEO plugin. -->","yoast_head_json":{"title":"lam h\u1ecfa di\u1ec7t qu\u1ef7 - ComicCandyz Shop","description":"\u0110\u1ed1i \u0111\u1ea7u v\u1edbi s\u1ee9c m\u1ea1nh tuy\u1ec7t \u0111\u1ed1i c\u1ee7a Satan, nh\u1eefng \u0111\u00f2n t\u1ea5n c\u00f4ng c\u1ee7a Rin g\u1ea7n nh\u01b0 ch\u1eb3ng l\u00e0m n\u00ean tr\u00f2 tr\u1ed1ng g\u00ec. Lam H\u1ecfa Di\u1ec7t Qu\u1ef7!","robots":{"index":"index","follow":"follow","max-snippet":"max-snippet:-1","max-image-preview":"max-image-preview:large","max-video-preview":"max-video-preview:-1"},"canonical":"https:\/\/comiccandyz.azdigi.shop\/?product=lam-hoa-diet-quy","og_locale":"vi_VN","og_type":"article","og_title":"lam h\u1ecfa di\u1ec7t qu\u1ef7 - ComicCandyz Shop","og_description":"\u0110\u1ed1i \u0111\u1ea7u v\u1edbi s\u1ee9c m\u1ea1nh tuy\u1ec7t \u0111\u1ed1i c\u1ee7a Satan, nh\u1eefng \u0111\u00f2n t\u1ea5n c\u00f4ng c\u1ee7a Rin g\u1ea7n nh\u01b0 ch\u1eb3ng l\u00e0m n\u00ean tr\u00f2 tr\u1ed1ng g\u00ec. Lam H\u1ecfa Di\u1ec7t Qu\u1ef7!","og_url":"https:\/\/comiccandyz.azdigi.shop\/?product=lam-hoa-diet-quy","og_site_name":"ComicCandyz Shop","article_modified_time":"2026-04-17T09:22:02+00:00","og_image":[{"width":657,"height":1024,"url":"https:\/\/comiccandyz.azdigi.shop\/wp-content\/uploads\/2026\/03\/a.webp","type":"image\/webp"}],"twitter_card":"summary_large_image","twitter_misc":{"\u01af\u1edbc t\u00ednh th\u1eddi gian \u0111\u1ecdc":"1 ph\u00fat"},"schema":{"@context":"https:\/\/schema.org","@graph":[{"@type":"WebPage","@id":"https:\/\/comiccandyz.azdigi.shop\/?product=lam-hoa-diet-quy","url":"https:\/\/comiccandyz.azdigi.shop\/?product=lam-hoa-diet-quy","name":"lam h\u1ecfa di\u1ec7t qu\u1ef7 - ComicCandyz Shop","isPartOf":{"@id":"https:\/\/comiccandyz.azdigi.shop\/#website"},"primaryImageOfPage":{"@id":"https:\/\/comiccandyz.azdigi.shop\/?product=lam-hoa-diet-quy#primaryimage"},"image":{"@id":"https:\/\/comiccandyz.azdigi.shop\/?product=lam-hoa-diet-quy#primaryimage"},"thumbnailUrl":"https:\/\/comiccandyz.azdigi.shop\/wp-content\/uploads\/2026\/03\/a.webp","datePublished":"2026-04-16T16:29:10+00:00","dateModified":"2026-04-17T09:22:02+00:00","description":"\u0110\u1ed1i \u0111\u1ea7u v\u1edbi s\u1ee9c m\u1ea1nh tuy\u1ec7t \u0111\u1ed1i c\u1ee7a Satan, nh\u1eefng \u0111\u00f2n t\u1ea5n c\u00f4ng c\u1ee7a Rin g\u1ea7n nh\u01b0 ch\u1eb3ng l\u00e0m n\u00ean tr\u00f2 tr\u1ed1ng g\u00ec. Lam H\u1ecfa Di\u1ec7t Qu\u1ef7!","breadcrumb":{"@id":"https:\/\/comiccandyz.azdigi.shop\/?product=lam-hoa-diet-quy#breadcrumb"},"inLanguage":"vi","potentialAction":[{"@type":"ReadAction","target":["https:\/\/comiccandyz.azdigi.shop\/?product=lam-hoa-diet-quy"]}]},{"@type":"ImageObject","inLanguage":"vi","@id":"https:\/\/comiccandyz.azdigi.shop\/?product=lam-hoa-diet-quy#primaryimage","url":"https:\/\/comiccandyz.azdigi.shop\/wp-content\/uploads\/2026\/03\/a.webp","contentUrl":"https:\/\/comiccandyz.azdigi.shop\/wp-content\/uploads\/2026\/03\/a.webp","width":657,"height":1024},{"@type":"BreadcrumbList","@id":"https:\/\/comiccandyz.azdigi.shop\/?product=lam-hoa-diet-quy#breadcrumb","itemListElement":[{"@type":"ListItem","position":1,"name":"Home","item":"https:\/\/comiccandyz.azdigi.shop\/"},{"@type":"ListItem","position":2,"name":"Shop","item":"https:\/\/comiccandyz.azdigi.shop\/?page_id=223"},{"@type":"ListItem","position":3,"name":"lam h\u1ecfa di\u1ec7t qu\u1ef7"}]},{"@type":"WebSite","@id":"https:\/\/comiccandyz.azdigi.shop\/#website","url":"https:\/\/comiccandyz.azdigi.shop\/","name":"ComicCandyz Shop","description":"","potentialAction":[{"@type":"SearchAction","target":{"@type":"EntryPoint","urlTemplate":"https:\/\/comiccandyz.azdigi.shop\/?s={search_term_string}"},"query-input":{"@type":"PropertyValueSpecification","valueRequired":true,"valueName":"search_term_string"}}],"inLanguage":"vi"}]}},"_links":{"self":[{"href":"https:\/\/comiccandyz.azdigi.shop\/index.php?rest_route=\/wp\/v2\/product\/318","targetHints":{"allow":["GET"]}}],"collection":[{"href":"https:\/\/comiccandyz.azdigi.shop\/index.php?rest_route=\/wp\/v2\/product"}],"about":[{"href":"https:\/\/comiccandyz.azdigi.shop\/index.php?rest_route=\/wp\/v2\/types\/product"}],"replies":[{"embeddable":true,"href":"https:\/\/comiccandyz.azdigi.shop\/index.php?rest_route=%2Fwp%2Fv2%2Fcomments&post=318"}],"wp:featuredmedia":[{"embeddable":true,"href":"https:\/\/comiccandyz.azdigi.shop\/index.php?rest_route=\/wp\/v2\/media\/197"}],"wp:attachment":[{"href":"https:\/\/comiccandyz.azdigi.shop\/index.php?rest_route=%2Fwp%2Fv2%2Fmedia&parent=318"}],"wp:term":[{"taxonomy":"product_brand","embeddable":true,"href":"https:\/\/comiccandyz.azdigi.shop\/index.php?rest_route=%2Fwp%2Fv2%2Fproduct_brand&post=318"},{"taxonomy":"product_cat","embeddable":true,"href":"https:\/\/comiccandyz.azdigi.shop\/index.php?rest_route=%2Fwp%2Fv2%2Fproduct_cat&post=318"},{"taxonomy":"product_tag","embeddable":true,"href":"https:\/\/comiccandyz.azdigi.shop\/index.php?rest_route=%2Fwp%2Fv2%2Fproduct_tag&post=318"}],"curies":[{"name":"wp","href":"https:\/\/api.w.org\/{rel}","templated":true}]}}