{"id":326,"date":"2026-04-16T17:19:41","date_gmt":"2026-04-16T17:19:41","guid":{"rendered":"https:\/\/comiccandyz.azdigi.shop\/?post_type=product&#038;p=326"},"modified":"2026-04-17T11:14:42","modified_gmt":"2026-04-17T11:14:42","slug":"komi-nu-than-so-giao-tiep-tap6","status":"publish","type":"product","link":"https:\/\/comiccandyz.azdigi.shop\/?product=komi-nu-than-so-giao-tiep-tap6","title":{"rendered":"Komi &#8211; N\u1eef th\u1ea7n s\u1ee3 giao ti\u1ebfp &#8211; t\u1eadp 6"},"content":{"rendered":"<p>ComicCandyz Shop xin h\u00e2n h\u1ea1nh gi\u1edbi thi\u1ec7u b\u1ed9 truy\u1ec7n tranh Komi &#8211; N\u1eef th\u1ea7n s\u1ee3 giao ti\u1ebfp!!<\/p>\n<ul>\n<li>M\u00e3 Kim \u0110\u1ed3ng:\u00a0<span class=\"bold variant-sku\">5222214910011<\/span><\/li>\n<li>ISBN:\u00a0<strong>978-604-2-23675-1<\/strong><\/li>\n<li>T\u00e1c gi\u1ea3:\u00a0<a href=\"https:\/\/nxbkimdong.com.vn\/collections\/tomohito-oda\">Tomohito Oda<\/a><\/li>\n<li>\u0110\u1ed1i t\u01b0\u1ee3ng:\u00a0<a href=\"https:\/\/nxbkimdong.com.vn\/collections\/tuoi-moi-lon-15-18\">Tu\u1ed5i m\u1edbi l\u1edbn (15 \u2013 18)<\/a><\/li>\n<li>Khu\u00f4n Kh\u1ed5:\u00a011,3&#215;17,6 cm<\/li>\n<li>S\u1ed1 trang: 182<\/li>\n<li>\u0110\u1ecbnh d\u1ea1ng: b\u00eca m\u1ec1m<\/li>\n<li>Tr\u1ecdng l\u01b0\u1ee3ng: 150 gram<\/li>\n<li>B\u1ed9 s\u00e1ch:\u00a0<a href=\"https:\/\/nxbkimdong.com.vn\/collections\/komi-nu-than-so-giao-tiep\">Komi &#8211; N\u1eef th\u1ea7n s\u1ee3 giao ti\u1ebfp<\/a><\/li>\n<\/ul>\n<p>Komi \u0111i du l\u1ecbch v\u1edbi c\u1ea3 nh\u00e0 trong Tu\u1ea7n l\u1ec5 V\u00e0ng r\u1ed3i t\u00ecnh c\u1edd g\u1eb7p g\u1ee1 gia \u0111\u00ecnh Tadano c\u00f9ng Najimi v\u00e0 c\u00f3 m\u1ed9t kho\u1ea3ng th\u1eddi gian v\u00f4 c\u00f9ng vui v\u1ebb v\u1edbi m\u1ecdi ng\u01b0\u1eddi. Tadano c\u00f9ng Komi \u0111i d\u1ea1o d\u01b0\u1edbi b\u1ea7u tr\u1eddi \u0111\u1ea7y sao th\u00ec \u0111\u1ed9t nhi\u00ean m\u1ed9t c\u01a1n m\u01b0a \u1eadp \u0111\u1ebfn v\u00e0 ph\u1ea3i tr\u00fa t\u1ea1m trong c\u0103n nh\u00e0 nh\u1ecf n\u01a1i s\u01b0\u1eddn n\u00fai. C\u1ea3 hai c\u00f9ng chia s\u1ebb m\u1ed9t chi\u1ebfc ch\u0103n \u0111\u1ec3 kh\u00f4ng ai b\u1ecb l\u1ea1nh. S\u1ef1 \u00e2n c\u1ea7n ng\u1ea1i ng\u00f9ng v\u00e0 kh\u00f3 n\u00f3i th\u00e0nh l\u1eddi d\u1ea7n h\u00ecnh th\u00e0nh m\u1ed9t s\u1ee3i d\u00e2y g\u1eafn k\u1ebft gi\u1eefa hai ng\u01b0\u1eddi.<\/p>\n","protected":false},"excerpt":{"rendered":"<p>ComicCandyz Shop xin h\u00e2n h\u1ea1nh gi\u1edbi thi\u1ec7u b\u1ed9 truy\u1ec7n tranh Komi &#8211; N\u1eef th\u1ea7n s\u1ee3 giao ti\u1ebfp!! M\u00e3 Kim \u0110\u1ed3ng:\u00a05222214910011 ISBN:\u00a0978-604-2-23675-1 T\u00e1c gi\u1ea3:\u00a0Tomohito Oda \u0110\u1ed1i t\u01b0\u1ee3ng:\u00a0Tu\u1ed5i m\u1edbi l\u1edbn (15 \u2013 18) Khu\u00f4n Kh\u1ed5:\u00a011,3&#215;17,6 cm S\u1ed1 trang: 182 \u0110\u1ecbnh d\u1ea1ng: b\u00eca m\u1ec1m Tr\u1ecdng l\u01b0\u1ee3ng: 150 gram B\u1ed9 s\u00e1ch:\u00a0Komi &#8211; N\u1eef th\u1ea7n s\u1ee3 giao ti\u1ebfp Komi \u0111i [&#8230;]\n","protected":false},"featured_media":376,"comment_status":"open","ping_status":"closed","template":"","meta":[],"product_brand":[],"product_cat":[30],"product_tag":[],"class_list":{"0":"post-326","1":"product","2":"type-product","3":"status-publish","4":"has-post-thumbnail","6":"product_cat-manga-comic","8":"first","9":"instock","10":"sale","11":"shipping-taxable","12":"purchasable","13":"product-type-variable"},"yoast_head":"<!-- This site is optimized with the Yoast SEO plugin v27.1.1 - https:\/\/yoast.com\/product\/yoast-seo-wordpress\/ -->\n<title>Komi - N\u1eef th\u1ea7n s\u1ee3 giao ti\u1ebfp - t\u1eadp 6 - ComicCandyz Shop<\/title>\n<meta name=\"description\" content=\"ComicCandyz Shop xin h\u00e2n h\u1ea1nh gi\u1edbi thi\u1ec7u b\u1ed9 truy\u1ec7n tranh Komi - N\u1eef th\u1ea7n s\u1ee3 giao ti\u1ebfp!! - ComicCandyz Shop Komi - N\u1eef th\u1ea7n s\u1ee3 giao ti\u1ebfp - t\u1eadp 6\" \/>\n<meta name=\"robots\" content=\"index, follow, max-snippet:-1, max-image-preview:large, max-video-preview:-1\" \/>\n<link rel=\"canonical\" href=\"https:\/\/comiccandyz.azdigi.shop\/?product=komi-nu-than-so-giao-tiep-tap6\" \/>\n<meta property=\"og:locale\" content=\"vi_VN\" \/>\n<meta property=\"og:type\" content=\"article\" \/>\n<meta property=\"og:title\" content=\"Komi - N\u1eef th\u1ea7n s\u1ee3 giao ti\u1ebfp - t\u1eadp 6 - ComicCandyz Shop\" \/>\n<meta property=\"og:description\" content=\"ComicCandyz Shop xin h\u00e2n h\u1ea1nh gi\u1edbi thi\u1ec7u b\u1ed9 truy\u1ec7n tranh Komi - N\u1eef th\u1ea7n s\u1ee3 giao ti\u1ebfp!! - ComicCandyz Shop Komi - N\u1eef th\u1ea7n s\u1ee3 giao ti\u1ebfp - t\u1eadp 6\" \/>\n<meta property=\"og:url\" content=\"https:\/\/comiccandyz.azdigi.shop\/?product=komi-nu-than-so-giao-tiep-tap6\" \/>\n<meta property=\"og:site_name\" content=\"ComicCandyz Shop\" \/>\n<meta property=\"article:modified_time\" content=\"2026-04-17T11:14:42+00:00\" \/>\n<meta property=\"og:image\" content=\"https:\/\/comiccandyz.azdigi.shop\/wp-content\/uploads\/2026\/04\/6-309e4718cd1d46b5a2f8da43b5de2cc2.webp\" \/>\n\t<meta property=\"og:image:width\" content=\"657\" \/>\n\t<meta property=\"og:image:height\" content=\"1024\" \/>\n\t<meta property=\"og:image:type\" content=\"image\/webp\" \/>\n<meta name=\"twitter:card\" content=\"summary_large_image\" \/>\n<meta name=\"twitter:label1\" content=\"\u01af\u1edbc t\u00ednh th\u1eddi gian \u0111\u1ecdc\" \/>\n\t<meta name=\"twitter:data1\" content=\"2 ph\u00fat\" \/>\n<script type=\"application\/ld+json\" class=\"yoast-schema-graph\">{\"@context\":\"https:\/\/schema.org\",\"@graph\":[{\"@type\":\"WebPage\",\"@id\":\"https:\/\/comiccandyz.azdigi.shop\/?product=komi-nu-than-so-giao-tiep-tap6\",\"url\":\"https:\/\/comiccandyz.azdigi.shop\/?product=komi-nu-than-so-giao-tiep-tap6\",\"name\":\"Komi - N\u1eef th\u1ea7n s\u1ee3 giao ti\u1ebfp - t\u1eadp 6 - ComicCandyz Shop\",\"isPartOf\":{\"@id\":\"https:\/\/comiccandyz.azdigi.shop\/#website\"},\"primaryImageOfPage\":{\"@id\":\"https:\/\/comiccandyz.azdigi.shop\/?product=komi-nu-than-so-giao-tiep-tap6#primaryimage\"},\"image\":{\"@id\":\"https:\/\/comiccandyz.azdigi.shop\/?product=komi-nu-than-so-giao-tiep-tap6#primaryimage\"},\"thumbnailUrl\":\"https:\/\/comiccandyz.azdigi.shop\/wp-content\/uploads\/2026\/04\/6-309e4718cd1d46b5a2f8da43b5de2cc2.webp\",\"datePublished\":\"2026-04-16T17:19:41+00:00\",\"dateModified\":\"2026-04-17T11:14:42+00:00\",\"description\":\"ComicCandyz Shop xin h\u00e2n h\u1ea1nh gi\u1edbi thi\u1ec7u b\u1ed9 truy\u1ec7n tranh Komi - N\u1eef th\u1ea7n s\u1ee3 giao ti\u1ebfp!! - ComicCandyz Shop Komi - N\u1eef th\u1ea7n s\u1ee3 giao ti\u1ebfp - t\u1eadp 6\",\"breadcrumb\":{\"@id\":\"https:\/\/comiccandyz.azdigi.shop\/?product=komi-nu-than-so-giao-tiep-tap6#breadcrumb\"},\"inLanguage\":\"vi\",\"potentialAction\":[{\"@type\":\"ReadAction\",\"target\":[\"https:\/\/comiccandyz.azdigi.shop\/?product=komi-nu-than-so-giao-tiep-tap6\"]}]},{\"@type\":\"ImageObject\",\"inLanguage\":\"vi\",\"@id\":\"https:\/\/comiccandyz.azdigi.shop\/?product=komi-nu-than-so-giao-tiep-tap6#primaryimage\",\"url\":\"https:\/\/comiccandyz.azdigi.shop\/wp-content\/uploads\/2026\/04\/6-309e4718cd1d46b5a2f8da43b5de2cc2.webp\",\"contentUrl\":\"https:\/\/comiccandyz.azdigi.shop\/wp-content\/uploads\/2026\/04\/6-309e4718cd1d46b5a2f8da43b5de2cc2.webp\",\"width\":657,\"height\":1024},{\"@type\":\"BreadcrumbList\",\"@id\":\"https:\/\/comiccandyz.azdigi.shop\/?product=komi-nu-than-so-giao-tiep-tap6#breadcrumb\",\"itemListElement\":[{\"@type\":\"ListItem\",\"position\":1,\"name\":\"Home\",\"item\":\"https:\/\/comiccandyz.azdigi.shop\/\"},{\"@type\":\"ListItem\",\"position\":2,\"name\":\"Shop\",\"item\":\"https:\/\/comiccandyz.azdigi.shop\/?page_id=223\"},{\"@type\":\"ListItem\",\"position\":3,\"name\":\"Komi &#8211; N\u1eef th\u1ea7n s\u1ee3 giao ti\u1ebfp &#8211; t\u1eadp 6\"}]},{\"@type\":\"WebSite\",\"@id\":\"https:\/\/comiccandyz.azdigi.shop\/#website\",\"url\":\"https:\/\/comiccandyz.azdigi.shop\/\",\"name\":\"ComicCandyz Shop\",\"description\":\"\",\"potentialAction\":[{\"@type\":\"SearchAction\",\"target\":{\"@type\":\"EntryPoint\",\"urlTemplate\":\"https:\/\/comiccandyz.azdigi.shop\/?s={search_term_string}\"},\"query-input\":{\"@type\":\"PropertyValueSpecification\",\"valueRequired\":true,\"valueName\":\"search_term_string\"}}],\"inLanguage\":\"vi\"}]}<\/script>\n<!-- \/ Yoast SEO plugin. -->","yoast_head_json":{"title":"Komi - N\u1eef th\u1ea7n s\u1ee3 giao ti\u1ebfp - t\u1eadp 6 - ComicCandyz Shop","description":"ComicCandyz Shop xin h\u00e2n h\u1ea1nh gi\u1edbi thi\u1ec7u b\u1ed9 truy\u1ec7n tranh Komi - N\u1eef th\u1ea7n s\u1ee3 giao ti\u1ebfp!! - ComicCandyz Shop Komi - N\u1eef th\u1ea7n s\u1ee3 giao ti\u1ebfp - t\u1eadp 6","robots":{"index":"index","follow":"follow","max-snippet":"max-snippet:-1","max-image-preview":"max-image-preview:large","max-video-preview":"max-video-preview:-1"},"canonical":"https:\/\/comiccandyz.azdigi.shop\/?product=komi-nu-than-so-giao-tiep-tap6","og_locale":"vi_VN","og_type":"article","og_title":"Komi - N\u1eef th\u1ea7n s\u1ee3 giao ti\u1ebfp - t\u1eadp 6 - ComicCandyz Shop","og_description":"ComicCandyz Shop xin h\u00e2n h\u1ea1nh gi\u1edbi thi\u1ec7u b\u1ed9 truy\u1ec7n tranh Komi - N\u1eef th\u1ea7n s\u1ee3 giao ti\u1ebfp!! - ComicCandyz Shop Komi - N\u1eef th\u1ea7n s\u1ee3 giao ti\u1ebfp - t\u1eadp 6","og_url":"https:\/\/comiccandyz.azdigi.shop\/?product=komi-nu-than-so-giao-tiep-tap6","og_site_name":"ComicCandyz Shop","article_modified_time":"2026-04-17T11:14:42+00:00","og_image":[{"width":657,"height":1024,"url":"https:\/\/comiccandyz.azdigi.shop\/wp-content\/uploads\/2026\/04\/6-309e4718cd1d46b5a2f8da43b5de2cc2.webp","type":"image\/webp"}],"twitter_card":"summary_large_image","twitter_misc":{"\u01af\u1edbc t\u00ednh th\u1eddi gian \u0111\u1ecdc":"2 ph\u00fat"},"schema":{"@context":"https:\/\/schema.org","@graph":[{"@type":"WebPage","@id":"https:\/\/comiccandyz.azdigi.shop\/?product=komi-nu-than-so-giao-tiep-tap6","url":"https:\/\/comiccandyz.azdigi.shop\/?product=komi-nu-than-so-giao-tiep-tap6","name":"Komi - N\u1eef th\u1ea7n s\u1ee3 giao ti\u1ebfp - t\u1eadp 6 - ComicCandyz Shop","isPartOf":{"@id":"https:\/\/comiccandyz.azdigi.shop\/#website"},"primaryImageOfPage":{"@id":"https:\/\/comiccandyz.azdigi.shop\/?product=komi-nu-than-so-giao-tiep-tap6#primaryimage"},"image":{"@id":"https:\/\/comiccandyz.azdigi.shop\/?product=komi-nu-than-so-giao-tiep-tap6#primaryimage"},"thumbnailUrl":"https:\/\/comiccandyz.azdigi.shop\/wp-content\/uploads\/2026\/04\/6-309e4718cd1d46b5a2f8da43b5de2cc2.webp","datePublished":"2026-04-16T17:19:41+00:00","dateModified":"2026-04-17T11:14:42+00:00","description":"ComicCandyz Shop xin h\u00e2n h\u1ea1nh gi\u1edbi thi\u1ec7u b\u1ed9 truy\u1ec7n tranh Komi - N\u1eef th\u1ea7n s\u1ee3 giao ti\u1ebfp!! - ComicCandyz Shop Komi - N\u1eef th\u1ea7n s\u1ee3 giao ti\u1ebfp - t\u1eadp 6","breadcrumb":{"@id":"https:\/\/comiccandyz.azdigi.shop\/?product=komi-nu-than-so-giao-tiep-tap6#breadcrumb"},"inLanguage":"vi","potentialAction":[{"@type":"ReadAction","target":["https:\/\/comiccandyz.azdigi.shop\/?product=komi-nu-than-so-giao-tiep-tap6"]}]},{"@type":"ImageObject","inLanguage":"vi","@id":"https:\/\/comiccandyz.azdigi.shop\/?product=komi-nu-than-so-giao-tiep-tap6#primaryimage","url":"https:\/\/comiccandyz.azdigi.shop\/wp-content\/uploads\/2026\/04\/6-309e4718cd1d46b5a2f8da43b5de2cc2.webp","contentUrl":"https:\/\/comiccandyz.azdigi.shop\/wp-content\/uploads\/2026\/04\/6-309e4718cd1d46b5a2f8da43b5de2cc2.webp","width":657,"height":1024},{"@type":"BreadcrumbList","@id":"https:\/\/comiccandyz.azdigi.shop\/?product=komi-nu-than-so-giao-tiep-tap6#breadcrumb","itemListElement":[{"@type":"ListItem","position":1,"name":"Home","item":"https:\/\/comiccandyz.azdigi.shop\/"},{"@type":"ListItem","position":2,"name":"Shop","item":"https:\/\/comiccandyz.azdigi.shop\/?page_id=223"},{"@type":"ListItem","position":3,"name":"Komi &#8211; N\u1eef th\u1ea7n s\u1ee3 giao ti\u1ebfp &#8211; t\u1eadp 6"}]},{"@type":"WebSite","@id":"https:\/\/comiccandyz.azdigi.shop\/#website","url":"https:\/\/comiccandyz.azdigi.shop\/","name":"ComicCandyz Shop","description":"","potentialAction":[{"@type":"SearchAction","target":{"@type":"EntryPoint","urlTemplate":"https:\/\/comiccandyz.azdigi.shop\/?s={search_term_string}"},"query-input":{"@type":"PropertyValueSpecification","valueRequired":true,"valueName":"search_term_string"}}],"inLanguage":"vi"}]}},"_links":{"self":[{"href":"https:\/\/comiccandyz.azdigi.shop\/index.php?rest_route=\/wp\/v2\/product\/326","targetHints":{"allow":["GET"]}}],"collection":[{"href":"https:\/\/comiccandyz.azdigi.shop\/index.php?rest_route=\/wp\/v2\/product"}],"about":[{"href":"https:\/\/comiccandyz.azdigi.shop\/index.php?rest_route=\/wp\/v2\/types\/product"}],"replies":[{"embeddable":true,"href":"https:\/\/comiccandyz.azdigi.shop\/index.php?rest_route=%2Fwp%2Fv2%2Fcomments&post=326"}],"wp:featuredmedia":[{"embeddable":true,"href":"https:\/\/comiccandyz.azdigi.shop\/index.php?rest_route=\/wp\/v2\/media\/376"}],"wp:attachment":[{"href":"https:\/\/comiccandyz.azdigi.shop\/index.php?rest_route=%2Fwp%2Fv2%2Fmedia&parent=326"}],"wp:term":[{"taxonomy":"product_brand","embeddable":true,"href":"https:\/\/comiccandyz.azdigi.shop\/index.php?rest_route=%2Fwp%2Fv2%2Fproduct_brand&post=326"},{"taxonomy":"product_cat","embeddable":true,"href":"https:\/\/comiccandyz.azdigi.shop\/index.php?rest_route=%2Fwp%2Fv2%2Fproduct_cat&post=326"},{"taxonomy":"product_tag","embeddable":true,"href":"https:\/\/comiccandyz.azdigi.shop\/index.php?rest_route=%2Fwp%2Fv2%2Fproduct_tag&post=326"}],"curies":[{"name":"wp","href":"https:\/\/api.w.org\/{rel}","templated":true}]}}