{"id":331,"date":"2026-04-16T17:44:41","date_gmt":"2026-04-16T17:44:41","guid":{"rendered":"https:\/\/comiccandyz.azdigi.shop\/?post_type=product&#038;p=331"},"modified":"2026-04-17T08:12:42","modified_gmt":"2026-04-17T08:12:42","slug":"khuc-hat-dem-thau-tap1","status":"publish","type":"product","link":"https:\/\/comiccandyz.azdigi.shop\/?product=khuc-hat-dem-thau-tap1","title":{"rendered":"Kh\u00fac h\u00e1t \u0111\u00eam th\u00e2u &#8211; T\u1eadp 1"},"content":{"rendered":"<p>ComicCandyz Shop xin h\u00e2n h\u1ea1nh gi\u1edbi thi\u1ec7u b\u1ed9 truy\u1ec7n tranh Kh\u00fac H\u00e1t \u0110\u00eam Th\u00e2u!<\/p>\n<ul>\n<li>M\u00e3 Kim \u0110\u1ed3ng:\u00a0<span class=\"bold variant-sku\"><strong>5262220020001<\/strong><\/span><\/li>\n<li>ISBN:<strong>\u00a0978-604-2-39866-4<\/strong><\/li>\n<li>T\u00e1c gi\u1ea3:\u00a0<a href=\"https:\/\/nxbkimdong.com.vn\/kotoyama\">Kotoyama<\/a><\/li>\n<li>\u0110\u1ed1i t\u01b0\u1ee3ng:\u00a0<a href=\"https:\/\/nxbkimdong.com.vn\/collections\/tuoi-truong-thanh-tren-18-tuoi\">Tu\u1ed5i tr\u01b0\u1edfng th\u00e0nh (tr\u00ean 18 tu\u1ed5i)<\/a><\/li>\n<li>Khu\u00f4n Kh\u1ed5: 11,3&#215;17,6 cm<\/li>\n<li>S\u1ed1 trang:\u00a0192<\/li>\n<li>\u0110\u1ecbnh d\u1ea1ng: b\u00eca m\u1ec1m<\/li>\n<li>Tr\u1ecdng l\u01b0\u1ee3ng: 185 gram<\/li>\n<li>B\u1ed9 s\u00e1ch:\u00a0<a href=\"https:\/\/nxbkimdong.com.vn\/khuc-hat-dem-thau\">Kh\u00fac h\u00e1t \u0111\u00eam th\u00e2u<\/a><\/li>\n<\/ul>\n<p>Trong m\u1ed9t \u0111\u00eam lang thang ngo\u00e0i ph\u1ed1, Yamori Ko, c\u1eadu h\u1ecdc sinh l\u1edbp 8 m\u1eafc ch\u1ee9ng m\u1ea5t ng\u1ee7 b\u1ea5t ng\u1edd ch\u1ea1m tr\u00e1n Nanakusa Nazuna &#8211; c\u00f4 n\u00e0ng Vampire b\u00ed \u1ea9n \u0111ang t\u00ecm ki\u1ebfm \u201ccon m\u1ed3i\u201d. Cu\u1ed9c g\u1eb7p m\u1edf ra tr\u01b0\u1edbc Ko m\u1ed9t th\u1ebf gi\u1edbi ho\u00e0n to\u00e0n kh\u00e1c, n\u01a1i m\u1ecdi r\u00e0ng bu\u1ed9c d\u01b0\u1eddng nh\u01b0 tan bi\u1ebfn tr\u01b0\u1edbc nh\u1ecbp \u0111i\u1ec7u ph\u00f3ng kho\u00e1ng c\u1ee7a m\u00e0n \u0111\u00eam. B\u1ecb m\u00ea ho\u1eb7c b\u1edfi s\u1ef1 t\u1ef1 do \u1ea5y, Ko quy\u1ebft \u0111\u1ecbnh nh\u1edd Nazuna bi\u1ebfn m\u00ecnh th\u00e0nh vampire, ch\u1ea5m d\u1ee9t cu\u1ed9c s\u1ed1ng v\u00f4 \u0111\u1ecbnh c\u1ee7a c\u1eadu.<\/p>\n<p>L\u00e3ng m\u1ea1n, h\u00e0i h\u01b0\u1edbc, k\u1ecbch t\u00ednh v\u00e0 n\u1ed5i lo\u1ea1n, \u0111\u00e2y l\u00e0 &#8220;b\u1ea3n h\u00f2a t\u1ea5u&#8221; c\u1ee7a ph\u1ed1 \u0111\u00eam r\u1ef1c s\u00e1ng, nh\u1eefng cu\u1ed9c tr\u00f2 chuy\u1ec7n tinh qu\u00e1i, nh\u1eefng pha h\u00e0nh \u0111\u1ed9ng m\u00e3n nh\u00e3n, c\u00f9ng h\u00e0nh tr\u00ecnh theo \u0111u\u1ed5i c\u00e1ch s\u1ed1ng m\u00ecnh mu\u1ed1n c\u1ee7a tu\u1ed5i tr\u1ebb.<\/p>\n","protected":false},"excerpt":{"rendered":"<p>ComicCandyz Shop xin h\u00e2n h\u1ea1nh gi\u1edbi thi\u1ec7u b\u1ed9 truy\u1ec7n tranh Kh\u00fac H\u00e1t \u0110\u00eam Th\u00e2u! M\u00e3 Kim \u0110\u1ed3ng:\u00a05262220020001 ISBN:\u00a0978-604-2-39866-4 T\u00e1c gi\u1ea3:\u00a0Kotoyama \u0110\u1ed1i t\u01b0\u1ee3ng:\u00a0Tu\u1ed5i tr\u01b0\u1edfng th\u00e0nh (tr\u00ean 18 tu\u1ed5i) Khu\u00f4n Kh\u1ed5: 11,3&#215;17,6 cm S\u1ed1 trang:\u00a0192 \u0110\u1ecbnh d\u1ea1ng: b\u00eca m\u1ec1m Tr\u1ecdng l\u01b0\u1ee3ng: 185 gram B\u1ed9 s\u00e1ch:\u00a0Kh\u00fac h\u00e1t \u0111\u00eam th\u00e2u Trong m\u1ed9t \u0111\u00eam lang thang ngo\u00e0i ph\u1ed1, Yamori Ko, [&#8230;]\n","protected":false},"featured_media":201,"comment_status":"open","ping_status":"closed","template":"","meta":[],"product_brand":[],"product_cat":[30],"product_tag":[],"class_list":{"0":"post-331","1":"product","2":"type-product","3":"status-publish","4":"has-post-thumbnail","6":"product_cat-manga-comic","8":"first","9":"instock","10":"sale","11":"shipping-taxable","12":"purchasable","13":"product-type-variable"},"yoast_head":"<!-- This site is optimized with the Yoast SEO plugin v27.1.1 - https:\/\/yoast.com\/product\/yoast-seo-wordpress\/ -->\n<title>Kh\u00fac h\u00e1t \u0111\u00eam th\u00e2u - T\u1eadp 1 - ComicCandyz Shop<\/title>\n<meta name=\"description\" content=\"L\u00e3ng m\u1ea1n, h\u00e0i h\u01b0\u1edbc, k\u1ecbch t\u00ednh v\u00e0 n\u1ed5i lo\u1ea1n, KH\u00daC H\u00c1T \u0110\u00caM TH\u00c2U l\u00e0 &quot;b\u1ea3n h\u00f2a t\u1ea5u&quot; c\u1ee7a ph\u1ed1 \u0111\u00eam r\u1ef1c s\u00e1ng, nh\u1eefng cu\u1ed9c tr\u00f2 chuy\u1ec7n tinh qu\u00e1i!!\" \/>\n<meta name=\"robots\" content=\"index, follow, max-snippet:-1, max-image-preview:large, max-video-preview:-1\" \/>\n<link rel=\"canonical\" href=\"https:\/\/comiccandyz.azdigi.shop\/?product=khuc-hat-dem-thau-tap1\" \/>\n<meta property=\"og:locale\" content=\"vi_VN\" \/>\n<meta property=\"og:type\" content=\"article\" \/>\n<meta property=\"og:title\" content=\"Kh\u00fac h\u00e1t \u0111\u00eam th\u00e2u - T\u1eadp 1 - ComicCandyz Shop\" \/>\n<meta property=\"og:description\" content=\"L\u00e3ng m\u1ea1n, h\u00e0i h\u01b0\u1edbc, k\u1ecbch t\u00ednh v\u00e0 n\u1ed5i lo\u1ea1n, KH\u00daC H\u00c1T \u0110\u00caM TH\u00c2U l\u00e0 &quot;b\u1ea3n h\u00f2a t\u1ea5u&quot; c\u1ee7a ph\u1ed1 \u0111\u00eam r\u1ef1c s\u00e1ng, nh\u1eefng cu\u1ed9c tr\u00f2 chuy\u1ec7n tinh qu\u00e1i!!\" \/>\n<meta property=\"og:url\" content=\"https:\/\/comiccandyz.azdigi.shop\/?product=khuc-hat-dem-thau-tap1\" \/>\n<meta property=\"og:site_name\" content=\"ComicCandyz Shop\" \/>\n<meta property=\"article:modified_time\" content=\"2026-04-17T08:12:42+00:00\" \/>\n<meta property=\"og:image\" content=\"https:\/\/comiccandyz.azdigi.shop\/wp-content\/uploads\/2026\/03\/5c8d6533-7b3e-4771-9f31-63d8bc0bee4e.webp\" \/>\n\t<meta property=\"og:image:width\" content=\"657\" \/>\n\t<meta property=\"og:image:height\" content=\"1024\" \/>\n\t<meta property=\"og:image:type\" content=\"image\/webp\" \/>\n<meta name=\"twitter:card\" content=\"summary_large_image\" \/>\n<meta name=\"twitter:label1\" content=\"\u01af\u1edbc t\u00ednh th\u1eddi gian \u0111\u1ecdc\" \/>\n\t<meta name=\"twitter:data1\" content=\"2 ph\u00fat\" \/>\n<script type=\"application\/ld+json\" class=\"yoast-schema-graph\">{\"@context\":\"https:\/\/schema.org\",\"@graph\":[{\"@type\":\"WebPage\",\"@id\":\"https:\/\/comiccandyz.azdigi.shop\/?product=khuc-hat-dem-thau-tap1\",\"url\":\"https:\/\/comiccandyz.azdigi.shop\/?product=khuc-hat-dem-thau-tap1\",\"name\":\"Kh\u00fac h\u00e1t \u0111\u00eam th\u00e2u - T\u1eadp 1 - ComicCandyz Shop\",\"isPartOf\":{\"@id\":\"https:\/\/comiccandyz.azdigi.shop\/#website\"},\"primaryImageOfPage\":{\"@id\":\"https:\/\/comiccandyz.azdigi.shop\/?product=khuc-hat-dem-thau-tap1#primaryimage\"},\"image\":{\"@id\":\"https:\/\/comiccandyz.azdigi.shop\/?product=khuc-hat-dem-thau-tap1#primaryimage\"},\"thumbnailUrl\":\"https:\/\/comiccandyz.azdigi.shop\/wp-content\/uploads\/2026\/03\/5c8d6533-7b3e-4771-9f31-63d8bc0bee4e.webp\",\"datePublished\":\"2026-04-16T17:44:41+00:00\",\"dateModified\":\"2026-04-17T08:12:42+00:00\",\"description\":\"L\u00e3ng m\u1ea1n, h\u00e0i h\u01b0\u1edbc, k\u1ecbch t\u00ednh v\u00e0 n\u1ed5i lo\u1ea1n, KH\u00daC H\u00c1T \u0110\u00caM TH\u00c2U l\u00e0 \\\"b\u1ea3n h\u00f2a t\u1ea5u\\\" c\u1ee7a ph\u1ed1 \u0111\u00eam r\u1ef1c s\u00e1ng, nh\u1eefng cu\u1ed9c tr\u00f2 chuy\u1ec7n tinh qu\u00e1i!!\",\"breadcrumb\":{\"@id\":\"https:\/\/comiccandyz.azdigi.shop\/?product=khuc-hat-dem-thau-tap1#breadcrumb\"},\"inLanguage\":\"vi\",\"potentialAction\":[{\"@type\":\"ReadAction\",\"target\":[\"https:\/\/comiccandyz.azdigi.shop\/?product=khuc-hat-dem-thau-tap1\"]}]},{\"@type\":\"ImageObject\",\"inLanguage\":\"vi\",\"@id\":\"https:\/\/comiccandyz.azdigi.shop\/?product=khuc-hat-dem-thau-tap1#primaryimage\",\"url\":\"https:\/\/comiccandyz.azdigi.shop\/wp-content\/uploads\/2026\/03\/5c8d6533-7b3e-4771-9f31-63d8bc0bee4e.webp\",\"contentUrl\":\"https:\/\/comiccandyz.azdigi.shop\/wp-content\/uploads\/2026\/03\/5c8d6533-7b3e-4771-9f31-63d8bc0bee4e.webp\",\"width\":657,\"height\":1024},{\"@type\":\"BreadcrumbList\",\"@id\":\"https:\/\/comiccandyz.azdigi.shop\/?product=khuc-hat-dem-thau-tap1#breadcrumb\",\"itemListElement\":[{\"@type\":\"ListItem\",\"position\":1,\"name\":\"Home\",\"item\":\"https:\/\/comiccandyz.azdigi.shop\/\"},{\"@type\":\"ListItem\",\"position\":2,\"name\":\"Shop\",\"item\":\"https:\/\/comiccandyz.azdigi.shop\/?page_id=223\"},{\"@type\":\"ListItem\",\"position\":3,\"name\":\"Kh\u00fac h\u00e1t \u0111\u00eam th\u00e2u &#8211; T\u1eadp 1\"}]},{\"@type\":\"WebSite\",\"@id\":\"https:\/\/comiccandyz.azdigi.shop\/#website\",\"url\":\"https:\/\/comiccandyz.azdigi.shop\/\",\"name\":\"ComicCandyz Shop\",\"description\":\"\",\"potentialAction\":[{\"@type\":\"SearchAction\",\"target\":{\"@type\":\"EntryPoint\",\"urlTemplate\":\"https:\/\/comiccandyz.azdigi.shop\/?s={search_term_string}\"},\"query-input\":{\"@type\":\"PropertyValueSpecification\",\"valueRequired\":true,\"valueName\":\"search_term_string\"}}],\"inLanguage\":\"vi\"}]}<\/script>\n<!-- \/ Yoast SEO plugin. -->","yoast_head_json":{"title":"Kh\u00fac h\u00e1t \u0111\u00eam th\u00e2u - T\u1eadp 1 - ComicCandyz Shop","description":"L\u00e3ng m\u1ea1n, h\u00e0i h\u01b0\u1edbc, k\u1ecbch t\u00ednh v\u00e0 n\u1ed5i lo\u1ea1n, KH\u00daC H\u00c1T \u0110\u00caM TH\u00c2U l\u00e0 \"b\u1ea3n h\u00f2a t\u1ea5u\" c\u1ee7a ph\u1ed1 \u0111\u00eam r\u1ef1c s\u00e1ng, nh\u1eefng cu\u1ed9c tr\u00f2 chuy\u1ec7n tinh qu\u00e1i!!","robots":{"index":"index","follow":"follow","max-snippet":"max-snippet:-1","max-image-preview":"max-image-preview:large","max-video-preview":"max-video-preview:-1"},"canonical":"https:\/\/comiccandyz.azdigi.shop\/?product=khuc-hat-dem-thau-tap1","og_locale":"vi_VN","og_type":"article","og_title":"Kh\u00fac h\u00e1t \u0111\u00eam th\u00e2u - T\u1eadp 1 - ComicCandyz Shop","og_description":"L\u00e3ng m\u1ea1n, h\u00e0i h\u01b0\u1edbc, k\u1ecbch t\u00ednh v\u00e0 n\u1ed5i lo\u1ea1n, KH\u00daC H\u00c1T \u0110\u00caM TH\u00c2U l\u00e0 \"b\u1ea3n h\u00f2a t\u1ea5u\" c\u1ee7a ph\u1ed1 \u0111\u00eam r\u1ef1c s\u00e1ng, nh\u1eefng cu\u1ed9c tr\u00f2 chuy\u1ec7n tinh qu\u00e1i!!","og_url":"https:\/\/comiccandyz.azdigi.shop\/?product=khuc-hat-dem-thau-tap1","og_site_name":"ComicCandyz Shop","article_modified_time":"2026-04-17T08:12:42+00:00","og_image":[{"width":657,"height":1024,"url":"https:\/\/comiccandyz.azdigi.shop\/wp-content\/uploads\/2026\/03\/5c8d6533-7b3e-4771-9f31-63d8bc0bee4e.webp","type":"image\/webp"}],"twitter_card":"summary_large_image","twitter_misc":{"\u01af\u1edbc t\u00ednh th\u1eddi gian \u0111\u1ecdc":"2 ph\u00fat"},"schema":{"@context":"https:\/\/schema.org","@graph":[{"@type":"WebPage","@id":"https:\/\/comiccandyz.azdigi.shop\/?product=khuc-hat-dem-thau-tap1","url":"https:\/\/comiccandyz.azdigi.shop\/?product=khuc-hat-dem-thau-tap1","name":"Kh\u00fac h\u00e1t \u0111\u00eam th\u00e2u - T\u1eadp 1 - ComicCandyz Shop","isPartOf":{"@id":"https:\/\/comiccandyz.azdigi.shop\/#website"},"primaryImageOfPage":{"@id":"https:\/\/comiccandyz.azdigi.shop\/?product=khuc-hat-dem-thau-tap1#primaryimage"},"image":{"@id":"https:\/\/comiccandyz.azdigi.shop\/?product=khuc-hat-dem-thau-tap1#primaryimage"},"thumbnailUrl":"https:\/\/comiccandyz.azdigi.shop\/wp-content\/uploads\/2026\/03\/5c8d6533-7b3e-4771-9f31-63d8bc0bee4e.webp","datePublished":"2026-04-16T17:44:41+00:00","dateModified":"2026-04-17T08:12:42+00:00","description":"L\u00e3ng m\u1ea1n, h\u00e0i h\u01b0\u1edbc, k\u1ecbch t\u00ednh v\u00e0 n\u1ed5i lo\u1ea1n, KH\u00daC H\u00c1T \u0110\u00caM TH\u00c2U l\u00e0 \"b\u1ea3n h\u00f2a t\u1ea5u\" c\u1ee7a ph\u1ed1 \u0111\u00eam r\u1ef1c s\u00e1ng, nh\u1eefng cu\u1ed9c tr\u00f2 chuy\u1ec7n tinh qu\u00e1i!!","breadcrumb":{"@id":"https:\/\/comiccandyz.azdigi.shop\/?product=khuc-hat-dem-thau-tap1#breadcrumb"},"inLanguage":"vi","potentialAction":[{"@type":"ReadAction","target":["https:\/\/comiccandyz.azdigi.shop\/?product=khuc-hat-dem-thau-tap1"]}]},{"@type":"ImageObject","inLanguage":"vi","@id":"https:\/\/comiccandyz.azdigi.shop\/?product=khuc-hat-dem-thau-tap1#primaryimage","url":"https:\/\/comiccandyz.azdigi.shop\/wp-content\/uploads\/2026\/03\/5c8d6533-7b3e-4771-9f31-63d8bc0bee4e.webp","contentUrl":"https:\/\/comiccandyz.azdigi.shop\/wp-content\/uploads\/2026\/03\/5c8d6533-7b3e-4771-9f31-63d8bc0bee4e.webp","width":657,"height":1024},{"@type":"BreadcrumbList","@id":"https:\/\/comiccandyz.azdigi.shop\/?product=khuc-hat-dem-thau-tap1#breadcrumb","itemListElement":[{"@type":"ListItem","position":1,"name":"Home","item":"https:\/\/comiccandyz.azdigi.shop\/"},{"@type":"ListItem","position":2,"name":"Shop","item":"https:\/\/comiccandyz.azdigi.shop\/?page_id=223"},{"@type":"ListItem","position":3,"name":"Kh\u00fac h\u00e1t \u0111\u00eam th\u00e2u &#8211; T\u1eadp 1"}]},{"@type":"WebSite","@id":"https:\/\/comiccandyz.azdigi.shop\/#website","url":"https:\/\/comiccandyz.azdigi.shop\/","name":"ComicCandyz Shop","description":"","potentialAction":[{"@type":"SearchAction","target":{"@type":"EntryPoint","urlTemplate":"https:\/\/comiccandyz.azdigi.shop\/?s={search_term_string}"},"query-input":{"@type":"PropertyValueSpecification","valueRequired":true,"valueName":"search_term_string"}}],"inLanguage":"vi"}]}},"_links":{"self":[{"href":"https:\/\/comiccandyz.azdigi.shop\/index.php?rest_route=\/wp\/v2\/product\/331","targetHints":{"allow":["GET"]}}],"collection":[{"href":"https:\/\/comiccandyz.azdigi.shop\/index.php?rest_route=\/wp\/v2\/product"}],"about":[{"href":"https:\/\/comiccandyz.azdigi.shop\/index.php?rest_route=\/wp\/v2\/types\/product"}],"replies":[{"embeddable":true,"href":"https:\/\/comiccandyz.azdigi.shop\/index.php?rest_route=%2Fwp%2Fv2%2Fcomments&post=331"}],"wp:featuredmedia":[{"embeddable":true,"href":"https:\/\/comiccandyz.azdigi.shop\/index.php?rest_route=\/wp\/v2\/media\/201"}],"wp:attachment":[{"href":"https:\/\/comiccandyz.azdigi.shop\/index.php?rest_route=%2Fwp%2Fv2%2Fmedia&parent=331"}],"wp:term":[{"taxonomy":"product_brand","embeddable":true,"href":"https:\/\/comiccandyz.azdigi.shop\/index.php?rest_route=%2Fwp%2Fv2%2Fproduct_brand&post=331"},{"taxonomy":"product_cat","embeddable":true,"href":"https:\/\/comiccandyz.azdigi.shop\/index.php?rest_route=%2Fwp%2Fv2%2Fproduct_cat&post=331"},{"taxonomy":"product_tag","embeddable":true,"href":"https:\/\/comiccandyz.azdigi.shop\/index.php?rest_route=%2Fwp%2Fv2%2Fproduct_tag&post=331"}],"curies":[{"name":"wp","href":"https:\/\/api.w.org\/{rel}","templated":true}]}}