{"id":333,"date":"2026-04-16T17:47:33","date_gmt":"2026-04-16T17:47:33","guid":{"rendered":"https:\/\/comiccandyz.azdigi.shop\/?post_type=product&#038;p=333"},"modified":"2026-04-17T08:01:40","modified_gmt":"2026-04-17T08:01:40","slug":"chang-dau-gau-va-co-nang-khiem-thi","status":"publish","type":"product","link":"https:\/\/comiccandyz.azdigi.shop\/?product=chang-dau-gau-va-co-nang-khiem-thi","title":{"rendered":"Ch\u00e0ng \u0111\u1ea7u g\u1ea5u v\u00e0 C\u00f4 n\u00e0ng khi\u1ebfm th\u1ecb"},"content":{"rendered":"<p>ComicCandyz Shop xin h\u00e2n h\u1ea1nh t\u1edbi thi\u1ec7u b\u1ed9 truy\u1ec7n tranh Ch\u00e0ng \u0110\u1ea7u G\u1ea5u V\u00e0 C\u00f4 N\u00e0ng Khi\u1ebfm Th\u1ecb!!<\/p>\n<ul>\n<li>M\u00e3 Kim \u0110\u1ed3ng:\u00a0<span class=\"bold variant-sku\"><strong>5252219750001<\/strong><\/span><\/li>\n<li style=\"text-align: justify;\">ISBN:\u00a0<strong>978-604-2-39362-1<\/strong><\/li>\n<li style=\"text-align: justify;\">T\u00e1c gi\u1ea3:\u00a0<a href=\"https:\/\/nxbkimdong.com.vn\/collections\/uoyama\">Uoyama<\/a><\/li>\n<li style=\"text-align: justify;\">\u0110\u1ed1i t\u01b0\u1ee3ng:\u00a0<a href=\"https:\/\/nxbkimdong.com.vn\/collections\/tuoi-moi-lon-15-18\">Tu\u1ed5i m\u1edbi l\u1edbn (15 \u2013 18)<\/a><\/li>\n<li style=\"text-align: justify;\">Khu\u00f4n Kh\u1ed5: 13&#215;18 cm<\/li>\n<li style=\"text-align: justify;\">S\u1ed1 trang:\u00a0202<\/li>\n<li style=\"text-align: justify;\">\u0110\u1ecbnh d\u1ea1ng: b\u00eca m\u1ec1m<\/li>\n<li style=\"text-align: justify;\">Tr\u1ecdng l\u01b0\u1ee3ng: 215 gram<\/li>\n<li style=\"text-align: justify;\">B\u1ed9 s\u00e1ch:\u00a0<a href=\"https:\/\/nxbkimdong.com.vn\/collections\/chang-dau-gau-va-co-nang-khiem-thi\">Ch\u00e0ng \u0111\u1ea7u g\u1ea5u v\u00e0 c\u00f4 n\u00e0ng khi\u1ebfm th\u1ecb<\/a><\/li>\n<\/ul>\n<p>Yukiko &amp; Morio &#8211; M\u1ed9t c\u00f4 g\u00e1i khi\u1ebfm th\u1ecb &amp; m\u1ed9t ch\u00e0ng \u0111\u1ea7u g\u1ea5u v\u1edbi tr\u00e1i tim trong s\u00e1ng \u0111\u00e3 \u0111\u01b0\u1ee3c \u0111\u1ecbnh m\u1ec7nh \u0111\u01b0a \u0111\u1ea9y. C\u1ea3 hai d\u1ea7n x\u00f3a nh\u00f2a kho\u1ea3ng c\u00e1ch, h\u1ecdc c\u00e1ch th\u1ea5u hi\u1ec3u v\u00e0 d\u00e0nh cho \u0111\u1ed1i ph\u01b0\u01a1ng t\u00ecnh c\u1ea3m \u1ea5m \u00e1p. \u0110\u00e2y l\u00e0 c\u00e2u chuy\u1ec7n \u0111\u01b0\u1ee3c k\u1ec3 b\u1eb1ng m\u1ed1i g\u1eafn k\u1ebft \u1ea5m \u00e1p, ph\u00e1 b\u1ecf \u0111\u1ecbnh ki\u1ebfn v\u00e0 m\u1edf ra g\u00f3c nh\u00ecn m\u1edbi v\u1ec1 ng\u01b0\u1eddi khuy\u1ebft t\u1eadt c\u00f9ng t\u00ecnh y\u00eau b\u00ecnh \u0111\u1eb3ng!<\/p>\n<p><strong><em>D\u1ec5 th\u01b0\u01a1ng, ch\u1eefa l\u00e0nh v\u00e0 r\u1ea5t \u0111\u1ed7i nh\u00e2n v\u0103n<\/em><\/strong><br \/>\n<strong><em>C\u00e2u chuy\u1ec7n v\u1ec1 s\u1ef1 th\u1ea5u hi\u1ec3u t\u00ecnh y\u00eau b\u00ecnh \u0111\u1eb3ng!<\/em><\/strong><\/p>\n","protected":false},"excerpt":{"rendered":"<p>ComicCandyz Shop xin h\u00e2n h\u1ea1nh t\u1edbi thi\u1ec7u b\u1ed9 truy\u1ec7n tranh Ch\u00e0ng \u0110\u1ea7u G\u1ea5u V\u00e0 C\u00f4 N\u00e0ng Khi\u1ebfm Th\u1ecb!! M\u00e3 Kim \u0110\u1ed3ng:\u00a05252219750001 ISBN:\u00a0978-604-2-39362-1 T\u00e1c gi\u1ea3:\u00a0Uoyama \u0110\u1ed1i t\u01b0\u1ee3ng:\u00a0Tu\u1ed5i m\u1edbi l\u1edbn (15 \u2013 18) Khu\u00f4n Kh\u1ed5: 13&#215;18 cm S\u1ed1 trang:\u00a0202 \u0110\u1ecbnh d\u1ea1ng: b\u00eca m\u1ec1m Tr\u1ecdng l\u01b0\u1ee3ng: 215 gram B\u1ed9 s\u00e1ch:\u00a0Ch\u00e0ng \u0111\u1ea7u g\u1ea5u v\u00e0 c\u00f4 n\u00e0ng khi\u1ebfm th\u1ecb Yukiko [&#8230;]\n","protected":false},"featured_media":204,"comment_status":"open","ping_status":"closed","template":"","meta":[],"product_brand":[],"product_cat":[30],"product_tag":[],"class_list":{"0":"post-333","1":"product","2":"type-product","3":"status-publish","4":"has-post-thumbnail","6":"product_cat-manga-comic","8":"first","9":"instock","10":"sale","11":"shipping-taxable","12":"purchasable","13":"product-type-variable"},"yoast_head":"<!-- This site is optimized with the Yoast SEO plugin v27.1.1 - https:\/\/yoast.com\/product\/yoast-seo-wordpress\/ -->\n<title>Ch\u00e0ng \u0111\u1ea7u g\u1ea5u v\u00e0 C\u00f4 n\u00e0ng khi\u1ebfm th\u1ecb - ComicCandyz Shop<\/title>\n<meta name=\"description\" content=\"Ch\u00e0ng \u0110\u1ea7u G\u1ea5u V\u00e0 C\u00f4 N\u00e0ng Khi\u1ebfm Th\u1ecb l\u00e0 c\u00e2u chuy\u1ec7n \u0111\u01b0\u1ee3c k\u1ec3 b\u1eb1ng m\u1ed1i g\u1eafn k\u1ebft \u1ea5m \u00e1p, ph\u00e1 b\u1ecf \u0111\u1ecbnh ki\u1ebfn! ComicCandyz Shop - Ch\u00e0ng \u0111\u1ea7u g\u1ea5u v\u00e0 C\u00f4 n\u00e0ng khi\u1ebfm th\u1ecb\" \/>\n<meta name=\"robots\" content=\"index, follow, max-snippet:-1, max-image-preview:large, max-video-preview:-1\" \/>\n<link rel=\"canonical\" href=\"https:\/\/comiccandyz.azdigi.shop\/?product=chang-dau-gau-va-co-nang-khiem-thi\" \/>\n<meta property=\"og:locale\" content=\"vi_VN\" \/>\n<meta property=\"og:type\" content=\"article\" \/>\n<meta property=\"og:title\" content=\"Ch\u00e0ng \u0111\u1ea7u g\u1ea5u v\u00e0 C\u00f4 n\u00e0ng khi\u1ebfm th\u1ecb - ComicCandyz Shop\" \/>\n<meta property=\"og:description\" content=\"Ch\u00e0ng \u0110\u1ea7u G\u1ea5u V\u00e0 C\u00f4 N\u00e0ng Khi\u1ebfm Th\u1ecb l\u00e0 c\u00e2u chuy\u1ec7n \u0111\u01b0\u1ee3c k\u1ec3 b\u1eb1ng m\u1ed1i g\u1eafn k\u1ebft \u1ea5m \u00e1p, ph\u00e1 b\u1ecf \u0111\u1ecbnh ki\u1ebfn! ComicCandyz Shop - Ch\u00e0ng \u0111\u1ea7u g\u1ea5u v\u00e0 C\u00f4 n\u00e0ng khi\u1ebfm th\u1ecb\" \/>\n<meta property=\"og:url\" content=\"https:\/\/comiccandyz.azdigi.shop\/?product=chang-dau-gau-va-co-nang-khiem-thi\" \/>\n<meta property=\"og:site_name\" content=\"ComicCandyz Shop\" \/>\n<meta property=\"article:modified_time\" content=\"2026-04-17T08:01:40+00:00\" \/>\n<meta property=\"og:image\" content=\"https:\/\/comiccandyz.azdigi.shop\/wp-content\/uploads\/2026\/03\/fdce55b2-bf5a-4f16-9c8a-93e352eb009e.webp\" \/>\n\t<meta property=\"og:image:width\" content=\"739\" \/>\n\t<meta property=\"og:image:height\" content=\"1024\" \/>\n\t<meta property=\"og:image:type\" content=\"image\/webp\" \/>\n<meta name=\"twitter:card\" content=\"summary_large_image\" \/>\n<meta name=\"twitter:label1\" content=\"\u01af\u1edbc t\u00ednh th\u1eddi gian \u0111\u1ecdc\" \/>\n\t<meta name=\"twitter:data1\" content=\"2 ph\u00fat\" \/>\n<script type=\"application\/ld+json\" class=\"yoast-schema-graph\">{\"@context\":\"https:\/\/schema.org\",\"@graph\":[{\"@type\":\"WebPage\",\"@id\":\"https:\/\/comiccandyz.azdigi.shop\/?product=chang-dau-gau-va-co-nang-khiem-thi\",\"url\":\"https:\/\/comiccandyz.azdigi.shop\/?product=chang-dau-gau-va-co-nang-khiem-thi\",\"name\":\"Ch\u00e0ng \u0111\u1ea7u g\u1ea5u v\u00e0 C\u00f4 n\u00e0ng khi\u1ebfm th\u1ecb - ComicCandyz Shop\",\"isPartOf\":{\"@id\":\"https:\/\/comiccandyz.azdigi.shop\/#website\"},\"primaryImageOfPage\":{\"@id\":\"https:\/\/comiccandyz.azdigi.shop\/?product=chang-dau-gau-va-co-nang-khiem-thi#primaryimage\"},\"image\":{\"@id\":\"https:\/\/comiccandyz.azdigi.shop\/?product=chang-dau-gau-va-co-nang-khiem-thi#primaryimage\"},\"thumbnailUrl\":\"https:\/\/comiccandyz.azdigi.shop\/wp-content\/uploads\/2026\/03\/fdce55b2-bf5a-4f16-9c8a-93e352eb009e.webp\",\"datePublished\":\"2026-04-16T17:47:33+00:00\",\"dateModified\":\"2026-04-17T08:01:40+00:00\",\"description\":\"Ch\u00e0ng \u0110\u1ea7u G\u1ea5u V\u00e0 C\u00f4 N\u00e0ng Khi\u1ebfm Th\u1ecb l\u00e0 c\u00e2u chuy\u1ec7n \u0111\u01b0\u1ee3c k\u1ec3 b\u1eb1ng m\u1ed1i g\u1eafn k\u1ebft \u1ea5m \u00e1p, ph\u00e1 b\u1ecf \u0111\u1ecbnh ki\u1ebfn! ComicCandyz Shop - Ch\u00e0ng \u0111\u1ea7u g\u1ea5u v\u00e0 C\u00f4 n\u00e0ng khi\u1ebfm th\u1ecb\",\"breadcrumb\":{\"@id\":\"https:\/\/comiccandyz.azdigi.shop\/?product=chang-dau-gau-va-co-nang-khiem-thi#breadcrumb\"},\"inLanguage\":\"vi\",\"potentialAction\":[{\"@type\":\"ReadAction\",\"target\":[\"https:\/\/comiccandyz.azdigi.shop\/?product=chang-dau-gau-va-co-nang-khiem-thi\"]}]},{\"@type\":\"ImageObject\",\"inLanguage\":\"vi\",\"@id\":\"https:\/\/comiccandyz.azdigi.shop\/?product=chang-dau-gau-va-co-nang-khiem-thi#primaryimage\",\"url\":\"https:\/\/comiccandyz.azdigi.shop\/wp-content\/uploads\/2026\/03\/fdce55b2-bf5a-4f16-9c8a-93e352eb009e.webp\",\"contentUrl\":\"https:\/\/comiccandyz.azdigi.shop\/wp-content\/uploads\/2026\/03\/fdce55b2-bf5a-4f16-9c8a-93e352eb009e.webp\",\"width\":739,\"height\":1024},{\"@type\":\"BreadcrumbList\",\"@id\":\"https:\/\/comiccandyz.azdigi.shop\/?product=chang-dau-gau-va-co-nang-khiem-thi#breadcrumb\",\"itemListElement\":[{\"@type\":\"ListItem\",\"position\":1,\"name\":\"Home\",\"item\":\"https:\/\/comiccandyz.azdigi.shop\/\"},{\"@type\":\"ListItem\",\"position\":2,\"name\":\"Shop\",\"item\":\"https:\/\/comiccandyz.azdigi.shop\/?page_id=223\"},{\"@type\":\"ListItem\",\"position\":3,\"name\":\"Ch\u00e0ng \u0111\u1ea7u g\u1ea5u v\u00e0 C\u00f4 n\u00e0ng khi\u1ebfm th\u1ecb\"}]},{\"@type\":\"WebSite\",\"@id\":\"https:\/\/comiccandyz.azdigi.shop\/#website\",\"url\":\"https:\/\/comiccandyz.azdigi.shop\/\",\"name\":\"ComicCandyz Shop\",\"description\":\"\",\"potentialAction\":[{\"@type\":\"SearchAction\",\"target\":{\"@type\":\"EntryPoint\",\"urlTemplate\":\"https:\/\/comiccandyz.azdigi.shop\/?s={search_term_string}\"},\"query-input\":{\"@type\":\"PropertyValueSpecification\",\"valueRequired\":true,\"valueName\":\"search_term_string\"}}],\"inLanguage\":\"vi\"}]}<\/script>\n<!-- \/ Yoast SEO plugin. -->","yoast_head_json":{"title":"Ch\u00e0ng \u0111\u1ea7u g\u1ea5u v\u00e0 C\u00f4 n\u00e0ng khi\u1ebfm th\u1ecb - ComicCandyz Shop","description":"Ch\u00e0ng \u0110\u1ea7u G\u1ea5u V\u00e0 C\u00f4 N\u00e0ng Khi\u1ebfm Th\u1ecb l\u00e0 c\u00e2u chuy\u1ec7n \u0111\u01b0\u1ee3c k\u1ec3 b\u1eb1ng m\u1ed1i g\u1eafn k\u1ebft \u1ea5m \u00e1p, ph\u00e1 b\u1ecf \u0111\u1ecbnh ki\u1ebfn! ComicCandyz Shop - Ch\u00e0ng \u0111\u1ea7u g\u1ea5u v\u00e0 C\u00f4 n\u00e0ng khi\u1ebfm th\u1ecb","robots":{"index":"index","follow":"follow","max-snippet":"max-snippet:-1","max-image-preview":"max-image-preview:large","max-video-preview":"max-video-preview:-1"},"canonical":"https:\/\/comiccandyz.azdigi.shop\/?product=chang-dau-gau-va-co-nang-khiem-thi","og_locale":"vi_VN","og_type":"article","og_title":"Ch\u00e0ng \u0111\u1ea7u g\u1ea5u v\u00e0 C\u00f4 n\u00e0ng khi\u1ebfm th\u1ecb - ComicCandyz Shop","og_description":"Ch\u00e0ng \u0110\u1ea7u G\u1ea5u V\u00e0 C\u00f4 N\u00e0ng Khi\u1ebfm Th\u1ecb l\u00e0 c\u00e2u chuy\u1ec7n \u0111\u01b0\u1ee3c k\u1ec3 b\u1eb1ng m\u1ed1i g\u1eafn k\u1ebft \u1ea5m \u00e1p, ph\u00e1 b\u1ecf \u0111\u1ecbnh ki\u1ebfn! ComicCandyz Shop - Ch\u00e0ng \u0111\u1ea7u g\u1ea5u v\u00e0 C\u00f4 n\u00e0ng khi\u1ebfm th\u1ecb","og_url":"https:\/\/comiccandyz.azdigi.shop\/?product=chang-dau-gau-va-co-nang-khiem-thi","og_site_name":"ComicCandyz Shop","article_modified_time":"2026-04-17T08:01:40+00:00","og_image":[{"width":739,"height":1024,"url":"https:\/\/comiccandyz.azdigi.shop\/wp-content\/uploads\/2026\/03\/fdce55b2-bf5a-4f16-9c8a-93e352eb009e.webp","type":"image\/webp"}],"twitter_card":"summary_large_image","twitter_misc":{"\u01af\u1edbc t\u00ednh th\u1eddi gian \u0111\u1ecdc":"2 ph\u00fat"},"schema":{"@context":"https:\/\/schema.org","@graph":[{"@type":"WebPage","@id":"https:\/\/comiccandyz.azdigi.shop\/?product=chang-dau-gau-va-co-nang-khiem-thi","url":"https:\/\/comiccandyz.azdigi.shop\/?product=chang-dau-gau-va-co-nang-khiem-thi","name":"Ch\u00e0ng \u0111\u1ea7u g\u1ea5u v\u00e0 C\u00f4 n\u00e0ng khi\u1ebfm th\u1ecb - ComicCandyz Shop","isPartOf":{"@id":"https:\/\/comiccandyz.azdigi.shop\/#website"},"primaryImageOfPage":{"@id":"https:\/\/comiccandyz.azdigi.shop\/?product=chang-dau-gau-va-co-nang-khiem-thi#primaryimage"},"image":{"@id":"https:\/\/comiccandyz.azdigi.shop\/?product=chang-dau-gau-va-co-nang-khiem-thi#primaryimage"},"thumbnailUrl":"https:\/\/comiccandyz.azdigi.shop\/wp-content\/uploads\/2026\/03\/fdce55b2-bf5a-4f16-9c8a-93e352eb009e.webp","datePublished":"2026-04-16T17:47:33+00:00","dateModified":"2026-04-17T08:01:40+00:00","description":"Ch\u00e0ng \u0110\u1ea7u G\u1ea5u V\u00e0 C\u00f4 N\u00e0ng Khi\u1ebfm Th\u1ecb l\u00e0 c\u00e2u chuy\u1ec7n \u0111\u01b0\u1ee3c k\u1ec3 b\u1eb1ng m\u1ed1i g\u1eafn k\u1ebft \u1ea5m \u00e1p, ph\u00e1 b\u1ecf \u0111\u1ecbnh ki\u1ebfn! ComicCandyz Shop - Ch\u00e0ng \u0111\u1ea7u g\u1ea5u v\u00e0 C\u00f4 n\u00e0ng khi\u1ebfm th\u1ecb","breadcrumb":{"@id":"https:\/\/comiccandyz.azdigi.shop\/?product=chang-dau-gau-va-co-nang-khiem-thi#breadcrumb"},"inLanguage":"vi","potentialAction":[{"@type":"ReadAction","target":["https:\/\/comiccandyz.azdigi.shop\/?product=chang-dau-gau-va-co-nang-khiem-thi"]}]},{"@type":"ImageObject","inLanguage":"vi","@id":"https:\/\/comiccandyz.azdigi.shop\/?product=chang-dau-gau-va-co-nang-khiem-thi#primaryimage","url":"https:\/\/comiccandyz.azdigi.shop\/wp-content\/uploads\/2026\/03\/fdce55b2-bf5a-4f16-9c8a-93e352eb009e.webp","contentUrl":"https:\/\/comiccandyz.azdigi.shop\/wp-content\/uploads\/2026\/03\/fdce55b2-bf5a-4f16-9c8a-93e352eb009e.webp","width":739,"height":1024},{"@type":"BreadcrumbList","@id":"https:\/\/comiccandyz.azdigi.shop\/?product=chang-dau-gau-va-co-nang-khiem-thi#breadcrumb","itemListElement":[{"@type":"ListItem","position":1,"name":"Home","item":"https:\/\/comiccandyz.azdigi.shop\/"},{"@type":"ListItem","position":2,"name":"Shop","item":"https:\/\/comiccandyz.azdigi.shop\/?page_id=223"},{"@type":"ListItem","position":3,"name":"Ch\u00e0ng \u0111\u1ea7u g\u1ea5u v\u00e0 C\u00f4 n\u00e0ng khi\u1ebfm th\u1ecb"}]},{"@type":"WebSite","@id":"https:\/\/comiccandyz.azdigi.shop\/#website","url":"https:\/\/comiccandyz.azdigi.shop\/","name":"ComicCandyz Shop","description":"","potentialAction":[{"@type":"SearchAction","target":{"@type":"EntryPoint","urlTemplate":"https:\/\/comiccandyz.azdigi.shop\/?s={search_term_string}"},"query-input":{"@type":"PropertyValueSpecification","valueRequired":true,"valueName":"search_term_string"}}],"inLanguage":"vi"}]}},"_links":{"self":[{"href":"https:\/\/comiccandyz.azdigi.shop\/index.php?rest_route=\/wp\/v2\/product\/333","targetHints":{"allow":["GET"]}}],"collection":[{"href":"https:\/\/comiccandyz.azdigi.shop\/index.php?rest_route=\/wp\/v2\/product"}],"about":[{"href":"https:\/\/comiccandyz.azdigi.shop\/index.php?rest_route=\/wp\/v2\/types\/product"}],"replies":[{"embeddable":true,"href":"https:\/\/comiccandyz.azdigi.shop\/index.php?rest_route=%2Fwp%2Fv2%2Fcomments&post=333"}],"wp:featuredmedia":[{"embeddable":true,"href":"https:\/\/comiccandyz.azdigi.shop\/index.php?rest_route=\/wp\/v2\/media\/204"}],"wp:attachment":[{"href":"https:\/\/comiccandyz.azdigi.shop\/index.php?rest_route=%2Fwp%2Fv2%2Fmedia&parent=333"}],"wp:term":[{"taxonomy":"product_brand","embeddable":true,"href":"https:\/\/comiccandyz.azdigi.shop\/index.php?rest_route=%2Fwp%2Fv2%2Fproduct_brand&post=333"},{"taxonomy":"product_cat","embeddable":true,"href":"https:\/\/comiccandyz.azdigi.shop\/index.php?rest_route=%2Fwp%2Fv2%2Fproduct_cat&post=333"},{"taxonomy":"product_tag","embeddable":true,"href":"https:\/\/comiccandyz.azdigi.shop\/index.php?rest_route=%2Fwp%2Fv2%2Fproduct_tag&post=333"}],"curies":[{"name":"wp","href":"https:\/\/api.w.org\/{rel}","templated":true}]}}