{"id":341,"date":"2026-04-16T18:04:52","date_gmt":"2026-04-16T18:04:52","guid":{"rendered":"https:\/\/comiccandyz.azdigi.shop\/?post_type=product&#038;p=341"},"modified":"2026-04-17T07:05:51","modified_gmt":"2026-04-17T07:05:51","slug":"tokyo-aliens","status":"publish","type":"product","link":"https:\/\/comiccandyz.azdigi.shop\/?product=tokyo-aliens","title":{"rendered":"Tokyo Aliens"},"content":{"rendered":"<p>ComicCandyz xin h\u00e2n h\u1ea1nh gi\u1edbi thi\u1ec7u b\u1ed9 truy\u1ec7n tranh Tokyo Aliens!!<\/p>\n<ul>\n<li>M\u00e3 Kim \u0110\u1ed3ng:\u00a0<span class=\"bold variant-sku\"><strong>6262219810001<\/strong><\/span><\/li>\n<li>T\u00e1c gi\u1ea3:\u00a0<a href=\"https:\/\/nxbkimdong.com.vn\/collections\/naoe\">NAOE<\/a><\/li>\n<li>\u0110\u1ed1i t\u01b0\u1ee3ng:\u00a0<a href=\"https:\/\/nxbkimdong.com.vn\/collections\/tuoi-moi-lon-15-18\">Tu\u1ed5i m\u1edbi l\u1edbn (15 \u2013 18)<\/a><\/li>\n<li>Khu\u00f4n Kh\u1ed5:\u00a011,3&#215;17,6 cm<\/li>\n<li>S\u1ed1 trang: 194<\/li>\n<li>\u0110\u1ecbnh d\u1ea1ng:\u00a0b\u00eca m\u1ec1m<\/li>\n<li>Tr\u1ecdng l\u01b0\u1ee3ng: 210 gram<\/li>\n<li>B\u1ed9 s\u00e1ch:\u00a0<a href=\"https:\/\/nxbkimdong.com.vn\/collections\/tokyo-aliens\">Tokyo Aliens<\/a><\/li>\n<\/ul>\n<p>Trong l\u00fac ng\u1ed3i t\u00e0u \u0111i\u1ec7n \u0111\u1ec3 v\u1ec1 nh\u00e0 nh\u01b0 bao ng\u00e0y, c\u1eadu h\u1ecdc sinh c\u1ea5p ba v\u1edbi cu\u1ed9c s\u1ed1ng b\u00ecnh th\u01b0\u1eddng &#8211; Gunji Akira &#8211; \u0111\u1ed9t ng\u1ed9t b\u1ecb m\u1ed9t b\u00e0 l\u00e3o m\u1ecdc x\u00fac tu t\u1eeb sau l\u01b0ng b\u1eaft c\u00f3c. Sau \u0111\u00f3 c\u1eadu bi\u1ebft \u0111\u01b0\u1ee3c b\u00e0 \u1ea5y l\u00e0 c\u01b0 d\u00e2n tinh c\u1ea7u Kunekune, sinh v\u1eadt s\u1ed1ng ngo\u00e0i Tr\u00e1i \u0110\u1ea5t. \u0110\u01b0\u01a1ng l\u00fac b\u1ed1i r\u1ed1i, Akira l\u1ea1i ph\u00e1t hi\u1ec7n ng\u01b0\u1eddi \u0111\u1ebfn b\u1eaft gi\u1eef b\u00e0 l\u00e3o l\u1ea1i ch\u00ednh l\u00e0 Tenkubashi Sho, b\u1ea1n h\u1ecdc c\u00f9ng kh\u1ed1i v\u1edbi m\u00ecnh\u2026!?<\/p>\n<p>M\u1eddi c\u00e1c b\u1ea1n c\u00f9ng th\u01b0\u1edfng th\u1ee9c b\u1ed9 truy\u1ec7n h\u00e0nh \u0111\u1ed9ng gi\u1ea3 t\u01b0\u1edfng v\u1ec1 nh\u1eefng cu\u1ed9c g\u1eb7p g\u1ee1 c\u1ee7a ng\u01b0\u1eddi Tr\u00e1i \u0111\u1ea5t v\u00e0 ng\u01b0\u1eddi ngo\u00e0i h\u00e0nh tinh gi\u1eefa Tokyo r\u1ed9ng l\u1edbn n\u00e0y nh\u00e9!!<\/p>\n","protected":false},"excerpt":{"rendered":"<p>ComicCandyz xin h\u00e2n h\u1ea1nh gi\u1edbi thi\u1ec7u b\u1ed9 truy\u1ec7n tranh Tokyo Aliens!! M\u00e3 Kim \u0110\u1ed3ng:\u00a06262219810001 T\u00e1c gi\u1ea3:\u00a0NAOE \u0110\u1ed1i t\u01b0\u1ee3ng:\u00a0Tu\u1ed5i m\u1edbi l\u1edbn (15 \u2013 18) Khu\u00f4n Kh\u1ed5:\u00a011,3&#215;17,6 cm S\u1ed1 trang: 194 \u0110\u1ecbnh d\u1ea1ng:\u00a0b\u00eca m\u1ec1m Tr\u1ecdng l\u01b0\u1ee3ng: 210 gram B\u1ed9 s\u00e1ch:\u00a0Tokyo Aliens Trong l\u00fac ng\u1ed3i t\u00e0u \u0111i\u1ec7n \u0111\u1ec3 v\u1ec1 nh\u00e0 nh\u01b0 bao ng\u00e0y, c\u1eadu h\u1ecdc sinh c\u1ea5p ba [&#8230;]\n","protected":false},"featured_media":206,"comment_status":"open","ping_status":"closed","template":"","meta":[],"product_brand":[],"product_cat":[30],"product_tag":[],"class_list":{"0":"post-341","1":"product","2":"type-product","3":"status-publish","4":"has-post-thumbnail","6":"product_cat-manga-comic","8":"first","9":"instock","10":"sale","11":"shipping-taxable","12":"purchasable","13":"product-type-variable"},"yoast_head":"<!-- This site is optimized with the Yoast SEO plugin v27.1.1 - https:\/\/yoast.com\/product\/yoast-seo-wordpress\/ -->\n<title>Tokyo Aliens - ComicCandyz Shop<\/title>\n<meta name=\"description\" content=\"M\u1eddi c\u00e1c b\u1ea1n c\u00f9ng th\u01b0\u1edfng th\u1ee9c b\u1ed9 truy\u1ec7n Tokyo Aliens gi\u1ea3 t\u01b0\u1edfng v\u1ec1 nh\u1eefng cu\u1ed9c g\u1eb7p g\u1ee1 c\u1ee7a ng\u01b0\u1eddi Tr\u00e1i \u0111\u1ea5t v\u00e0 ng\u01b0\u1eddi ngo\u00e0i h\u00e0nh tinh gi\u1eefa Tokyo r\u1ed9ng l\u1edbn n\u00e0y nh\u00e9!\" \/>\n<meta name=\"robots\" content=\"index, follow, max-snippet:-1, max-image-preview:large, max-video-preview:-1\" \/>\n<link rel=\"canonical\" href=\"https:\/\/comiccandyz.azdigi.shop\/?product=tokyo-aliens\" \/>\n<meta property=\"og:locale\" content=\"vi_VN\" \/>\n<meta property=\"og:type\" content=\"article\" \/>\n<meta property=\"og:title\" content=\"Tokyo Aliens - ComicCandyz Shop\" \/>\n<meta property=\"og:description\" content=\"M\u1eddi c\u00e1c b\u1ea1n c\u00f9ng th\u01b0\u1edfng th\u1ee9c b\u1ed9 truy\u1ec7n Tokyo Aliens gi\u1ea3 t\u01b0\u1edfng v\u1ec1 nh\u1eefng cu\u1ed9c g\u1eb7p g\u1ee1 c\u1ee7a ng\u01b0\u1eddi Tr\u00e1i \u0111\u1ea5t v\u00e0 ng\u01b0\u1eddi ngo\u00e0i h\u00e0nh tinh gi\u1eefa Tokyo r\u1ed9ng l\u1edbn n\u00e0y nh\u00e9!\" \/>\n<meta property=\"og:url\" content=\"https:\/\/comiccandyz.azdigi.shop\/?product=tokyo-aliens\" \/>\n<meta property=\"og:site_name\" content=\"ComicCandyz Shop\" \/>\n<meta property=\"article:modified_time\" content=\"2026-04-17T07:05:51+00:00\" \/>\n<meta property=\"og:image\" content=\"https:\/\/comiccandyz.azdigi.shop\/wp-content\/uploads\/2026\/03\/tokyo-aliens-tap-2-bia.webp\" \/>\n\t<meta property=\"og:image:width\" content=\"739\" \/>\n\t<meta property=\"og:image:height\" content=\"1024\" \/>\n\t<meta property=\"og:image:type\" content=\"image\/webp\" \/>\n<meta name=\"twitter:card\" content=\"summary_large_image\" \/>\n<meta name=\"twitter:label1\" content=\"\u01af\u1edbc t\u00ednh th\u1eddi gian \u0111\u1ecdc\" \/>\n\t<meta name=\"twitter:data1\" content=\"2 ph\u00fat\" \/>\n<script type=\"application\/ld+json\" class=\"yoast-schema-graph\">{\"@context\":\"https:\/\/schema.org\",\"@graph\":[{\"@type\":\"WebPage\",\"@id\":\"https:\/\/comiccandyz.azdigi.shop\/?product=tokyo-aliens\",\"url\":\"https:\/\/comiccandyz.azdigi.shop\/?product=tokyo-aliens\",\"name\":\"Tokyo Aliens - ComicCandyz Shop\",\"isPartOf\":{\"@id\":\"https:\/\/comiccandyz.azdigi.shop\/#website\"},\"primaryImageOfPage\":{\"@id\":\"https:\/\/comiccandyz.azdigi.shop\/?product=tokyo-aliens#primaryimage\"},\"image\":{\"@id\":\"https:\/\/comiccandyz.azdigi.shop\/?product=tokyo-aliens#primaryimage\"},\"thumbnailUrl\":\"https:\/\/comiccandyz.azdigi.shop\/wp-content\/uploads\/2026\/03\/tokyo-aliens-tap-2-bia.webp\",\"datePublished\":\"2026-04-16T18:04:52+00:00\",\"dateModified\":\"2026-04-17T07:05:51+00:00\",\"description\":\"M\u1eddi c\u00e1c b\u1ea1n c\u00f9ng th\u01b0\u1edfng th\u1ee9c b\u1ed9 truy\u1ec7n Tokyo Aliens gi\u1ea3 t\u01b0\u1edfng v\u1ec1 nh\u1eefng cu\u1ed9c g\u1eb7p g\u1ee1 c\u1ee7a ng\u01b0\u1eddi Tr\u00e1i \u0111\u1ea5t v\u00e0 ng\u01b0\u1eddi ngo\u00e0i h\u00e0nh tinh gi\u1eefa Tokyo r\u1ed9ng l\u1edbn n\u00e0y nh\u00e9!\",\"breadcrumb\":{\"@id\":\"https:\/\/comiccandyz.azdigi.shop\/?product=tokyo-aliens#breadcrumb\"},\"inLanguage\":\"vi\",\"potentialAction\":[{\"@type\":\"ReadAction\",\"target\":[\"https:\/\/comiccandyz.azdigi.shop\/?product=tokyo-aliens\"]}]},{\"@type\":\"ImageObject\",\"inLanguage\":\"vi\",\"@id\":\"https:\/\/comiccandyz.azdigi.shop\/?product=tokyo-aliens#primaryimage\",\"url\":\"https:\/\/comiccandyz.azdigi.shop\/wp-content\/uploads\/2026\/03\/tokyo-aliens-tap-2-bia.webp\",\"contentUrl\":\"https:\/\/comiccandyz.azdigi.shop\/wp-content\/uploads\/2026\/03\/tokyo-aliens-tap-2-bia.webp\",\"width\":739,\"height\":1024},{\"@type\":\"BreadcrumbList\",\"@id\":\"https:\/\/comiccandyz.azdigi.shop\/?product=tokyo-aliens#breadcrumb\",\"itemListElement\":[{\"@type\":\"ListItem\",\"position\":1,\"name\":\"Home\",\"item\":\"https:\/\/comiccandyz.azdigi.shop\/\"},{\"@type\":\"ListItem\",\"position\":2,\"name\":\"Shop\",\"item\":\"https:\/\/comiccandyz.azdigi.shop\/?page_id=223\"},{\"@type\":\"ListItem\",\"position\":3,\"name\":\"Tokyo Aliens\"}]},{\"@type\":\"WebSite\",\"@id\":\"https:\/\/comiccandyz.azdigi.shop\/#website\",\"url\":\"https:\/\/comiccandyz.azdigi.shop\/\",\"name\":\"ComicCandyz Shop\",\"description\":\"\",\"potentialAction\":[{\"@type\":\"SearchAction\",\"target\":{\"@type\":\"EntryPoint\",\"urlTemplate\":\"https:\/\/comiccandyz.azdigi.shop\/?s={search_term_string}\"},\"query-input\":{\"@type\":\"PropertyValueSpecification\",\"valueRequired\":true,\"valueName\":\"search_term_string\"}}],\"inLanguage\":\"vi\"}]}<\/script>\n<!-- \/ Yoast SEO plugin. -->","yoast_head_json":{"title":"Tokyo Aliens - ComicCandyz Shop","description":"M\u1eddi c\u00e1c b\u1ea1n c\u00f9ng th\u01b0\u1edfng th\u1ee9c b\u1ed9 truy\u1ec7n Tokyo Aliens gi\u1ea3 t\u01b0\u1edfng v\u1ec1 nh\u1eefng cu\u1ed9c g\u1eb7p g\u1ee1 c\u1ee7a ng\u01b0\u1eddi Tr\u00e1i \u0111\u1ea5t v\u00e0 ng\u01b0\u1eddi ngo\u00e0i h\u00e0nh tinh gi\u1eefa Tokyo r\u1ed9ng l\u1edbn n\u00e0y nh\u00e9!","robots":{"index":"index","follow":"follow","max-snippet":"max-snippet:-1","max-image-preview":"max-image-preview:large","max-video-preview":"max-video-preview:-1"},"canonical":"https:\/\/comiccandyz.azdigi.shop\/?product=tokyo-aliens","og_locale":"vi_VN","og_type":"article","og_title":"Tokyo Aliens - ComicCandyz Shop","og_description":"M\u1eddi c\u00e1c b\u1ea1n c\u00f9ng th\u01b0\u1edfng th\u1ee9c b\u1ed9 truy\u1ec7n Tokyo Aliens gi\u1ea3 t\u01b0\u1edfng v\u1ec1 nh\u1eefng cu\u1ed9c g\u1eb7p g\u1ee1 c\u1ee7a ng\u01b0\u1eddi Tr\u00e1i \u0111\u1ea5t v\u00e0 ng\u01b0\u1eddi ngo\u00e0i h\u00e0nh tinh gi\u1eefa Tokyo r\u1ed9ng l\u1edbn n\u00e0y nh\u00e9!","og_url":"https:\/\/comiccandyz.azdigi.shop\/?product=tokyo-aliens","og_site_name":"ComicCandyz Shop","article_modified_time":"2026-04-17T07:05:51+00:00","og_image":[{"width":739,"height":1024,"url":"https:\/\/comiccandyz.azdigi.shop\/wp-content\/uploads\/2026\/03\/tokyo-aliens-tap-2-bia.webp","type":"image\/webp"}],"twitter_card":"summary_large_image","twitter_misc":{"\u01af\u1edbc t\u00ednh th\u1eddi gian \u0111\u1ecdc":"2 ph\u00fat"},"schema":{"@context":"https:\/\/schema.org","@graph":[{"@type":"WebPage","@id":"https:\/\/comiccandyz.azdigi.shop\/?product=tokyo-aliens","url":"https:\/\/comiccandyz.azdigi.shop\/?product=tokyo-aliens","name":"Tokyo Aliens - ComicCandyz Shop","isPartOf":{"@id":"https:\/\/comiccandyz.azdigi.shop\/#website"},"primaryImageOfPage":{"@id":"https:\/\/comiccandyz.azdigi.shop\/?product=tokyo-aliens#primaryimage"},"image":{"@id":"https:\/\/comiccandyz.azdigi.shop\/?product=tokyo-aliens#primaryimage"},"thumbnailUrl":"https:\/\/comiccandyz.azdigi.shop\/wp-content\/uploads\/2026\/03\/tokyo-aliens-tap-2-bia.webp","datePublished":"2026-04-16T18:04:52+00:00","dateModified":"2026-04-17T07:05:51+00:00","description":"M\u1eddi c\u00e1c b\u1ea1n c\u00f9ng th\u01b0\u1edfng th\u1ee9c b\u1ed9 truy\u1ec7n Tokyo Aliens gi\u1ea3 t\u01b0\u1edfng v\u1ec1 nh\u1eefng cu\u1ed9c g\u1eb7p g\u1ee1 c\u1ee7a ng\u01b0\u1eddi Tr\u00e1i \u0111\u1ea5t v\u00e0 ng\u01b0\u1eddi ngo\u00e0i h\u00e0nh tinh gi\u1eefa Tokyo r\u1ed9ng l\u1edbn n\u00e0y nh\u00e9!","breadcrumb":{"@id":"https:\/\/comiccandyz.azdigi.shop\/?product=tokyo-aliens#breadcrumb"},"inLanguage":"vi","potentialAction":[{"@type":"ReadAction","target":["https:\/\/comiccandyz.azdigi.shop\/?product=tokyo-aliens"]}]},{"@type":"ImageObject","inLanguage":"vi","@id":"https:\/\/comiccandyz.azdigi.shop\/?product=tokyo-aliens#primaryimage","url":"https:\/\/comiccandyz.azdigi.shop\/wp-content\/uploads\/2026\/03\/tokyo-aliens-tap-2-bia.webp","contentUrl":"https:\/\/comiccandyz.azdigi.shop\/wp-content\/uploads\/2026\/03\/tokyo-aliens-tap-2-bia.webp","width":739,"height":1024},{"@type":"BreadcrumbList","@id":"https:\/\/comiccandyz.azdigi.shop\/?product=tokyo-aliens#breadcrumb","itemListElement":[{"@type":"ListItem","position":1,"name":"Home","item":"https:\/\/comiccandyz.azdigi.shop\/"},{"@type":"ListItem","position":2,"name":"Shop","item":"https:\/\/comiccandyz.azdigi.shop\/?page_id=223"},{"@type":"ListItem","position":3,"name":"Tokyo Aliens"}]},{"@type":"WebSite","@id":"https:\/\/comiccandyz.azdigi.shop\/#website","url":"https:\/\/comiccandyz.azdigi.shop\/","name":"ComicCandyz Shop","description":"","potentialAction":[{"@type":"SearchAction","target":{"@type":"EntryPoint","urlTemplate":"https:\/\/comiccandyz.azdigi.shop\/?s={search_term_string}"},"query-input":{"@type":"PropertyValueSpecification","valueRequired":true,"valueName":"search_term_string"}}],"inLanguage":"vi"}]}},"_links":{"self":[{"href":"https:\/\/comiccandyz.azdigi.shop\/index.php?rest_route=\/wp\/v2\/product\/341","targetHints":{"allow":["GET"]}}],"collection":[{"href":"https:\/\/comiccandyz.azdigi.shop\/index.php?rest_route=\/wp\/v2\/product"}],"about":[{"href":"https:\/\/comiccandyz.azdigi.shop\/index.php?rest_route=\/wp\/v2\/types\/product"}],"replies":[{"embeddable":true,"href":"https:\/\/comiccandyz.azdigi.shop\/index.php?rest_route=%2Fwp%2Fv2%2Fcomments&post=341"}],"wp:featuredmedia":[{"embeddable":true,"href":"https:\/\/comiccandyz.azdigi.shop\/index.php?rest_route=\/wp\/v2\/media\/206"}],"wp:attachment":[{"href":"https:\/\/comiccandyz.azdigi.shop\/index.php?rest_route=%2Fwp%2Fv2%2Fmedia&parent=341"}],"wp:term":[{"taxonomy":"product_brand","embeddable":true,"href":"https:\/\/comiccandyz.azdigi.shop\/index.php?rest_route=%2Fwp%2Fv2%2Fproduct_brand&post=341"},{"taxonomy":"product_cat","embeddable":true,"href":"https:\/\/comiccandyz.azdigi.shop\/index.php?rest_route=%2Fwp%2Fv2%2Fproduct_cat&post=341"},{"taxonomy":"product_tag","embeddable":true,"href":"https:\/\/comiccandyz.azdigi.shop\/index.php?rest_route=%2Fwp%2Fv2%2Fproduct_tag&post=341"}],"curies":[{"name":"wp","href":"https:\/\/api.w.org\/{rel}","templated":true}]}}