{"id":365,"date":"2026-04-17T05:40:28","date_gmt":"2026-04-17T05:40:28","guid":{"rendered":"https:\/\/comiccandyz.azdigi.shop\/?post_type=product&#038;p=365"},"modified":"2026-04-17T07:54:07","modified_gmt":"2026-04-17T07:54:07","slug":"beastars","status":"publish","type":"product","link":"https:\/\/comiccandyz.azdigi.shop\/?product=beastars","title":{"rendered":"Beastars"},"content":{"rendered":"<p>ComicCandyz Shop xin h\u00e2n h\u1ea1nh gi\u1edbi thi\u1ec7u b\u1ed9 truy\u1ec7n tranh Beastars!!<\/p>\n<ul>\n<li>M\u00e3 Kim \u0110\u1ed3ng:\u00a0<span class=\"bold variant-sku\"><strong>5252219660001<\/strong><\/span><\/li>\n<li>ISBN:\u00a0<strong>978-604-2-39165-8<\/strong><\/li>\n<li>T\u00e1c gi\u1ea3:\u00a0<a href=\"https:\/\/nxbkimdong.com.vn\/collections\/paru-itagaki\">Paru Itagaki<\/a><\/li>\n<li>\u0110\u1ed1i t\u01b0\u1ee3ng:\u00a0<a href=\"https:\/\/nxbkimdong.com.vn\/collections\/tuoi-truong-thanh-tren-18-tuoi\">Tu\u1ed5i tr\u01b0\u1edfng th\u00e0nh (tr\u00ean 18 tu\u1ed5i)<\/a><\/li>\n<li>Khu\u00f4n Kh\u1ed5: 11,3&#215;17,6 cm<\/li>\n<li>S\u1ed1 trang: 208<\/li>\n<li>\u0110\u1ecbnh d\u1ea1ng: b\u00eca m\u1ec1m<\/li>\n<li>Tr\u1ecdng l\u01b0\u1ee3ng: 200 gram<\/li>\n<li>B\u1ed9 s\u00e1ch:\u00a0<a href=\"https:\/\/nxbkimdong.com.vn\/collections\/beastars\">BEASTARS<\/a><\/li>\n<\/ul>\n<p>\u0110\u00e2y l\u00e0 th\u1ebf gi\u1edbi n\u01a1i th\u00fa \u0103n th\u1ecbt v\u00e0 th\u00fa \u0103n c\u1ecf chung s\u1ed1ng. \u1ede \u0111\u00f3 ch\u1ea5t ch\u1ee9a c\u1ea3 hi v\u1ecdng, t\u00ecnh y\u00eau v\u00e0 v\u00f4 v\u00e0n b\u1ea5t an. Legoshi, m\u1ed9t ch\u00e0ng s\u00f3i nh\u01b0ng v\u00f4 c\u00f9ng nh\u1ea1y c\u1ea3m v\u00e0 tinh t\u1ebf, l\u00e0 th\u00e0nh vi\u00ean c\u00e2u l\u1ea1c b\u1ed9 K\u1ecbch c\u1ee7a tr\u01b0\u1eddng Cherryton. T\u1eeb \u0111\u00e2y, c\u00e2u chuy\u1ec7n thanh xu\u00e2n c\u1ee7a c\u1ed9ng \u0111\u1ed3ng \u0111\u1ed9ng v\u1eadt xoay quanh anh ch\u00e0ng s\u00f3i c\u00f9ng nh\u1eefng ng\u01b0\u1eddi b\u1ea1n th\u00fa kh\u00e1c \u0111\u00e3 b\u1eaft \u0111\u1ea7u!!<\/p>\n<p><strong>NGAY B\u00c2Y GI\u1edc, H\u00c3Y C\u00d9NG B\u01af\u1edaC V\u00c0O TH\u1ebe GI\u1edaI C\u1ee6A MU\u00d4N LO\u00c0I!!<\/strong><\/p>\n<p>&nbsp;<\/p>\n","protected":false},"excerpt":{"rendered":"<p>ComicCandyz Shop xin h\u00e2n h\u1ea1nh gi\u1edbi thi\u1ec7u b\u1ed9 truy\u1ec7n tranh Beastars!! M\u00e3 Kim \u0110\u1ed3ng:\u00a05252219660001 ISBN:\u00a0978-604-2-39165-8 T\u00e1c gi\u1ea3:\u00a0Paru Itagaki \u0110\u1ed1i t\u01b0\u1ee3ng:\u00a0Tu\u1ed5i tr\u01b0\u1edfng th\u00e0nh (tr\u00ean 18 tu\u1ed5i) Khu\u00f4n Kh\u1ed5: 11,3&#215;17,6 cm S\u1ed1 trang: 208 \u0110\u1ecbnh d\u1ea1ng: b\u00eca m\u1ec1m Tr\u1ecdng l\u01b0\u1ee3ng: 200 gram B\u1ed9 s\u00e1ch:\u00a0BEASTARS \u0110\u00e2y l\u00e0 th\u1ebf gi\u1edbi n\u01a1i th\u00fa \u0103n th\u1ecbt v\u00e0 th\u00fa \u0103n c\u1ecf chung [&#8230;]\n","protected":false},"featured_media":199,"comment_status":"open","ping_status":"closed","template":"","meta":[],"product_brand":[],"product_cat":[30],"product_tag":[],"class_list":{"0":"post-365","1":"product","2":"type-product","3":"status-publish","4":"has-post-thumbnail","6":"product_cat-manga-comic","8":"first","9":"instock","10":"sale","11":"shipping-taxable","12":"purchasable","13":"product-type-variable"},"yoast_head":"<!-- This site is optimized with the Yoast SEO plugin v27.1.1 - https:\/\/yoast.com\/product\/yoast-seo-wordpress\/ -->\n<title>Beastars - ComicCandyz Shop<\/title>\n<meta name=\"description\" content=\"ComicCandyz Shop xin h\u00e2n h\u1ea1nh gi\u1edbi thi\u1ec7u b\u1ed9 truy\u1ec7n tranh Beastars!! NGAY B\u00c2Y GI\u1edc, H\u00c3Y C\u00d9NG B\u01af\u1edaC V\u00c0O TH\u1ebe GI\u1edaI C\u1ee6A MU\u00d4N LO\u00c0I!!\" \/>\n<meta name=\"robots\" content=\"index, follow, max-snippet:-1, max-image-preview:large, max-video-preview:-1\" \/>\n<link rel=\"canonical\" href=\"https:\/\/comiccandyz.azdigi.shop\/?product=beastars\" \/>\n<meta property=\"og:locale\" content=\"vi_VN\" \/>\n<meta property=\"og:type\" content=\"article\" \/>\n<meta property=\"og:title\" content=\"Beastars - ComicCandyz Shop\" \/>\n<meta property=\"og:description\" content=\"ComicCandyz Shop xin h\u00e2n h\u1ea1nh gi\u1edbi thi\u1ec7u b\u1ed9 truy\u1ec7n tranh Beastars!! NGAY B\u00c2Y GI\u1edc, H\u00c3Y C\u00d9NG B\u01af\u1edaC V\u00c0O TH\u1ebe GI\u1edaI C\u1ee6A MU\u00d4N LO\u00c0I!!\" \/>\n<meta property=\"og:url\" content=\"https:\/\/comiccandyz.azdigi.shop\/?product=beastars\" \/>\n<meta property=\"og:site_name\" content=\"ComicCandyz Shop\" \/>\n<meta property=\"article:modified_time\" content=\"2026-04-17T07:54:07+00:00\" \/>\n<meta property=\"og:image\" content=\"https:\/\/comiccandyz.azdigi.shop\/wp-content\/uploads\/2026\/03\/beastars-tap-1-bia-a80feee56b2e4a8ca0e2fa8869f535a1.webp\" \/>\n\t<meta property=\"og:image:width\" content=\"657\" \/>\n\t<meta property=\"og:image:height\" content=\"1024\" \/>\n\t<meta property=\"og:image:type\" content=\"image\/webp\" \/>\n<meta name=\"twitter:card\" content=\"summary_large_image\" \/>\n<meta name=\"twitter:label1\" content=\"\u01af\u1edbc t\u00ednh th\u1eddi gian \u0111\u1ecdc\" \/>\n\t<meta name=\"twitter:data1\" content=\"1 ph\u00fat\" \/>\n<script type=\"application\/ld+json\" class=\"yoast-schema-graph\">{\"@context\":\"https:\/\/schema.org\",\"@graph\":[{\"@type\":\"WebPage\",\"@id\":\"https:\/\/comiccandyz.azdigi.shop\/?product=beastars\",\"url\":\"https:\/\/comiccandyz.azdigi.shop\/?product=beastars\",\"name\":\"Beastars - ComicCandyz Shop\",\"isPartOf\":{\"@id\":\"https:\/\/comiccandyz.azdigi.shop\/#website\"},\"primaryImageOfPage\":{\"@id\":\"https:\/\/comiccandyz.azdigi.shop\/?product=beastars#primaryimage\"},\"image\":{\"@id\":\"https:\/\/comiccandyz.azdigi.shop\/?product=beastars#primaryimage\"},\"thumbnailUrl\":\"https:\/\/comiccandyz.azdigi.shop\/wp-content\/uploads\/2026\/03\/beastars-tap-1-bia-a80feee56b2e4a8ca0e2fa8869f535a1.webp\",\"datePublished\":\"2026-04-17T05:40:28+00:00\",\"dateModified\":\"2026-04-17T07:54:07+00:00\",\"description\":\"ComicCandyz Shop xin h\u00e2n h\u1ea1nh gi\u1edbi thi\u1ec7u b\u1ed9 truy\u1ec7n tranh Beastars!! NGAY B\u00c2Y GI\u1edc, H\u00c3Y C\u00d9NG B\u01af\u1edaC V\u00c0O TH\u1ebe GI\u1edaI C\u1ee6A MU\u00d4N LO\u00c0I!!\",\"breadcrumb\":{\"@id\":\"https:\/\/comiccandyz.azdigi.shop\/?product=beastars#breadcrumb\"},\"inLanguage\":\"vi\",\"potentialAction\":[{\"@type\":\"ReadAction\",\"target\":[\"https:\/\/comiccandyz.azdigi.shop\/?product=beastars\"]}]},{\"@type\":\"ImageObject\",\"inLanguage\":\"vi\",\"@id\":\"https:\/\/comiccandyz.azdigi.shop\/?product=beastars#primaryimage\",\"url\":\"https:\/\/comiccandyz.azdigi.shop\/wp-content\/uploads\/2026\/03\/beastars-tap-1-bia-a80feee56b2e4a8ca0e2fa8869f535a1.webp\",\"contentUrl\":\"https:\/\/comiccandyz.azdigi.shop\/wp-content\/uploads\/2026\/03\/beastars-tap-1-bia-a80feee56b2e4a8ca0e2fa8869f535a1.webp\",\"width\":657,\"height\":1024},{\"@type\":\"BreadcrumbList\",\"@id\":\"https:\/\/comiccandyz.azdigi.shop\/?product=beastars#breadcrumb\",\"itemListElement\":[{\"@type\":\"ListItem\",\"position\":1,\"name\":\"Home\",\"item\":\"https:\/\/comiccandyz.azdigi.shop\/\"},{\"@type\":\"ListItem\",\"position\":2,\"name\":\"Shop\",\"item\":\"https:\/\/comiccandyz.azdigi.shop\/?page_id=223\"},{\"@type\":\"ListItem\",\"position\":3,\"name\":\"Beastars\"}]},{\"@type\":\"WebSite\",\"@id\":\"https:\/\/comiccandyz.azdigi.shop\/#website\",\"url\":\"https:\/\/comiccandyz.azdigi.shop\/\",\"name\":\"ComicCandyz Shop\",\"description\":\"\",\"potentialAction\":[{\"@type\":\"SearchAction\",\"target\":{\"@type\":\"EntryPoint\",\"urlTemplate\":\"https:\/\/comiccandyz.azdigi.shop\/?s={search_term_string}\"},\"query-input\":{\"@type\":\"PropertyValueSpecification\",\"valueRequired\":true,\"valueName\":\"search_term_string\"}}],\"inLanguage\":\"vi\"}]}<\/script>\n<!-- \/ Yoast SEO plugin. -->","yoast_head_json":{"title":"Beastars - ComicCandyz Shop","description":"ComicCandyz Shop xin h\u00e2n h\u1ea1nh gi\u1edbi thi\u1ec7u b\u1ed9 truy\u1ec7n tranh Beastars!! NGAY B\u00c2Y GI\u1edc, H\u00c3Y C\u00d9NG B\u01af\u1edaC V\u00c0O TH\u1ebe GI\u1edaI C\u1ee6A MU\u00d4N LO\u00c0I!!","robots":{"index":"index","follow":"follow","max-snippet":"max-snippet:-1","max-image-preview":"max-image-preview:large","max-video-preview":"max-video-preview:-1"},"canonical":"https:\/\/comiccandyz.azdigi.shop\/?product=beastars","og_locale":"vi_VN","og_type":"article","og_title":"Beastars - ComicCandyz Shop","og_description":"ComicCandyz Shop xin h\u00e2n h\u1ea1nh gi\u1edbi thi\u1ec7u b\u1ed9 truy\u1ec7n tranh Beastars!! NGAY B\u00c2Y GI\u1edc, H\u00c3Y C\u00d9NG B\u01af\u1edaC V\u00c0O TH\u1ebe GI\u1edaI C\u1ee6A MU\u00d4N LO\u00c0I!!","og_url":"https:\/\/comiccandyz.azdigi.shop\/?product=beastars","og_site_name":"ComicCandyz Shop","article_modified_time":"2026-04-17T07:54:07+00:00","og_image":[{"width":657,"height":1024,"url":"https:\/\/comiccandyz.azdigi.shop\/wp-content\/uploads\/2026\/03\/beastars-tap-1-bia-a80feee56b2e4a8ca0e2fa8869f535a1.webp","type":"image\/webp"}],"twitter_card":"summary_large_image","twitter_misc":{"\u01af\u1edbc t\u00ednh th\u1eddi gian \u0111\u1ecdc":"1 ph\u00fat"},"schema":{"@context":"https:\/\/schema.org","@graph":[{"@type":"WebPage","@id":"https:\/\/comiccandyz.azdigi.shop\/?product=beastars","url":"https:\/\/comiccandyz.azdigi.shop\/?product=beastars","name":"Beastars - ComicCandyz Shop","isPartOf":{"@id":"https:\/\/comiccandyz.azdigi.shop\/#website"},"primaryImageOfPage":{"@id":"https:\/\/comiccandyz.azdigi.shop\/?product=beastars#primaryimage"},"image":{"@id":"https:\/\/comiccandyz.azdigi.shop\/?product=beastars#primaryimage"},"thumbnailUrl":"https:\/\/comiccandyz.azdigi.shop\/wp-content\/uploads\/2026\/03\/beastars-tap-1-bia-a80feee56b2e4a8ca0e2fa8869f535a1.webp","datePublished":"2026-04-17T05:40:28+00:00","dateModified":"2026-04-17T07:54:07+00:00","description":"ComicCandyz Shop xin h\u00e2n h\u1ea1nh gi\u1edbi thi\u1ec7u b\u1ed9 truy\u1ec7n tranh Beastars!! NGAY B\u00c2Y GI\u1edc, H\u00c3Y C\u00d9NG B\u01af\u1edaC V\u00c0O TH\u1ebe GI\u1edaI C\u1ee6A MU\u00d4N LO\u00c0I!!","breadcrumb":{"@id":"https:\/\/comiccandyz.azdigi.shop\/?product=beastars#breadcrumb"},"inLanguage":"vi","potentialAction":[{"@type":"ReadAction","target":["https:\/\/comiccandyz.azdigi.shop\/?product=beastars"]}]},{"@type":"ImageObject","inLanguage":"vi","@id":"https:\/\/comiccandyz.azdigi.shop\/?product=beastars#primaryimage","url":"https:\/\/comiccandyz.azdigi.shop\/wp-content\/uploads\/2026\/03\/beastars-tap-1-bia-a80feee56b2e4a8ca0e2fa8869f535a1.webp","contentUrl":"https:\/\/comiccandyz.azdigi.shop\/wp-content\/uploads\/2026\/03\/beastars-tap-1-bia-a80feee56b2e4a8ca0e2fa8869f535a1.webp","width":657,"height":1024},{"@type":"BreadcrumbList","@id":"https:\/\/comiccandyz.azdigi.shop\/?product=beastars#breadcrumb","itemListElement":[{"@type":"ListItem","position":1,"name":"Home","item":"https:\/\/comiccandyz.azdigi.shop\/"},{"@type":"ListItem","position":2,"name":"Shop","item":"https:\/\/comiccandyz.azdigi.shop\/?page_id=223"},{"@type":"ListItem","position":3,"name":"Beastars"}]},{"@type":"WebSite","@id":"https:\/\/comiccandyz.azdigi.shop\/#website","url":"https:\/\/comiccandyz.azdigi.shop\/","name":"ComicCandyz Shop","description":"","potentialAction":[{"@type":"SearchAction","target":{"@type":"EntryPoint","urlTemplate":"https:\/\/comiccandyz.azdigi.shop\/?s={search_term_string}"},"query-input":{"@type":"PropertyValueSpecification","valueRequired":true,"valueName":"search_term_string"}}],"inLanguage":"vi"}]}},"_links":{"self":[{"href":"https:\/\/comiccandyz.azdigi.shop\/index.php?rest_route=\/wp\/v2\/product\/365","targetHints":{"allow":["GET"]}}],"collection":[{"href":"https:\/\/comiccandyz.azdigi.shop\/index.php?rest_route=\/wp\/v2\/product"}],"about":[{"href":"https:\/\/comiccandyz.azdigi.shop\/index.php?rest_route=\/wp\/v2\/types\/product"}],"replies":[{"embeddable":true,"href":"https:\/\/comiccandyz.azdigi.shop\/index.php?rest_route=%2Fwp%2Fv2%2Fcomments&post=365"}],"wp:featuredmedia":[{"embeddable":true,"href":"https:\/\/comiccandyz.azdigi.shop\/index.php?rest_route=\/wp\/v2\/media\/199"}],"wp:attachment":[{"href":"https:\/\/comiccandyz.azdigi.shop\/index.php?rest_route=%2Fwp%2Fv2%2Fmedia&parent=365"}],"wp:term":[{"taxonomy":"product_brand","embeddable":true,"href":"https:\/\/comiccandyz.azdigi.shop\/index.php?rest_route=%2Fwp%2Fv2%2Fproduct_brand&post=365"},{"taxonomy":"product_cat","embeddable":true,"href":"https:\/\/comiccandyz.azdigi.shop\/index.php?rest_route=%2Fwp%2Fv2%2Fproduct_cat&post=365"},{"taxonomy":"product_tag","embeddable":true,"href":"https:\/\/comiccandyz.azdigi.shop\/index.php?rest_route=%2Fwp%2Fv2%2Fproduct_tag&post=365"}],"curies":[{"name":"wp","href":"https:\/\/api.w.org\/{rel}","templated":true}]}}