{"id":414,"date":"2026-04-17T08:50:35","date_gmt":"2026-04-17T08:50:35","guid":{"rendered":"https:\/\/comiccandyz.azdigi.shop\/?post_type=product&#038;p=414"},"modified":"2026-04-17T08:50:36","modified_gmt":"2026-04-17T08:50:36","slug":"hon-truong-ba-da-hang-thit-toi-va-chung-ta","status":"publish","type":"product","link":"https:\/\/comiccandyz.azdigi.shop\/?product=hon-truong-ba-da-hang-thit-toi-va-chung-ta","title":{"rendered":"H\u1ed3n Tr\u01b0\u01a1ng Ba da h\u00e0ng th\u1ecbt &#8211; T\u00f4i v\u00e0 ch\u00fang ta"},"content":{"rendered":"<p>ComicCandyz Shop xin h\u00e2n h\u1ea1nh gi\u1edbi thi\u1ec7u H\u1ed3n Tr\u01b0\u01a1ng Ba da h\u00e0ng th\u1ecbt &#8211; T\u00f4i v\u00e0 ch\u00fang ta!!<\/p>\n<ul>\n<li>M\u00e3 Kim \u0110\u1ed3ng:\u00a0<span class=\"bold variant-sku\">6261112500019<\/span><\/li>\n<li>ISBN:\u00a0<strong>978-604-2-33018-3<\/strong><\/li>\n<li>T\u00e1c gi\u1ea3:\u00a0<a href=\"https:\/\/nxbkimdong.com.vn\/collections\/luu-quang-vu\">L\u01b0u Quang V\u0169<\/a><\/li>\n<li>\u0110\u1ed1i t\u01b0\u1ee3ng:\u00a0<a href=\"https:\/\/nxbkimdong.com.vn\/collections\/thieu-nien-11-15\">Thi\u1ebfu ni\u00ean (11 \u2013 15)<\/a><\/li>\n<li>Khu\u00f4n Kh\u1ed5:\u00a013&#215;19 cm<\/li>\n<li>S\u1ed1 trang: 268<\/li>\n<li>\u0110\u1ecbnh d\u1ea1ng: b\u00eca m\u1ec1m<\/li>\n<li>Tr\u1ecdng l\u01b0\u1ee3ng:\u00a0260 gram<\/li>\n<li>B\u1ed9 s\u00e1ch:\u00a0<a href=\"https:\/\/nxbkimdong.com.vn\/collections\/van-hoc-trong-nha-truong\">V\u0103n h\u1ecdc trong nh\u00e0 tr\u01b0\u1eddng<\/a><\/li>\n<\/ul>\n<p>V\u1edbi gia t\u00e0i t\u00e1c ph\u1ea9m \u0111\u1ec3 l\u1ea1i, c\u00f3 th\u1ec3 n\u00f3i, L\u01b0u Quang V\u0169 \u0111\u00e3 c\u00f3 nh\u1eefng \u0111\u00f3ng g\u00f3p d\u1ea5u \u1ea5n trong s\u1ef1 nghi\u1ec7p s\u00e1ng t\u00e1c v\u0103n ch\u01b0\u01a1ng v\u00e0 l\u00e0 m\u1ed9t trong nh\u1eefng t\u00e1c gia quan tr\u1ecdng c\u1ee7a v\u0103n h\u1ecdc Vi\u1ec7t Nam sau 1975, \u0111\u1eb7c bi\u1ec7t v\u1ec1 l\u0129nh v\u1ef1c s\u00e2n kh\u1ea5u. Khi c\u00f2n s\u1ed1ng, \u00f4ng \u0111\u00e3 \u0111o\u1ea1t nhi\u1ec1u gi\u1ea3i th\u01b0\u1edfng s\u00e1ng t\u00e1c, \u0111\u00e1ng k\u1ec3 nh\u1ea5t l\u00e0 v\u1ec1 k\u1ecbch b\u1ea3n, c\u00f3 th\u1ec3 g\u1ecdi \u00f4ng l\u00e0 \u201cC\u00e2y b\u00fat v\u00e0ng\u201d b\u1edfi \u0111\u00e3 nh\u1eadn \u0111\u01b0\u1ee3c r\u1ea5t nhi\u1ec1u huy ch\u01b0\u01a1ng v\u00e0ng h\u1ed9i di\u1ec5n s\u00e2n kh\u1ea5u chuy\u00ean nghi\u1ec7p to\u00e0n qu\u1ed1c. N\u0103m 2000, L\u01b0u Quang V\u0169 \u0111\u01b0\u1ee3c truy t\u1eb7ng Gi\u1ea3i th\u01b0\u1edfng H\u1ed3 Ch\u00ed Minh v\u1ec1 V\u0103n h\u1ecdc ngh\u1ec7 thu\u1eadt. \u00d4ng l\u00e0 t\u00e1c gi\u1ea3 tr\u1ebb tu\u1ed5i nh\u1ea5t \u0111\u01b0\u1ee3c trao gi\u1ea3i th\u01b0\u1edfng cao qu\u00fd n\u00e0y. Nhi\u1ec1u v\u1edf k\u1ecbch c\u1ee7a \u00f4ng cho \u0111\u1ebfn nay v\u1eabn \u0111\u01b0\u1ee3c d\u00e0n d\u1ef1ng v\u00e0 lu\u00f4n \u0111\u01b0\u1ee3c c\u00f4ng ch\u00fang m\u1ebfn m\u1ed9. N\u1ed9i dung hai v\u1edf k\u1ecbch n\u1ed5i ti\u1ebfng T\u00f4i v\u00e0 ch\u00fang ta, H\u1ed3n Tr\u01b0\u01a1ng Ba da h\u00e0ng th\u1ecbt c\u1ee7a L\u01b0u Quang V\u0169 c\u0169ng \u0111\u01b0\u1ee3c tr\u00edch gi\u1ea3ng trong ch\u01b0\u01a1ng tr\u00ecnh Ng\u1eef V\u0103n c\u1ee7a tr\u01b0\u1eddng ph\u1ed5 th\u00f4ng.<\/p>\n","protected":false},"excerpt":{"rendered":"<p>ComicCandyz Shop xin h\u00e2n h\u1ea1nh gi\u1edbi thi\u1ec7u H\u1ed3n Tr\u01b0\u01a1ng Ba da h\u00e0ng th\u1ecbt &#8211; T\u00f4i v\u00e0 ch\u00fang ta!! M\u00e3 Kim \u0110\u1ed3ng:\u00a06261112500019 ISBN:\u00a0978-604-2-33018-3 T\u00e1c gi\u1ea3:\u00a0L\u01b0u Quang V\u0169 \u0110\u1ed1i t\u01b0\u1ee3ng:\u00a0Thi\u1ebfu ni\u00ean (11 \u2013 15) Khu\u00f4n Kh\u1ed5:\u00a013&#215;19 cm S\u1ed1 trang: 268 \u0110\u1ecbnh d\u1ea1ng: b\u00eca m\u1ec1m Tr\u1ecdng l\u01b0\u1ee3ng:\u00a0260 gram B\u1ed9 s\u00e1ch:\u00a0V\u0103n h\u1ecdc trong nh\u00e0 tr\u01b0\u1eddng V\u1edbi gia t\u00e0i t\u00e1c [&#8230;]\n","protected":false},"featured_media":420,"comment_status":"open","ping_status":"closed","template":"","meta":[],"product_brand":[],"product_cat":[31],"product_tag":[],"class_list":{"0":"post-414","1":"product","2":"type-product","3":"status-publish","4":"has-post-thumbnail","6":"product_cat-van-hoc-viet-nam","8":"first","9":"instock","10":"sale","11":"shipping-taxable","12":"purchasable","13":"product-type-variable"},"yoast_head":"<!-- This site is optimized with the Yoast SEO plugin v27.1.1 - https:\/\/yoast.com\/product\/yoast-seo-wordpress\/ -->\n<title>H\u1ed3n Tr\u01b0\u01a1ng Ba da h\u00e0ng th\u1ecbt - T\u00f4i v\u00e0 ch\u00fang ta - ComicCandyz Shop<\/title>\n<meta name=\"description\" content=\"ComicCandyz Shop xin h\u00e2n h\u1ea1nh gi\u1edbi thi\u1ec7u H\u1ed3n Tr\u01b0\u01a1ng Ba da h\u00e0ng th\u1ecbt - T\u00f4i v\u00e0 ch\u00fang ta!! \u201cC\u00e2y b\u00fat v\u00e0ng\u201d b\u1edfi \u0111\u00e3 nh\u1eadn \u0111\u01b0\u1ee3c r\u1ea5t nhi\u1ec1u huy ch\u01b0\u01a1ng v\u00e0ng\" \/>\n<meta name=\"robots\" content=\"index, follow, max-snippet:-1, max-image-preview:large, max-video-preview:-1\" \/>\n<link rel=\"canonical\" href=\"https:\/\/comiccandyz.azdigi.shop\/?product=hon-truong-ba-da-hang-thit-toi-va-chung-ta\" \/>\n<meta property=\"og:locale\" content=\"vi_VN\" \/>\n<meta property=\"og:type\" content=\"article\" \/>\n<meta property=\"og:title\" content=\"H\u1ed3n Tr\u01b0\u01a1ng Ba da h\u00e0ng th\u1ecbt - T\u00f4i v\u00e0 ch\u00fang ta - ComicCandyz Shop\" \/>\n<meta property=\"og:description\" content=\"ComicCandyz Shop xin h\u00e2n h\u1ea1nh gi\u1edbi thi\u1ec7u H\u1ed3n Tr\u01b0\u01a1ng Ba da h\u00e0ng th\u1ecbt - T\u00f4i v\u00e0 ch\u00fang ta!! \u201cC\u00e2y b\u00fat v\u00e0ng\u201d b\u1edfi \u0111\u00e3 nh\u1eadn \u0111\u01b0\u1ee3c r\u1ea5t nhi\u1ec1u huy ch\u01b0\u01a1ng v\u00e0ng\" \/>\n<meta property=\"og:url\" content=\"https:\/\/comiccandyz.azdigi.shop\/?product=hon-truong-ba-da-hang-thit-toi-va-chung-ta\" \/>\n<meta property=\"og:site_name\" content=\"ComicCandyz Shop\" \/>\n<meta property=\"article:modified_time\" content=\"2026-04-17T08:50:36+00:00\" \/>\n<meta property=\"og:image\" content=\"https:\/\/comiccandyz.azdigi.shop\/wp-content\/uploads\/2026\/04\/hon-truong-ba-da-hang-thit-bia-1-df99817b0c1b41f592979f558f8aaba3-974f6137-9210-413f-b755-2c79290bdf8c-1.webp\" \/>\n\t<meta property=\"og:image:width\" content=\"700\" \/>\n\t<meta property=\"og:image:height\" content=\"1024\" \/>\n\t<meta property=\"og:image:type\" content=\"image\/webp\" \/>\n<meta name=\"twitter:card\" content=\"summary_large_image\" \/>\n<meta name=\"twitter:label1\" content=\"\u01af\u1edbc t\u00ednh th\u1eddi gian \u0111\u1ecdc\" \/>\n\t<meta name=\"twitter:data1\" content=\"2 ph\u00fat\" \/>\n<script type=\"application\/ld+json\" class=\"yoast-schema-graph\">{\"@context\":\"https:\/\/schema.org\",\"@graph\":[{\"@type\":\"WebPage\",\"@id\":\"https:\/\/comiccandyz.azdigi.shop\/?product=hon-truong-ba-da-hang-thit-toi-va-chung-ta\",\"url\":\"https:\/\/comiccandyz.azdigi.shop\/?product=hon-truong-ba-da-hang-thit-toi-va-chung-ta\",\"name\":\"H\u1ed3n Tr\u01b0\u01a1ng Ba da h\u00e0ng th\u1ecbt - T\u00f4i v\u00e0 ch\u00fang ta - ComicCandyz Shop\",\"isPartOf\":{\"@id\":\"https:\/\/comiccandyz.azdigi.shop\/#website\"},\"primaryImageOfPage\":{\"@id\":\"https:\/\/comiccandyz.azdigi.shop\/?product=hon-truong-ba-da-hang-thit-toi-va-chung-ta#primaryimage\"},\"image\":{\"@id\":\"https:\/\/comiccandyz.azdigi.shop\/?product=hon-truong-ba-da-hang-thit-toi-va-chung-ta#primaryimage\"},\"thumbnailUrl\":\"https:\/\/comiccandyz.azdigi.shop\/wp-content\/uploads\/2026\/04\/hon-truong-ba-da-hang-thit-bia-1-df99817b0c1b41f592979f558f8aaba3-974f6137-9210-413f-b755-2c79290bdf8c-1.webp\",\"datePublished\":\"2026-04-17T08:50:35+00:00\",\"dateModified\":\"2026-04-17T08:50:36+00:00\",\"description\":\"ComicCandyz Shop xin h\u00e2n h\u1ea1nh gi\u1edbi thi\u1ec7u H\u1ed3n Tr\u01b0\u01a1ng Ba da h\u00e0ng th\u1ecbt - T\u00f4i v\u00e0 ch\u00fang ta!! \u201cC\u00e2y b\u00fat v\u00e0ng\u201d b\u1edfi \u0111\u00e3 nh\u1eadn \u0111\u01b0\u1ee3c r\u1ea5t nhi\u1ec1u huy ch\u01b0\u01a1ng v\u00e0ng\",\"breadcrumb\":{\"@id\":\"https:\/\/comiccandyz.azdigi.shop\/?product=hon-truong-ba-da-hang-thit-toi-va-chung-ta#breadcrumb\"},\"inLanguage\":\"vi\",\"potentialAction\":[{\"@type\":\"ReadAction\",\"target\":[\"https:\/\/comiccandyz.azdigi.shop\/?product=hon-truong-ba-da-hang-thit-toi-va-chung-ta\"]}]},{\"@type\":\"ImageObject\",\"inLanguage\":\"vi\",\"@id\":\"https:\/\/comiccandyz.azdigi.shop\/?product=hon-truong-ba-da-hang-thit-toi-va-chung-ta#primaryimage\",\"url\":\"https:\/\/comiccandyz.azdigi.shop\/wp-content\/uploads\/2026\/04\/hon-truong-ba-da-hang-thit-bia-1-df99817b0c1b41f592979f558f8aaba3-974f6137-9210-413f-b755-2c79290bdf8c-1.webp\",\"contentUrl\":\"https:\/\/comiccandyz.azdigi.shop\/wp-content\/uploads\/2026\/04\/hon-truong-ba-da-hang-thit-bia-1-df99817b0c1b41f592979f558f8aaba3-974f6137-9210-413f-b755-2c79290bdf8c-1.webp\",\"width\":700,\"height\":1024},{\"@type\":\"BreadcrumbList\",\"@id\":\"https:\/\/comiccandyz.azdigi.shop\/?product=hon-truong-ba-da-hang-thit-toi-va-chung-ta#breadcrumb\",\"itemListElement\":[{\"@type\":\"ListItem\",\"position\":1,\"name\":\"Home\",\"item\":\"https:\/\/comiccandyz.azdigi.shop\/\"},{\"@type\":\"ListItem\",\"position\":2,\"name\":\"Shop\",\"item\":\"https:\/\/comiccandyz.azdigi.shop\/?page_id=223\"},{\"@type\":\"ListItem\",\"position\":3,\"name\":\"H\u1ed3n Tr\u01b0\u01a1ng Ba da h\u00e0ng th\u1ecbt &#8211; T\u00f4i v\u00e0 ch\u00fang ta\"}]},{\"@type\":\"WebSite\",\"@id\":\"https:\/\/comiccandyz.azdigi.shop\/#website\",\"url\":\"https:\/\/comiccandyz.azdigi.shop\/\",\"name\":\"ComicCandyz Shop\",\"description\":\"\",\"potentialAction\":[{\"@type\":\"SearchAction\",\"target\":{\"@type\":\"EntryPoint\",\"urlTemplate\":\"https:\/\/comiccandyz.azdigi.shop\/?s={search_term_string}\"},\"query-input\":{\"@type\":\"PropertyValueSpecification\",\"valueRequired\":true,\"valueName\":\"search_term_string\"}}],\"inLanguage\":\"vi\"}]}<\/script>\n<!-- \/ Yoast SEO plugin. -->","yoast_head_json":{"title":"H\u1ed3n Tr\u01b0\u01a1ng Ba da h\u00e0ng th\u1ecbt - T\u00f4i v\u00e0 ch\u00fang ta - ComicCandyz Shop","description":"ComicCandyz Shop xin h\u00e2n h\u1ea1nh gi\u1edbi thi\u1ec7u H\u1ed3n Tr\u01b0\u01a1ng Ba da h\u00e0ng th\u1ecbt - T\u00f4i v\u00e0 ch\u00fang ta!! \u201cC\u00e2y b\u00fat v\u00e0ng\u201d b\u1edfi \u0111\u00e3 nh\u1eadn \u0111\u01b0\u1ee3c r\u1ea5t nhi\u1ec1u huy ch\u01b0\u01a1ng v\u00e0ng","robots":{"index":"index","follow":"follow","max-snippet":"max-snippet:-1","max-image-preview":"max-image-preview:large","max-video-preview":"max-video-preview:-1"},"canonical":"https:\/\/comiccandyz.azdigi.shop\/?product=hon-truong-ba-da-hang-thit-toi-va-chung-ta","og_locale":"vi_VN","og_type":"article","og_title":"H\u1ed3n Tr\u01b0\u01a1ng Ba da h\u00e0ng th\u1ecbt - T\u00f4i v\u00e0 ch\u00fang ta - ComicCandyz Shop","og_description":"ComicCandyz Shop xin h\u00e2n h\u1ea1nh gi\u1edbi thi\u1ec7u H\u1ed3n Tr\u01b0\u01a1ng Ba da h\u00e0ng th\u1ecbt - T\u00f4i v\u00e0 ch\u00fang ta!! \u201cC\u00e2y b\u00fat v\u00e0ng\u201d b\u1edfi \u0111\u00e3 nh\u1eadn \u0111\u01b0\u1ee3c r\u1ea5t nhi\u1ec1u huy ch\u01b0\u01a1ng v\u00e0ng","og_url":"https:\/\/comiccandyz.azdigi.shop\/?product=hon-truong-ba-da-hang-thit-toi-va-chung-ta","og_site_name":"ComicCandyz Shop","article_modified_time":"2026-04-17T08:50:36+00:00","og_image":[{"width":700,"height":1024,"url":"https:\/\/comiccandyz.azdigi.shop\/wp-content\/uploads\/2026\/04\/hon-truong-ba-da-hang-thit-bia-1-df99817b0c1b41f592979f558f8aaba3-974f6137-9210-413f-b755-2c79290bdf8c-1.webp","type":"image\/webp"}],"twitter_card":"summary_large_image","twitter_misc":{"\u01af\u1edbc t\u00ednh th\u1eddi gian \u0111\u1ecdc":"2 ph\u00fat"},"schema":{"@context":"https:\/\/schema.org","@graph":[{"@type":"WebPage","@id":"https:\/\/comiccandyz.azdigi.shop\/?product=hon-truong-ba-da-hang-thit-toi-va-chung-ta","url":"https:\/\/comiccandyz.azdigi.shop\/?product=hon-truong-ba-da-hang-thit-toi-va-chung-ta","name":"H\u1ed3n Tr\u01b0\u01a1ng Ba da h\u00e0ng th\u1ecbt - T\u00f4i v\u00e0 ch\u00fang ta - ComicCandyz Shop","isPartOf":{"@id":"https:\/\/comiccandyz.azdigi.shop\/#website"},"primaryImageOfPage":{"@id":"https:\/\/comiccandyz.azdigi.shop\/?product=hon-truong-ba-da-hang-thit-toi-va-chung-ta#primaryimage"},"image":{"@id":"https:\/\/comiccandyz.azdigi.shop\/?product=hon-truong-ba-da-hang-thit-toi-va-chung-ta#primaryimage"},"thumbnailUrl":"https:\/\/comiccandyz.azdigi.shop\/wp-content\/uploads\/2026\/04\/hon-truong-ba-da-hang-thit-bia-1-df99817b0c1b41f592979f558f8aaba3-974f6137-9210-413f-b755-2c79290bdf8c-1.webp","datePublished":"2026-04-17T08:50:35+00:00","dateModified":"2026-04-17T08:50:36+00:00","description":"ComicCandyz Shop xin h\u00e2n h\u1ea1nh gi\u1edbi thi\u1ec7u H\u1ed3n Tr\u01b0\u01a1ng Ba da h\u00e0ng th\u1ecbt - T\u00f4i v\u00e0 ch\u00fang ta!! \u201cC\u00e2y b\u00fat v\u00e0ng\u201d b\u1edfi \u0111\u00e3 nh\u1eadn \u0111\u01b0\u1ee3c r\u1ea5t nhi\u1ec1u huy ch\u01b0\u01a1ng v\u00e0ng","breadcrumb":{"@id":"https:\/\/comiccandyz.azdigi.shop\/?product=hon-truong-ba-da-hang-thit-toi-va-chung-ta#breadcrumb"},"inLanguage":"vi","potentialAction":[{"@type":"ReadAction","target":["https:\/\/comiccandyz.azdigi.shop\/?product=hon-truong-ba-da-hang-thit-toi-va-chung-ta"]}]},{"@type":"ImageObject","inLanguage":"vi","@id":"https:\/\/comiccandyz.azdigi.shop\/?product=hon-truong-ba-da-hang-thit-toi-va-chung-ta#primaryimage","url":"https:\/\/comiccandyz.azdigi.shop\/wp-content\/uploads\/2026\/04\/hon-truong-ba-da-hang-thit-bia-1-df99817b0c1b41f592979f558f8aaba3-974f6137-9210-413f-b755-2c79290bdf8c-1.webp","contentUrl":"https:\/\/comiccandyz.azdigi.shop\/wp-content\/uploads\/2026\/04\/hon-truong-ba-da-hang-thit-bia-1-df99817b0c1b41f592979f558f8aaba3-974f6137-9210-413f-b755-2c79290bdf8c-1.webp","width":700,"height":1024},{"@type":"BreadcrumbList","@id":"https:\/\/comiccandyz.azdigi.shop\/?product=hon-truong-ba-da-hang-thit-toi-va-chung-ta#breadcrumb","itemListElement":[{"@type":"ListItem","position":1,"name":"Home","item":"https:\/\/comiccandyz.azdigi.shop\/"},{"@type":"ListItem","position":2,"name":"Shop","item":"https:\/\/comiccandyz.azdigi.shop\/?page_id=223"},{"@type":"ListItem","position":3,"name":"H\u1ed3n Tr\u01b0\u01a1ng Ba da h\u00e0ng th\u1ecbt &#8211; T\u00f4i v\u00e0 ch\u00fang ta"}]},{"@type":"WebSite","@id":"https:\/\/comiccandyz.azdigi.shop\/#website","url":"https:\/\/comiccandyz.azdigi.shop\/","name":"ComicCandyz Shop","description":"","potentialAction":[{"@type":"SearchAction","target":{"@type":"EntryPoint","urlTemplate":"https:\/\/comiccandyz.azdigi.shop\/?s={search_term_string}"},"query-input":{"@type":"PropertyValueSpecification","valueRequired":true,"valueName":"search_term_string"}}],"inLanguage":"vi"}]}},"_links":{"self":[{"href":"https:\/\/comiccandyz.azdigi.shop\/index.php?rest_route=\/wp\/v2\/product\/414","targetHints":{"allow":["GET"]}}],"collection":[{"href":"https:\/\/comiccandyz.azdigi.shop\/index.php?rest_route=\/wp\/v2\/product"}],"about":[{"href":"https:\/\/comiccandyz.azdigi.shop\/index.php?rest_route=\/wp\/v2\/types\/product"}],"replies":[{"embeddable":true,"href":"https:\/\/comiccandyz.azdigi.shop\/index.php?rest_route=%2Fwp%2Fv2%2Fcomments&post=414"}],"wp:featuredmedia":[{"embeddable":true,"href":"https:\/\/comiccandyz.azdigi.shop\/index.php?rest_route=\/wp\/v2\/media\/420"}],"wp:attachment":[{"href":"https:\/\/comiccandyz.azdigi.shop\/index.php?rest_route=%2Fwp%2Fv2%2Fmedia&parent=414"}],"wp:term":[{"taxonomy":"product_brand","embeddable":true,"href":"https:\/\/comiccandyz.azdigi.shop\/index.php?rest_route=%2Fwp%2Fv2%2Fproduct_brand&post=414"},{"taxonomy":"product_cat","embeddable":true,"href":"https:\/\/comiccandyz.azdigi.shop\/index.php?rest_route=%2Fwp%2Fv2%2Fproduct_cat&post=414"},{"taxonomy":"product_tag","embeddable":true,"href":"https:\/\/comiccandyz.azdigi.shop\/index.php?rest_route=%2Fwp%2Fv2%2Fproduct_tag&post=414"}],"curies":[{"name":"wp","href":"https:\/\/api.w.org\/{rel}","templated":true}]}}