{"id":433,"date":"2026-04-17T09:20:59","date_gmt":"2026-04-17T09:20:59","guid":{"rendered":"https:\/\/comiccandyz.azdigi.shop\/?post_type=product&#038;p=433"},"modified":"2026-04-17T09:21:00","modified_gmt":"2026-04-17T09:21:00","slug":"truyen-co-tich-hien-dai-viet-nam","status":"publish","type":"product","link":"https:\/\/comiccandyz.azdigi.shop\/?product=truyen-co-tich-hien-dai-viet-nam","title":{"rendered":"Truy\u1ec7n c\u1ed5 t\u00edch hi\u1ec7n \u0111\u1ea1i Vi\u1ec7t Nam"},"content":{"rendered":"<p>ComicCandyz Shop xin h\u00e2n h\u1ea1nh gi\u1edbi thi\u1ec7u s\u1ea3n ph\u1ea9m Truy\u1ec7n c\u1ed5 t\u00edch hi\u1ec7n \u0111\u1ea1i Vi\u1ec7t Nam!!<\/p>\n<ul>\n<li>M\u00e3 Kim \u0110\u1ed3ng:\u00a0<span class=\"bold variant-sku\">6261119640001<\/span><\/li>\n<li>ISBN:<strong>\u00a0978-604-2-39287-7<\/strong><\/li>\n<li>T\u00e1c gi\u1ea3:\u00a0<a href=\"https:\/\/nxbkimdong.com.vn\/collections\/le-nhat-ky\">L\u00ea Nh\u1eadt K\u00fd<\/a><br \/>\n<a href=\"https:\/\/nxbkimdong.com.vn\/collections\/nhieu-tac-gia\">Nhi\u1ec1u t\u00e1c gi\u1ea3<\/a><\/li>\n<li>\u0110\u1ed1i t\u01b0\u1ee3ng:\u00a0<a href=\"https:\/\/nxbkimdong.com.vn\/collections\/nhi-dong-6-11\">Nhi \u0111\u1ed3ng (6 \u2013 11)<\/a><\/li>\n<li>Khu\u00f4n Kh\u1ed5: 14,5&#215;20,5 cm<\/li>\n<li>S\u1ed1 trang: 196<\/li>\n<li>\u0110\u1ecbnh d\u1ea1ng: b\u00eca m\u1ec1m<\/li>\n<li>Tr\u1ecdng l\u01b0\u1ee3ng: 220 gram<\/li>\n<\/ul>\n<p>Trong g\u1ea7n m\u1ed9t th\u1ebf k\u1ec9 qua, nhi\u1ec1u nh\u00e0 v\u0103n Vi\u1ec7t Nam nh\u01b0 Kh\u00e1i H\u01b0ng, Ph\u1ea1m H\u1ed5, Nguy\u00ean H\u01b0\u01a1ng\u2026 \u0111\u00e3 s\u00e1ng t\u00e1c cho thi\u1ebfu nhi h\u00e0ng tr\u0103m truy\u1ec7n c\u1ed5 t\u00edch hi\u1ec7n \u0111\u1ea1i. V\u1edbi phong c\u00e1ch chuy\u00ean nghi\u1ec7p, c\u00e1c nh\u00e0 v\u0103n \u0111\u00e3 k\u1ebf th\u1eeba m\u1ed9t c\u00e1ch s\u00e1ng t\u1ea1o ngh\u1ec7 thu\u1eadt k\u1ec3 chuy\u1ec7n c\u1ed5 t\u00edch c\u1ee7a d\u00e2n gian. V\u00ec th\u1ebf, truy\u1ec7n c\u1ed5 t\u00edch hi\u1ec7n \u0111\u1ea1i lu\u00f4n mang \u0111\u1ebfn cho b\u1ea1n \u0111\u1ecdc ni\u1ec1m vui th\u01b0\u1edfng th\u1ee9c, s\u1ef1 b\u1ea5t ng\u1edd th\u00fa v\u1ecb v\u1ec1 h\u1ec7 th\u1ed1ng nh\u00e2n v\u1eadt, t\u00ecnh hu\u1ed1ng, c\u00e1ch k\u1ebft th\u00fac v\u00e0 nh\u1eefng b\u00e0i h\u1ecdc \u00fd ngh\u0129a v\u1ec1 cu\u1ed9c s\u1ed1ng\u2026 T\u1eadp s\u00e1ch n\u00e0y s\u1ebd \u0111em \u0111\u1ebfn cho c\u00e1c em m\u1ed9t th\u1ebf gi\u1edbi c\u1ed5 t\u00edch v\u1eeba quen v\u1eeba l\u1ea1, v\u1eeba gi\u00e0u ch\u1ea5t hi\u1ec7n th\u1ef1c song c\u0169ng h\u1ebft s\u1ee9c lung linh k\u1ef3 \u1ea3o.<\/p>\n","protected":false},"excerpt":{"rendered":"<p>ComicCandyz Shop xin h\u00e2n h\u1ea1nh gi\u1edbi thi\u1ec7u s\u1ea3n ph\u1ea9m Truy\u1ec7n c\u1ed5 t\u00edch hi\u1ec7n \u0111\u1ea1i Vi\u1ec7t Nam!! M\u00e3 Kim \u0110\u1ed3ng:\u00a06261119640001 ISBN:\u00a0978-604-2-39287-7 T\u00e1c gi\u1ea3:\u00a0L\u00ea Nh\u1eadt K\u00fd Nhi\u1ec1u t\u00e1c gi\u1ea3 \u0110\u1ed1i t\u01b0\u1ee3ng:\u00a0Nhi \u0111\u1ed3ng (6 \u2013 11) Khu\u00f4n Kh\u1ed5: 14,5&#215;20,5 cm S\u1ed1 trang: 196 \u0110\u1ecbnh d\u1ea1ng: b\u00eca m\u1ec1m Tr\u1ecdng l\u01b0\u1ee3ng: 220 gram Trong g\u1ea7n m\u1ed9t th\u1ebf k\u1ec9 qua, nhi\u1ec1u [&#8230;]\n","protected":false},"featured_media":434,"comment_status":"open","ping_status":"closed","template":"","meta":[],"product_brand":[],"product_cat":[31],"product_tag":[],"class_list":{"0":"post-433","1":"product","2":"type-product","3":"status-publish","4":"has-post-thumbnail","6":"product_cat-van-hoc-viet-nam","8":"first","9":"instock","10":"sale","11":"shipping-taxable","12":"purchasable","13":"product-type-variable"},"yoast_head":"<!-- This site is optimized with the Yoast SEO plugin v27.1.1 - https:\/\/yoast.com\/product\/yoast-seo-wordpress\/ -->\n<title>Truy\u1ec7n c\u1ed5 t\u00edch hi\u1ec7n \u0111\u1ea1i Vi\u1ec7t Nam - ComicCandyz Shop<\/title>\n<meta name=\"description\" content=\"Truy\u1ec7n c\u1ed5 t\u00edch hi\u1ec7n \u0111\u1ea1i Vi\u1ec7t Nam s\u1ebd \u0111em \u0111\u1ebfn cho c\u00e1c em m\u1ed9t th\u1ebf gi\u1edbi c\u1ed5 t\u00edch v\u1eeba quen v\u1eeba l\u1ea1, v\u1eeba gi\u00e0u ch\u1ea5t hi\u1ec7n th\u1ef1c song c\u0169ng h\u1ebft s\u1ee9c lung linh k\u1ef3 \u1ea3o.\" \/>\n<meta name=\"robots\" content=\"index, follow, max-snippet:-1, max-image-preview:large, max-video-preview:-1\" \/>\n<link rel=\"canonical\" href=\"https:\/\/comiccandyz.azdigi.shop\/?product=truyen-co-tich-hien-dai-viet-nam\" \/>\n<meta property=\"og:locale\" content=\"vi_VN\" \/>\n<meta property=\"og:type\" content=\"article\" \/>\n<meta property=\"og:title\" content=\"Truy\u1ec7n c\u1ed5 t\u00edch hi\u1ec7n \u0111\u1ea1i Vi\u1ec7t Nam - ComicCandyz Shop\" \/>\n<meta property=\"og:description\" content=\"Truy\u1ec7n c\u1ed5 t\u00edch hi\u1ec7n \u0111\u1ea1i Vi\u1ec7t Nam s\u1ebd \u0111em \u0111\u1ebfn cho c\u00e1c em m\u1ed9t th\u1ebf gi\u1edbi c\u1ed5 t\u00edch v\u1eeba quen v\u1eeba l\u1ea1, v\u1eeba gi\u00e0u ch\u1ea5t hi\u1ec7n th\u1ef1c song c\u0169ng h\u1ebft s\u1ee9c lung linh k\u1ef3 \u1ea3o.\" \/>\n<meta property=\"og:url\" content=\"https:\/\/comiccandyz.azdigi.shop\/?product=truyen-co-tich-hien-dai-viet-nam\" \/>\n<meta property=\"og:site_name\" content=\"ComicCandyz Shop\" \/>\n<meta property=\"article:modified_time\" content=\"2026-04-17T09:21:00+00:00\" \/>\n<meta property=\"og:image\" content=\"https:\/\/comiccandyz.azdigi.shop\/wp-content\/uploads\/2026\/04\/truyen-co-tich-hien-dai-viet-nam-tap-1-bia.webp\" \/>\n\t<meta property=\"og:image:width\" content=\"724\" \/>\n\t<meta property=\"og:image:height\" content=\"1024\" \/>\n\t<meta property=\"og:image:type\" content=\"image\/webp\" \/>\n<meta name=\"twitter:card\" content=\"summary_large_image\" \/>\n<meta name=\"twitter:label1\" content=\"\u01af\u1edbc t\u00ednh th\u1eddi gian \u0111\u1ecdc\" \/>\n\t<meta name=\"twitter:data1\" content=\"2 ph\u00fat\" \/>\n<script type=\"application\/ld+json\" class=\"yoast-schema-graph\">{\"@context\":\"https:\/\/schema.org\",\"@graph\":[{\"@type\":\"WebPage\",\"@id\":\"https:\/\/comiccandyz.azdigi.shop\/?product=truyen-co-tich-hien-dai-viet-nam\",\"url\":\"https:\/\/comiccandyz.azdigi.shop\/?product=truyen-co-tich-hien-dai-viet-nam\",\"name\":\"Truy\u1ec7n c\u1ed5 t\u00edch hi\u1ec7n \u0111\u1ea1i Vi\u1ec7t Nam - ComicCandyz Shop\",\"isPartOf\":{\"@id\":\"https:\/\/comiccandyz.azdigi.shop\/#website\"},\"primaryImageOfPage\":{\"@id\":\"https:\/\/comiccandyz.azdigi.shop\/?product=truyen-co-tich-hien-dai-viet-nam#primaryimage\"},\"image\":{\"@id\":\"https:\/\/comiccandyz.azdigi.shop\/?product=truyen-co-tich-hien-dai-viet-nam#primaryimage\"},\"thumbnailUrl\":\"https:\/\/comiccandyz.azdigi.shop\/wp-content\/uploads\/2026\/04\/truyen-co-tich-hien-dai-viet-nam-tap-1-bia.webp\",\"datePublished\":\"2026-04-17T09:20:59+00:00\",\"dateModified\":\"2026-04-17T09:21:00+00:00\",\"description\":\"Truy\u1ec7n c\u1ed5 t\u00edch hi\u1ec7n \u0111\u1ea1i Vi\u1ec7t Nam s\u1ebd \u0111em \u0111\u1ebfn cho c\u00e1c em m\u1ed9t th\u1ebf gi\u1edbi c\u1ed5 t\u00edch v\u1eeba quen v\u1eeba l\u1ea1, v\u1eeba gi\u00e0u ch\u1ea5t hi\u1ec7n th\u1ef1c song c\u0169ng h\u1ebft s\u1ee9c lung linh k\u1ef3 \u1ea3o.\",\"breadcrumb\":{\"@id\":\"https:\/\/comiccandyz.azdigi.shop\/?product=truyen-co-tich-hien-dai-viet-nam#breadcrumb\"},\"inLanguage\":\"vi\",\"potentialAction\":[{\"@type\":\"ReadAction\",\"target\":[\"https:\/\/comiccandyz.azdigi.shop\/?product=truyen-co-tich-hien-dai-viet-nam\"]}]},{\"@type\":\"ImageObject\",\"inLanguage\":\"vi\",\"@id\":\"https:\/\/comiccandyz.azdigi.shop\/?product=truyen-co-tich-hien-dai-viet-nam#primaryimage\",\"url\":\"https:\/\/comiccandyz.azdigi.shop\/wp-content\/uploads\/2026\/04\/truyen-co-tich-hien-dai-viet-nam-tap-1-bia.webp\",\"contentUrl\":\"https:\/\/comiccandyz.azdigi.shop\/wp-content\/uploads\/2026\/04\/truyen-co-tich-hien-dai-viet-nam-tap-1-bia.webp\",\"width\":724,\"height\":1024},{\"@type\":\"BreadcrumbList\",\"@id\":\"https:\/\/comiccandyz.azdigi.shop\/?product=truyen-co-tich-hien-dai-viet-nam#breadcrumb\",\"itemListElement\":[{\"@type\":\"ListItem\",\"position\":1,\"name\":\"Home\",\"item\":\"https:\/\/comiccandyz.azdigi.shop\/\"},{\"@type\":\"ListItem\",\"position\":2,\"name\":\"Shop\",\"item\":\"https:\/\/comiccandyz.azdigi.shop\/?page_id=223\"},{\"@type\":\"ListItem\",\"position\":3,\"name\":\"Truy\u1ec7n c\u1ed5 t\u00edch hi\u1ec7n \u0111\u1ea1i Vi\u1ec7t Nam\"}]},{\"@type\":\"WebSite\",\"@id\":\"https:\/\/comiccandyz.azdigi.shop\/#website\",\"url\":\"https:\/\/comiccandyz.azdigi.shop\/\",\"name\":\"ComicCandyz Shop\",\"description\":\"\",\"potentialAction\":[{\"@type\":\"SearchAction\",\"target\":{\"@type\":\"EntryPoint\",\"urlTemplate\":\"https:\/\/comiccandyz.azdigi.shop\/?s={search_term_string}\"},\"query-input\":{\"@type\":\"PropertyValueSpecification\",\"valueRequired\":true,\"valueName\":\"search_term_string\"}}],\"inLanguage\":\"vi\"}]}<\/script>\n<!-- \/ Yoast SEO plugin. -->","yoast_head_json":{"title":"Truy\u1ec7n c\u1ed5 t\u00edch hi\u1ec7n \u0111\u1ea1i Vi\u1ec7t Nam - ComicCandyz Shop","description":"Truy\u1ec7n c\u1ed5 t\u00edch hi\u1ec7n \u0111\u1ea1i Vi\u1ec7t Nam s\u1ebd \u0111em \u0111\u1ebfn cho c\u00e1c em m\u1ed9t th\u1ebf gi\u1edbi c\u1ed5 t\u00edch v\u1eeba quen v\u1eeba l\u1ea1, v\u1eeba gi\u00e0u ch\u1ea5t hi\u1ec7n th\u1ef1c song c\u0169ng h\u1ebft s\u1ee9c lung linh k\u1ef3 \u1ea3o.","robots":{"index":"index","follow":"follow","max-snippet":"max-snippet:-1","max-image-preview":"max-image-preview:large","max-video-preview":"max-video-preview:-1"},"canonical":"https:\/\/comiccandyz.azdigi.shop\/?product=truyen-co-tich-hien-dai-viet-nam","og_locale":"vi_VN","og_type":"article","og_title":"Truy\u1ec7n c\u1ed5 t\u00edch hi\u1ec7n \u0111\u1ea1i Vi\u1ec7t Nam - ComicCandyz Shop","og_description":"Truy\u1ec7n c\u1ed5 t\u00edch hi\u1ec7n \u0111\u1ea1i Vi\u1ec7t Nam s\u1ebd \u0111em \u0111\u1ebfn cho c\u00e1c em m\u1ed9t th\u1ebf gi\u1edbi c\u1ed5 t\u00edch v\u1eeba quen v\u1eeba l\u1ea1, v\u1eeba gi\u00e0u ch\u1ea5t hi\u1ec7n th\u1ef1c song c\u0169ng h\u1ebft s\u1ee9c lung linh k\u1ef3 \u1ea3o.","og_url":"https:\/\/comiccandyz.azdigi.shop\/?product=truyen-co-tich-hien-dai-viet-nam","og_site_name":"ComicCandyz Shop","article_modified_time":"2026-04-17T09:21:00+00:00","og_image":[{"width":724,"height":1024,"url":"https:\/\/comiccandyz.azdigi.shop\/wp-content\/uploads\/2026\/04\/truyen-co-tich-hien-dai-viet-nam-tap-1-bia.webp","type":"image\/webp"}],"twitter_card":"summary_large_image","twitter_misc":{"\u01af\u1edbc t\u00ednh th\u1eddi gian \u0111\u1ecdc":"2 ph\u00fat"},"schema":{"@context":"https:\/\/schema.org","@graph":[{"@type":"WebPage","@id":"https:\/\/comiccandyz.azdigi.shop\/?product=truyen-co-tich-hien-dai-viet-nam","url":"https:\/\/comiccandyz.azdigi.shop\/?product=truyen-co-tich-hien-dai-viet-nam","name":"Truy\u1ec7n c\u1ed5 t\u00edch hi\u1ec7n \u0111\u1ea1i Vi\u1ec7t Nam - ComicCandyz Shop","isPartOf":{"@id":"https:\/\/comiccandyz.azdigi.shop\/#website"},"primaryImageOfPage":{"@id":"https:\/\/comiccandyz.azdigi.shop\/?product=truyen-co-tich-hien-dai-viet-nam#primaryimage"},"image":{"@id":"https:\/\/comiccandyz.azdigi.shop\/?product=truyen-co-tich-hien-dai-viet-nam#primaryimage"},"thumbnailUrl":"https:\/\/comiccandyz.azdigi.shop\/wp-content\/uploads\/2026\/04\/truyen-co-tich-hien-dai-viet-nam-tap-1-bia.webp","datePublished":"2026-04-17T09:20:59+00:00","dateModified":"2026-04-17T09:21:00+00:00","description":"Truy\u1ec7n c\u1ed5 t\u00edch hi\u1ec7n \u0111\u1ea1i Vi\u1ec7t Nam s\u1ebd \u0111em \u0111\u1ebfn cho c\u00e1c em m\u1ed9t th\u1ebf gi\u1edbi c\u1ed5 t\u00edch v\u1eeba quen v\u1eeba l\u1ea1, v\u1eeba gi\u00e0u ch\u1ea5t hi\u1ec7n th\u1ef1c song c\u0169ng h\u1ebft s\u1ee9c lung linh k\u1ef3 \u1ea3o.","breadcrumb":{"@id":"https:\/\/comiccandyz.azdigi.shop\/?product=truyen-co-tich-hien-dai-viet-nam#breadcrumb"},"inLanguage":"vi","potentialAction":[{"@type":"ReadAction","target":["https:\/\/comiccandyz.azdigi.shop\/?product=truyen-co-tich-hien-dai-viet-nam"]}]},{"@type":"ImageObject","inLanguage":"vi","@id":"https:\/\/comiccandyz.azdigi.shop\/?product=truyen-co-tich-hien-dai-viet-nam#primaryimage","url":"https:\/\/comiccandyz.azdigi.shop\/wp-content\/uploads\/2026\/04\/truyen-co-tich-hien-dai-viet-nam-tap-1-bia.webp","contentUrl":"https:\/\/comiccandyz.azdigi.shop\/wp-content\/uploads\/2026\/04\/truyen-co-tich-hien-dai-viet-nam-tap-1-bia.webp","width":724,"height":1024},{"@type":"BreadcrumbList","@id":"https:\/\/comiccandyz.azdigi.shop\/?product=truyen-co-tich-hien-dai-viet-nam#breadcrumb","itemListElement":[{"@type":"ListItem","position":1,"name":"Home","item":"https:\/\/comiccandyz.azdigi.shop\/"},{"@type":"ListItem","position":2,"name":"Shop","item":"https:\/\/comiccandyz.azdigi.shop\/?page_id=223"},{"@type":"ListItem","position":3,"name":"Truy\u1ec7n c\u1ed5 t\u00edch hi\u1ec7n \u0111\u1ea1i Vi\u1ec7t Nam"}]},{"@type":"WebSite","@id":"https:\/\/comiccandyz.azdigi.shop\/#website","url":"https:\/\/comiccandyz.azdigi.shop\/","name":"ComicCandyz Shop","description":"","potentialAction":[{"@type":"SearchAction","target":{"@type":"EntryPoint","urlTemplate":"https:\/\/comiccandyz.azdigi.shop\/?s={search_term_string}"},"query-input":{"@type":"PropertyValueSpecification","valueRequired":true,"valueName":"search_term_string"}}],"inLanguage":"vi"}]}},"_links":{"self":[{"href":"https:\/\/comiccandyz.azdigi.shop\/index.php?rest_route=\/wp\/v2\/product\/433","targetHints":{"allow":["GET"]}}],"collection":[{"href":"https:\/\/comiccandyz.azdigi.shop\/index.php?rest_route=\/wp\/v2\/product"}],"about":[{"href":"https:\/\/comiccandyz.azdigi.shop\/index.php?rest_route=\/wp\/v2\/types\/product"}],"replies":[{"embeddable":true,"href":"https:\/\/comiccandyz.azdigi.shop\/index.php?rest_route=%2Fwp%2Fv2%2Fcomments&post=433"}],"wp:featuredmedia":[{"embeddable":true,"href":"https:\/\/comiccandyz.azdigi.shop\/index.php?rest_route=\/wp\/v2\/media\/434"}],"wp:attachment":[{"href":"https:\/\/comiccandyz.azdigi.shop\/index.php?rest_route=%2Fwp%2Fv2%2Fmedia&parent=433"}],"wp:term":[{"taxonomy":"product_brand","embeddable":true,"href":"https:\/\/comiccandyz.azdigi.shop\/index.php?rest_route=%2Fwp%2Fv2%2Fproduct_brand&post=433"},{"taxonomy":"product_cat","embeddable":true,"href":"https:\/\/comiccandyz.azdigi.shop\/index.php?rest_route=%2Fwp%2Fv2%2Fproduct_cat&post=433"},{"taxonomy":"product_tag","embeddable":true,"href":"https:\/\/comiccandyz.azdigi.shop\/index.php?rest_route=%2Fwp%2Fv2%2Fproduct_tag&post=433"}],"curies":[{"name":"wp","href":"https:\/\/api.w.org\/{rel}","templated":true}]}}