{"id":445,"date":"2026-04-17T10:10:00","date_gmt":"2026-04-17T10:10:00","guid":{"rendered":"https:\/\/comiccandyz.azdigi.shop\/?post_type=product&#038;p=445"},"modified":"2026-04-17T10:10:00","modified_gmt":"2026-04-17T10:10:00","slug":"alice-o-xu-so-than-tien","status":"publish","type":"product","link":"https:\/\/comiccandyz.azdigi.shop\/?product=alice-o-xu-so-than-tien","title":{"rendered":"Alice \u1edf X\u1ee9 S\u1edf Th\u1ea7n Ti\u00ean"},"content":{"rendered":"<p>ComicCandyz xin h\u00e2n h\u1ea1nh gi\u1edbi thi\u1ec7u t\u00e1c ph\u1ea9m Alice \u1edf X\u1ee9 S\u1edf Th\u1ea7n Ti\u00ean!!<\/p>\n<ul>\n<li>M\u00e3 Kim \u0110\u1ed3ng:\u00a0<span class=\"bold variant-sku\">6252101440013<\/span><\/li>\n<li>ISBN:\u00a0<strong>978-604-2-39386-7<\/strong><\/li>\n<li>T\u00e1c gi\u1ea3:\u00a0<a href=\"https:\/\/nxbkimdong.com.vn\/collections\/lewis-carroll\">Lewis Carroll<\/a><\/li>\n<li>\u0110\u1ed1i t\u01b0\u1ee3ng:\u00a0<a href=\"https:\/\/nxbkimdong.com.vn\/collections\/thieu-nien-11-15\">Thi\u1ebfu ni\u00ean (11 \u2013 15)<\/a><\/li>\n<li>Khu\u00f4n Kh\u1ed5:\u00a013&#215;19 cm<\/li>\n<li>S\u1ed1 trang: 184<\/li>\n<li>\u0110\u1ecbnh d\u1ea1ng: b\u00eca m\u1ec1m<\/li>\n<li>Tr\u1ecdng l\u01b0\u1ee3ng: 180 gram<\/li>\n<li>B\u1ed9 s\u00e1ch:\u00a0<a href=\"https:\/\/nxbkimdong.com.vn\/collections\/tu-sach-cac-nen-van-hoc-the-gioi\">T\u1ee7 s\u00e1ch c\u00e1c n\u1ec1n v\u0103n h\u1ecdc th\u1ebf gi\u1edbi<\/a><\/li>\n<\/ul>\n<p>\u201cNi\u1ec1m vui khi \u0111\u1ecdc nh\u1eefng c\u00e2u chuy\u1ec7n th\u1eddi th\u01a1 \u1ea5u b\u1eaft \u0111\u1ea7u trong th\u1ebf gi\u1edbi th\u1ef1c nh\u01b0ng sau \u0111\u00f3 s\u1ebd \u0111\u01b0a b\u1ea1n \u0111\u1ebfn m\u1ed9t th\u1ebf gi\u1edbi kh\u00e1c, v\u00e0o th\u1eddi kh\u1eafc \u201c\u0111\u00e3 m\u1edf ra, c\u00e1nh c\u1eeda s\u1ebd kh\u00f4ng bao gi\u1edd \u0111\u00f3ng l\u1ea1i ph\u00eda sau b\u1ea1n\u201d n\u1eefa. C\u00e1nh c\u1eeda v\u00e0o X\u1ee9 S\u1edf Th\u1ea7n Ti\u00ean di\u1ec7u k\u00ec nh\u01b0 th\u1ebf. X\u1ee9 S\u1edf Th\u1ea7n Ti\u00ean \u1ea5y c\u00f3 th\u1ec3 ch\u1ec9 t\u1ed3n t\u1ea1i trong tr\u00ed t\u01b0\u1edfng t\u01b0\u1ee3ng c\u1ee7a c\u00f4 b\u00e9 Alice, nh\u01b0ng m\u1ed9t khi ch\u00fang ta \u0111\u00e3 c\u00f9ng \u0111\u1ed3ng \u0111i\u1ec7u v\u1edbi t\u00e2m h\u1ed3n c\u00f4 th\u00ec x\u1ee9 s\u1edf \u0111\u00f3 c\u0169ng t\u1ed3n t\u1ea1i trong t\u00e2m tr\u00ed ch\u00fang ta\u2019. (RobeRtDouglas\u2013FaiRhuRst)<\/p>\n","protected":false},"excerpt":{"rendered":"<p>ComicCandyz xin h\u00e2n h\u1ea1nh gi\u1edbi thi\u1ec7u t\u00e1c ph\u1ea9m Alice \u1edf X\u1ee9 S\u1edf Th\u1ea7n Ti\u00ean!! M\u00e3 Kim \u0110\u1ed3ng:\u00a06252101440013 ISBN:\u00a0978-604-2-39386-7 T\u00e1c gi\u1ea3:\u00a0Lewis Carroll \u0110\u1ed1i t\u01b0\u1ee3ng:\u00a0Thi\u1ebfu ni\u00ean (11 \u2013 15) Khu\u00f4n Kh\u1ed5:\u00a013&#215;19 cm S\u1ed1 trang: 184 \u0110\u1ecbnh d\u1ea1ng: b\u00eca m\u1ec1m Tr\u1ecdng l\u01b0\u1ee3ng: 180 gram B\u1ed9 s\u00e1ch:\u00a0T\u1ee7 s\u00e1ch c\u00e1c n\u1ec1n v\u0103n h\u1ecdc th\u1ebf gi\u1edbi \u201cNi\u1ec1m vui khi \u0111\u1ecdc nh\u1eefng [&#8230;]\n","protected":false},"featured_media":449,"comment_status":"open","ping_status":"closed","template":"","meta":[],"product_brand":[],"product_cat":[32],"product_tag":[],"class_list":{"0":"post-445","1":"product","2":"type-product","3":"status-publish","4":"has-post-thumbnail","6":"product_cat-van-hoc-nuoc-ngoai","8":"first","9":"instock","10":"sale","11":"shipping-taxable","12":"purchasable","13":"product-type-variable"},"yoast_head":"<!-- This site is optimized with the Yoast SEO plugin v27.1.1 - https:\/\/yoast.com\/product\/yoast-seo-wordpress\/ -->\n<title>Alice \u1edf X\u1ee9 S\u1edf Th\u1ea7n Ti\u00ean - ComicCandyz Shop<\/title>\n<meta name=\"description\" content=\"&quot;X\u1ee9 S\u1edf Th\u1ea7n Ti\u00ean \u1ea5y c\u00f3 th\u1ec3 ch\u1ec9 t\u1ed3n t\u1ea1i trong tr\u00ed t\u01b0\u1edfng t\u01b0\u1ee3ng c\u1ee7a c\u00f4 b\u00e9 Alice,...&quot; - ComicCandyz Shop Alice \u1edf X\u1ee9 S\u1edf Th\u1ea7n Ti\u00ean\" \/>\n<meta name=\"robots\" content=\"index, follow, max-snippet:-1, max-image-preview:large, max-video-preview:-1\" \/>\n<link rel=\"canonical\" href=\"https:\/\/comiccandyz.azdigi.shop\/?product=alice-o-xu-so-than-tien\" \/>\n<meta property=\"og:locale\" content=\"vi_VN\" \/>\n<meta property=\"og:type\" content=\"article\" \/>\n<meta property=\"og:title\" content=\"Alice \u1edf X\u1ee9 S\u1edf Th\u1ea7n Ti\u00ean - ComicCandyz Shop\" \/>\n<meta property=\"og:description\" content=\"&quot;X\u1ee9 S\u1edf Th\u1ea7n Ti\u00ean \u1ea5y c\u00f3 th\u1ec3 ch\u1ec9 t\u1ed3n t\u1ea1i trong tr\u00ed t\u01b0\u1edfng t\u01b0\u1ee3ng c\u1ee7a c\u00f4 b\u00e9 Alice,...&quot; - ComicCandyz Shop Alice \u1edf X\u1ee9 S\u1edf Th\u1ea7n Ti\u00ean\" \/>\n<meta property=\"og:url\" content=\"https:\/\/comiccandyz.azdigi.shop\/?product=alice-o-xu-so-than-tien\" \/>\n<meta property=\"og:site_name\" content=\"ComicCandyz Shop\" \/>\n<meta property=\"og:image\" content=\"https:\/\/comiccandyz.azdigi.shop\/wp-content\/uploads\/2026\/04\/van-hoc-anh-alice-o-xu-so-than-tien-tb-2024.webp\" \/>\n\t<meta property=\"og:image:width\" content=\"319\" \/>\n\t<meta property=\"og:image:height\" content=\"480\" \/>\n\t<meta property=\"og:image:type\" content=\"image\/webp\" \/>\n<meta name=\"twitter:card\" content=\"summary_large_image\" \/>\n<meta name=\"twitter:label1\" content=\"\u01af\u1edbc t\u00ednh th\u1eddi gian \u0111\u1ecdc\" \/>\n\t<meta name=\"twitter:data1\" content=\"2 ph\u00fat\" \/>\n<script type=\"application\/ld+json\" class=\"yoast-schema-graph\">{\"@context\":\"https:\/\/schema.org\",\"@graph\":[{\"@type\":\"WebPage\",\"@id\":\"https:\/\/comiccandyz.azdigi.shop\/?product=alice-o-xu-so-than-tien\",\"url\":\"https:\/\/comiccandyz.azdigi.shop\/?product=alice-o-xu-so-than-tien\",\"name\":\"Alice \u1edf X\u1ee9 S\u1edf Th\u1ea7n Ti\u00ean - ComicCandyz Shop\",\"isPartOf\":{\"@id\":\"https:\/\/comiccandyz.azdigi.shop\/#website\"},\"primaryImageOfPage\":{\"@id\":\"https:\/\/comiccandyz.azdigi.shop\/?product=alice-o-xu-so-than-tien#primaryimage\"},\"image\":{\"@id\":\"https:\/\/comiccandyz.azdigi.shop\/?product=alice-o-xu-so-than-tien#primaryimage\"},\"thumbnailUrl\":\"https:\/\/comiccandyz.azdigi.shop\/wp-content\/uploads\/2026\/04\/van-hoc-anh-alice-o-xu-so-than-tien-tb-2024.webp\",\"datePublished\":\"2026-04-17T10:10:00+00:00\",\"description\":\"\\\"X\u1ee9 S\u1edf Th\u1ea7n Ti\u00ean \u1ea5y c\u00f3 th\u1ec3 ch\u1ec9 t\u1ed3n t\u1ea1i trong tr\u00ed t\u01b0\u1edfng t\u01b0\u1ee3ng c\u1ee7a c\u00f4 b\u00e9 Alice,...\\\" - ComicCandyz Shop Alice \u1edf X\u1ee9 S\u1edf Th\u1ea7n Ti\u00ean\",\"breadcrumb\":{\"@id\":\"https:\/\/comiccandyz.azdigi.shop\/?product=alice-o-xu-so-than-tien#breadcrumb\"},\"inLanguage\":\"vi\",\"potentialAction\":[{\"@type\":\"ReadAction\",\"target\":[\"https:\/\/comiccandyz.azdigi.shop\/?product=alice-o-xu-so-than-tien\"]}]},{\"@type\":\"ImageObject\",\"inLanguage\":\"vi\",\"@id\":\"https:\/\/comiccandyz.azdigi.shop\/?product=alice-o-xu-so-than-tien#primaryimage\",\"url\":\"https:\/\/comiccandyz.azdigi.shop\/wp-content\/uploads\/2026\/04\/van-hoc-anh-alice-o-xu-so-than-tien-tb-2024.webp\",\"contentUrl\":\"https:\/\/comiccandyz.azdigi.shop\/wp-content\/uploads\/2026\/04\/van-hoc-anh-alice-o-xu-so-than-tien-tb-2024.webp\",\"width\":319,\"height\":480},{\"@type\":\"BreadcrumbList\",\"@id\":\"https:\/\/comiccandyz.azdigi.shop\/?product=alice-o-xu-so-than-tien#breadcrumb\",\"itemListElement\":[{\"@type\":\"ListItem\",\"position\":1,\"name\":\"Home\",\"item\":\"https:\/\/comiccandyz.azdigi.shop\/\"},{\"@type\":\"ListItem\",\"position\":2,\"name\":\"Shop\",\"item\":\"https:\/\/comiccandyz.azdigi.shop\/?page_id=223\"},{\"@type\":\"ListItem\",\"position\":3,\"name\":\"Alice \u1edf X\u1ee9 S\u1edf Th\u1ea7n Ti\u00ean\"}]},{\"@type\":\"WebSite\",\"@id\":\"https:\/\/comiccandyz.azdigi.shop\/#website\",\"url\":\"https:\/\/comiccandyz.azdigi.shop\/\",\"name\":\"ComicCandyz Shop\",\"description\":\"\",\"potentialAction\":[{\"@type\":\"SearchAction\",\"target\":{\"@type\":\"EntryPoint\",\"urlTemplate\":\"https:\/\/comiccandyz.azdigi.shop\/?s={search_term_string}\"},\"query-input\":{\"@type\":\"PropertyValueSpecification\",\"valueRequired\":true,\"valueName\":\"search_term_string\"}}],\"inLanguage\":\"vi\"}]}<\/script>\n<!-- \/ Yoast SEO plugin. -->","yoast_head_json":{"title":"Alice \u1edf X\u1ee9 S\u1edf Th\u1ea7n Ti\u00ean - ComicCandyz Shop","description":"\"X\u1ee9 S\u1edf Th\u1ea7n Ti\u00ean \u1ea5y c\u00f3 th\u1ec3 ch\u1ec9 t\u1ed3n t\u1ea1i trong tr\u00ed t\u01b0\u1edfng t\u01b0\u1ee3ng c\u1ee7a c\u00f4 b\u00e9 Alice,...\" - ComicCandyz Shop Alice \u1edf X\u1ee9 S\u1edf Th\u1ea7n Ti\u00ean","robots":{"index":"index","follow":"follow","max-snippet":"max-snippet:-1","max-image-preview":"max-image-preview:large","max-video-preview":"max-video-preview:-1"},"canonical":"https:\/\/comiccandyz.azdigi.shop\/?product=alice-o-xu-so-than-tien","og_locale":"vi_VN","og_type":"article","og_title":"Alice \u1edf X\u1ee9 S\u1edf Th\u1ea7n Ti\u00ean - ComicCandyz Shop","og_description":"\"X\u1ee9 S\u1edf Th\u1ea7n Ti\u00ean \u1ea5y c\u00f3 th\u1ec3 ch\u1ec9 t\u1ed3n t\u1ea1i trong tr\u00ed t\u01b0\u1edfng t\u01b0\u1ee3ng c\u1ee7a c\u00f4 b\u00e9 Alice,...\" - ComicCandyz Shop Alice \u1edf X\u1ee9 S\u1edf Th\u1ea7n Ti\u00ean","og_url":"https:\/\/comiccandyz.azdigi.shop\/?product=alice-o-xu-so-than-tien","og_site_name":"ComicCandyz Shop","og_image":[{"width":319,"height":480,"url":"https:\/\/comiccandyz.azdigi.shop\/wp-content\/uploads\/2026\/04\/van-hoc-anh-alice-o-xu-so-than-tien-tb-2024.webp","type":"image\/webp"}],"twitter_card":"summary_large_image","twitter_misc":{"\u01af\u1edbc t\u00ednh th\u1eddi gian \u0111\u1ecdc":"2 ph\u00fat"},"schema":{"@context":"https:\/\/schema.org","@graph":[{"@type":"WebPage","@id":"https:\/\/comiccandyz.azdigi.shop\/?product=alice-o-xu-so-than-tien","url":"https:\/\/comiccandyz.azdigi.shop\/?product=alice-o-xu-so-than-tien","name":"Alice \u1edf X\u1ee9 S\u1edf Th\u1ea7n Ti\u00ean - ComicCandyz Shop","isPartOf":{"@id":"https:\/\/comiccandyz.azdigi.shop\/#website"},"primaryImageOfPage":{"@id":"https:\/\/comiccandyz.azdigi.shop\/?product=alice-o-xu-so-than-tien#primaryimage"},"image":{"@id":"https:\/\/comiccandyz.azdigi.shop\/?product=alice-o-xu-so-than-tien#primaryimage"},"thumbnailUrl":"https:\/\/comiccandyz.azdigi.shop\/wp-content\/uploads\/2026\/04\/van-hoc-anh-alice-o-xu-so-than-tien-tb-2024.webp","datePublished":"2026-04-17T10:10:00+00:00","description":"\"X\u1ee9 S\u1edf Th\u1ea7n Ti\u00ean \u1ea5y c\u00f3 th\u1ec3 ch\u1ec9 t\u1ed3n t\u1ea1i trong tr\u00ed t\u01b0\u1edfng t\u01b0\u1ee3ng c\u1ee7a c\u00f4 b\u00e9 Alice,...\" - ComicCandyz Shop Alice \u1edf X\u1ee9 S\u1edf Th\u1ea7n Ti\u00ean","breadcrumb":{"@id":"https:\/\/comiccandyz.azdigi.shop\/?product=alice-o-xu-so-than-tien#breadcrumb"},"inLanguage":"vi","potentialAction":[{"@type":"ReadAction","target":["https:\/\/comiccandyz.azdigi.shop\/?product=alice-o-xu-so-than-tien"]}]},{"@type":"ImageObject","inLanguage":"vi","@id":"https:\/\/comiccandyz.azdigi.shop\/?product=alice-o-xu-so-than-tien#primaryimage","url":"https:\/\/comiccandyz.azdigi.shop\/wp-content\/uploads\/2026\/04\/van-hoc-anh-alice-o-xu-so-than-tien-tb-2024.webp","contentUrl":"https:\/\/comiccandyz.azdigi.shop\/wp-content\/uploads\/2026\/04\/van-hoc-anh-alice-o-xu-so-than-tien-tb-2024.webp","width":319,"height":480},{"@type":"BreadcrumbList","@id":"https:\/\/comiccandyz.azdigi.shop\/?product=alice-o-xu-so-than-tien#breadcrumb","itemListElement":[{"@type":"ListItem","position":1,"name":"Home","item":"https:\/\/comiccandyz.azdigi.shop\/"},{"@type":"ListItem","position":2,"name":"Shop","item":"https:\/\/comiccandyz.azdigi.shop\/?page_id=223"},{"@type":"ListItem","position":3,"name":"Alice \u1edf X\u1ee9 S\u1edf Th\u1ea7n Ti\u00ean"}]},{"@type":"WebSite","@id":"https:\/\/comiccandyz.azdigi.shop\/#website","url":"https:\/\/comiccandyz.azdigi.shop\/","name":"ComicCandyz Shop","description":"","potentialAction":[{"@type":"SearchAction","target":{"@type":"EntryPoint","urlTemplate":"https:\/\/comiccandyz.azdigi.shop\/?s={search_term_string}"},"query-input":{"@type":"PropertyValueSpecification","valueRequired":true,"valueName":"search_term_string"}}],"inLanguage":"vi"}]}},"_links":{"self":[{"href":"https:\/\/comiccandyz.azdigi.shop\/index.php?rest_route=\/wp\/v2\/product\/445","targetHints":{"allow":["GET"]}}],"collection":[{"href":"https:\/\/comiccandyz.azdigi.shop\/index.php?rest_route=\/wp\/v2\/product"}],"about":[{"href":"https:\/\/comiccandyz.azdigi.shop\/index.php?rest_route=\/wp\/v2\/types\/product"}],"replies":[{"embeddable":true,"href":"https:\/\/comiccandyz.azdigi.shop\/index.php?rest_route=%2Fwp%2Fv2%2Fcomments&post=445"}],"wp:featuredmedia":[{"embeddable":true,"href":"https:\/\/comiccandyz.azdigi.shop\/index.php?rest_route=\/wp\/v2\/media\/449"}],"wp:attachment":[{"href":"https:\/\/comiccandyz.azdigi.shop\/index.php?rest_route=%2Fwp%2Fv2%2Fmedia&parent=445"}],"wp:term":[{"taxonomy":"product_brand","embeddable":true,"href":"https:\/\/comiccandyz.azdigi.shop\/index.php?rest_route=%2Fwp%2Fv2%2Fproduct_brand&post=445"},{"taxonomy":"product_cat","embeddable":true,"href":"https:\/\/comiccandyz.azdigi.shop\/index.php?rest_route=%2Fwp%2Fv2%2Fproduct_cat&post=445"},{"taxonomy":"product_tag","embeddable":true,"href":"https:\/\/comiccandyz.azdigi.shop\/index.php?rest_route=%2Fwp%2Fv2%2Fproduct_tag&post=445"}],"curies":[{"name":"wp","href":"https:\/\/api.w.org\/{rel}","templated":true}]}}