{"id":450,"date":"2026-04-17T10:26:40","date_gmt":"2026-04-17T10:26:40","guid":{"rendered":"https:\/\/comiccandyz.azdigi.shop\/?post_type=product&#038;p=450"},"modified":"2026-04-17T11:13:24","modified_gmt":"2026-04-17T11:13:24","slug":"truong-gia-hoc-lam-sang","status":"publish","type":"product","link":"https:\/\/comiccandyz.azdigi.shop\/?product=truong-gia-hoc-lam-sang","title":{"rendered":"Tr\u01b0\u1edfng gi\u1ea3 h\u1ecdc l\u00e0m sang"},"content":{"rendered":"<p>ComicCandyz Shop xin h\u00e2n h\u1ea1nh gi\u1edbi thi\u1ec7u t\u00e1c ph\u1ea9m Tr\u01b0\u1edfng gi\u1ea3 h\u1ecdc l\u00e0m sang!!!<\/p>\n<ul>\n<li>M\u00e3 Kim \u0110\u1ed3ng:\u00a0<span class=\"bold variant-sku\">6261112500018<\/span><\/li>\n<li>ISBN:\u00a0<strong>978-604-2-26344-3<\/strong><\/li>\n<li>T\u00e1c gi\u1ea3:\u00a0<a href=\"https:\/\/nxbkimdong.com.vn\/collections\/moliere\">Moli\u00e8re<\/a><\/li>\n<li>\u0110\u1ed1i t\u01b0\u1ee3ng:\u00a0<a href=\"https:\/\/nxbkimdong.com.vn\/collections\/thieu-nien-11-15\">Thi\u1ebfu ni\u00ean (11 \u2013 15)<\/a><\/li>\n<li>Khu\u00f4n Kh\u1ed5:\u00a013&#215;19 cm<\/li>\n<li>S\u1ed1 trang:\u00a0164<\/li>\n<li>\u0110\u1ecbnh d\u1ea1ng:\u00a0b\u00eca m\u1ec1m<\/li>\n<li>Tr\u1ecdng l\u01b0\u1ee3ng:\u00a0170 gram<\/li>\n<li>B\u1ed9 s\u00e1ch:\u00a0<a href=\"https:\/\/nxbkimdong.com.vn\/collections\/van-hoc-trong-nha-truong\">V\u0103n h\u1ecdc trong nh\u00e0 tr\u01b0\u1eddng<\/a><\/li>\n<\/ul>\n<p>Nh\u1eb1m gi\u00fap c\u00e1c b\u1ea1n h\u1ecdc sinh c\u00f3 m\u1ed9t n\u1ec1n t\u1ea3ng ki\u1ebfn th\u1ee9c v\u0103n h\u1ecdc phong ph\u00fa, v\u1eefng v\u00e0ng, Nh\u00e0 xu\u1ea5t b\u1ea3n Kim \u0110\u1ed3ng t\u1ed5 ch\u1ee9c bi\u00ean so\u1ea1n b\u1ed9 s\u00e1ch T\u1ee7 s\u00e1ch V\u0103n h\u1ecdc trong nh\u00e0 tr\u01b0\u1eddng.<\/p>\n<p>B\u1ed9 s\u00e1ch s\u1ebd l\u1ea7n l\u01b0\u1ee3t gi\u1edbi thi\u1ec7u t\u00e1c ph\u1ea9m c\u1ee7a c\u00e1c t\u00e1c gi\u1ea3 thu\u1ed9c nhi\u1ec1u tr\u00e0o l\u01b0u, th\u1ec3 lo\u1ea1i, th\u1eddi k\u00ec&#8230;<\/p>\n<p>Ngo\u00e0i gi\u00e1 tr\u1ecb t\u01b0 li\u1ec7u h\u1ecdc t\u1eadp, hi v\u1ecdng b\u1ed9 s\u00e1ch c\u00f2n gi\u00fap b\u1ed3i d\u01b0\u1ee1ng th\u00eam t\u00ecnh y\u00eau v\u0103n h\u1ecdc, kh\u00edch l\u1ec7 t\u01b0 duy s\u00e1ng t\u1ea1o gi\u00fap ng\u01b0\u1eddi \u0111\u1ecdc c\u00f3 \u0111\u01b0\u1ee3c cho m\u00ecnh nh\u1eefng nh\u1eadn \u0111\u1ecbnh kh\u00e1ch quan v\u00e0 h\u1ee3p l\u00ed.<\/p>\n","protected":false},"excerpt":{"rendered":"<p>ComicCandyz Shop xin h\u00e2n h\u1ea1nh gi\u1edbi thi\u1ec7u t\u00e1c ph\u1ea9m Tr\u01b0\u1edfng gi\u1ea3 h\u1ecdc l\u00e0m sang!!! M\u00e3 Kim \u0110\u1ed3ng:\u00a06261112500018 ISBN:\u00a0978-604-2-26344-3 T\u00e1c gi\u1ea3:\u00a0Moli\u00e8re \u0110\u1ed1i t\u01b0\u1ee3ng:\u00a0Thi\u1ebfu ni\u00ean (11 \u2013 15) Khu\u00f4n Kh\u1ed5:\u00a013&#215;19 cm S\u1ed1 trang:\u00a0164 \u0110\u1ecbnh d\u1ea1ng:\u00a0b\u00eca m\u1ec1m Tr\u1ecdng l\u01b0\u1ee3ng:\u00a0170 gram B\u1ed9 s\u00e1ch:\u00a0V\u0103n h\u1ecdc trong nh\u00e0 tr\u01b0\u1eddng Nh\u1eb1m gi\u00fap c\u00e1c b\u1ea1n h\u1ecdc sinh c\u00f3 m\u1ed9t n\u1ec1n t\u1ea3ng ki\u1ebfn th\u1ee9c [&#8230;]\n","protected":false},"featured_media":451,"comment_status":"open","ping_status":"closed","template":"","meta":[],"product_brand":[],"product_cat":[32],"product_tag":[],"class_list":{"0":"post-450","1":"product","2":"type-product","3":"status-publish","4":"has-post-thumbnail","6":"product_cat-van-hoc-nuoc-ngoai","8":"first","9":"instock","10":"sale","11":"shipping-taxable","12":"purchasable","13":"product-type-variable"},"yoast_head":"<!-- This site is optimized with the Yoast SEO plugin v27.1.1 - https:\/\/yoast.com\/product\/yoast-seo-wordpress\/ -->\n<title>Tr\u01b0\u1edfng gi\u1ea3 h\u1ecdc l\u00e0m sang - ComicCandyz Shop<\/title>\n<meta name=\"description\" content=\"Nh\u1eb1m gi\u00fap c\u00e1c b\u1ea1n h\u1ecdc sinh c\u00f3 m\u1ed9t n\u1ec1n t\u1ea3ng ki\u1ebfn th\u1ee9c v\u0103n h\u1ecdc phong ph\u00fa, v\u1eefng v\u00e0ng. ComicCandyz Shop Tr\u01b0\u1edfng gi\u1ea3 h\u1ecdc l\u00e0m sang\" \/>\n<meta name=\"robots\" content=\"index, follow, max-snippet:-1, max-image-preview:large, max-video-preview:-1\" \/>\n<link rel=\"canonical\" href=\"https:\/\/comiccandyz.azdigi.shop\/?product=truong-gia-hoc-lam-sang\" \/>\n<meta property=\"og:locale\" content=\"vi_VN\" \/>\n<meta property=\"og:type\" content=\"article\" \/>\n<meta property=\"og:title\" content=\"Tr\u01b0\u1edfng gi\u1ea3 h\u1ecdc l\u00e0m sang - ComicCandyz Shop\" \/>\n<meta property=\"og:description\" content=\"Nh\u1eb1m gi\u00fap c\u00e1c b\u1ea1n h\u1ecdc sinh c\u00f3 m\u1ed9t n\u1ec1n t\u1ea3ng ki\u1ebfn th\u1ee9c v\u0103n h\u1ecdc phong ph\u00fa, v\u1eefng v\u00e0ng. ComicCandyz Shop Tr\u01b0\u1edfng gi\u1ea3 h\u1ecdc l\u00e0m sang\" \/>\n<meta property=\"og:url\" content=\"https:\/\/comiccandyz.azdigi.shop\/?product=truong-gia-hoc-lam-sang\" \/>\n<meta property=\"og:site_name\" content=\"ComicCandyz Shop\" \/>\n<meta property=\"article:modified_time\" content=\"2026-04-17T11:13:24+00:00\" \/>\n<meta property=\"og:image\" content=\"https:\/\/comiccandyz.azdigi.shop\/wp-content\/uploads\/2026\/04\/truong-gia-hoc-lam-sang-bia-uv-1-edb9c574bc6445f184d55b35efc24ca7-70f3adac-b824-4b5d-affb-696f7d86affc.webp\" \/>\n\t<meta property=\"og:image:width\" content=\"700\" \/>\n\t<meta property=\"og:image:height\" content=\"1024\" \/>\n\t<meta property=\"og:image:type\" content=\"image\/webp\" \/>\n<meta name=\"twitter:card\" content=\"summary_large_image\" \/>\n<meta name=\"twitter:label1\" content=\"\u01af\u1edbc t\u00ednh th\u1eddi gian \u0111\u1ecdc\" \/>\n\t<meta name=\"twitter:data1\" content=\"2 ph\u00fat\" \/>\n<script type=\"application\/ld+json\" class=\"yoast-schema-graph\">{\"@context\":\"https:\/\/schema.org\",\"@graph\":[{\"@type\":\"WebPage\",\"@id\":\"https:\/\/comiccandyz.azdigi.shop\/?product=truong-gia-hoc-lam-sang\",\"url\":\"https:\/\/comiccandyz.azdigi.shop\/?product=truong-gia-hoc-lam-sang\",\"name\":\"Tr\u01b0\u1edfng gi\u1ea3 h\u1ecdc l\u00e0m sang - ComicCandyz Shop\",\"isPartOf\":{\"@id\":\"https:\/\/comiccandyz.azdigi.shop\/#website\"},\"primaryImageOfPage\":{\"@id\":\"https:\/\/comiccandyz.azdigi.shop\/?product=truong-gia-hoc-lam-sang#primaryimage\"},\"image\":{\"@id\":\"https:\/\/comiccandyz.azdigi.shop\/?product=truong-gia-hoc-lam-sang#primaryimage\"},\"thumbnailUrl\":\"https:\/\/comiccandyz.azdigi.shop\/wp-content\/uploads\/2026\/04\/truong-gia-hoc-lam-sang-bia-uv-1-edb9c574bc6445f184d55b35efc24ca7-70f3adac-b824-4b5d-affb-696f7d86affc.webp\",\"datePublished\":\"2026-04-17T10:26:40+00:00\",\"dateModified\":\"2026-04-17T11:13:24+00:00\",\"description\":\"Nh\u1eb1m gi\u00fap c\u00e1c b\u1ea1n h\u1ecdc sinh c\u00f3 m\u1ed9t n\u1ec1n t\u1ea3ng ki\u1ebfn th\u1ee9c v\u0103n h\u1ecdc phong ph\u00fa, v\u1eefng v\u00e0ng. ComicCandyz Shop Tr\u01b0\u1edfng gi\u1ea3 h\u1ecdc l\u00e0m sang\",\"breadcrumb\":{\"@id\":\"https:\/\/comiccandyz.azdigi.shop\/?product=truong-gia-hoc-lam-sang#breadcrumb\"},\"inLanguage\":\"vi\",\"potentialAction\":[{\"@type\":\"ReadAction\",\"target\":[\"https:\/\/comiccandyz.azdigi.shop\/?product=truong-gia-hoc-lam-sang\"]}]},{\"@type\":\"ImageObject\",\"inLanguage\":\"vi\",\"@id\":\"https:\/\/comiccandyz.azdigi.shop\/?product=truong-gia-hoc-lam-sang#primaryimage\",\"url\":\"https:\/\/comiccandyz.azdigi.shop\/wp-content\/uploads\/2026\/04\/truong-gia-hoc-lam-sang-bia-uv-1-edb9c574bc6445f184d55b35efc24ca7-70f3adac-b824-4b5d-affb-696f7d86affc.webp\",\"contentUrl\":\"https:\/\/comiccandyz.azdigi.shop\/wp-content\/uploads\/2026\/04\/truong-gia-hoc-lam-sang-bia-uv-1-edb9c574bc6445f184d55b35efc24ca7-70f3adac-b824-4b5d-affb-696f7d86affc.webp\",\"width\":700,\"height\":1024},{\"@type\":\"BreadcrumbList\",\"@id\":\"https:\/\/comiccandyz.azdigi.shop\/?product=truong-gia-hoc-lam-sang#breadcrumb\",\"itemListElement\":[{\"@type\":\"ListItem\",\"position\":1,\"name\":\"Home\",\"item\":\"https:\/\/comiccandyz.azdigi.shop\/\"},{\"@type\":\"ListItem\",\"position\":2,\"name\":\"Shop\",\"item\":\"https:\/\/comiccandyz.azdigi.shop\/?page_id=223\"},{\"@type\":\"ListItem\",\"position\":3,\"name\":\"Tr\u01b0\u1edfng gi\u1ea3 h\u1ecdc l\u00e0m sang\"}]},{\"@type\":\"WebSite\",\"@id\":\"https:\/\/comiccandyz.azdigi.shop\/#website\",\"url\":\"https:\/\/comiccandyz.azdigi.shop\/\",\"name\":\"ComicCandyz Shop\",\"description\":\"\",\"potentialAction\":[{\"@type\":\"SearchAction\",\"target\":{\"@type\":\"EntryPoint\",\"urlTemplate\":\"https:\/\/comiccandyz.azdigi.shop\/?s={search_term_string}\"},\"query-input\":{\"@type\":\"PropertyValueSpecification\",\"valueRequired\":true,\"valueName\":\"search_term_string\"}}],\"inLanguage\":\"vi\"}]}<\/script>\n<!-- \/ Yoast SEO plugin. -->","yoast_head_json":{"title":"Tr\u01b0\u1edfng gi\u1ea3 h\u1ecdc l\u00e0m sang - ComicCandyz Shop","description":"Nh\u1eb1m gi\u00fap c\u00e1c b\u1ea1n h\u1ecdc sinh c\u00f3 m\u1ed9t n\u1ec1n t\u1ea3ng ki\u1ebfn th\u1ee9c v\u0103n h\u1ecdc phong ph\u00fa, v\u1eefng v\u00e0ng. ComicCandyz Shop Tr\u01b0\u1edfng gi\u1ea3 h\u1ecdc l\u00e0m sang","robots":{"index":"index","follow":"follow","max-snippet":"max-snippet:-1","max-image-preview":"max-image-preview:large","max-video-preview":"max-video-preview:-1"},"canonical":"https:\/\/comiccandyz.azdigi.shop\/?product=truong-gia-hoc-lam-sang","og_locale":"vi_VN","og_type":"article","og_title":"Tr\u01b0\u1edfng gi\u1ea3 h\u1ecdc l\u00e0m sang - ComicCandyz Shop","og_description":"Nh\u1eb1m gi\u00fap c\u00e1c b\u1ea1n h\u1ecdc sinh c\u00f3 m\u1ed9t n\u1ec1n t\u1ea3ng ki\u1ebfn th\u1ee9c v\u0103n h\u1ecdc phong ph\u00fa, v\u1eefng v\u00e0ng. ComicCandyz Shop Tr\u01b0\u1edfng gi\u1ea3 h\u1ecdc l\u00e0m sang","og_url":"https:\/\/comiccandyz.azdigi.shop\/?product=truong-gia-hoc-lam-sang","og_site_name":"ComicCandyz Shop","article_modified_time":"2026-04-17T11:13:24+00:00","og_image":[{"width":700,"height":1024,"url":"https:\/\/comiccandyz.azdigi.shop\/wp-content\/uploads\/2026\/04\/truong-gia-hoc-lam-sang-bia-uv-1-edb9c574bc6445f184d55b35efc24ca7-70f3adac-b824-4b5d-affb-696f7d86affc.webp","type":"image\/webp"}],"twitter_card":"summary_large_image","twitter_misc":{"\u01af\u1edbc t\u00ednh th\u1eddi gian \u0111\u1ecdc":"2 ph\u00fat"},"schema":{"@context":"https:\/\/schema.org","@graph":[{"@type":"WebPage","@id":"https:\/\/comiccandyz.azdigi.shop\/?product=truong-gia-hoc-lam-sang","url":"https:\/\/comiccandyz.azdigi.shop\/?product=truong-gia-hoc-lam-sang","name":"Tr\u01b0\u1edfng gi\u1ea3 h\u1ecdc l\u00e0m sang - ComicCandyz Shop","isPartOf":{"@id":"https:\/\/comiccandyz.azdigi.shop\/#website"},"primaryImageOfPage":{"@id":"https:\/\/comiccandyz.azdigi.shop\/?product=truong-gia-hoc-lam-sang#primaryimage"},"image":{"@id":"https:\/\/comiccandyz.azdigi.shop\/?product=truong-gia-hoc-lam-sang#primaryimage"},"thumbnailUrl":"https:\/\/comiccandyz.azdigi.shop\/wp-content\/uploads\/2026\/04\/truong-gia-hoc-lam-sang-bia-uv-1-edb9c574bc6445f184d55b35efc24ca7-70f3adac-b824-4b5d-affb-696f7d86affc.webp","datePublished":"2026-04-17T10:26:40+00:00","dateModified":"2026-04-17T11:13:24+00:00","description":"Nh\u1eb1m gi\u00fap c\u00e1c b\u1ea1n h\u1ecdc sinh c\u00f3 m\u1ed9t n\u1ec1n t\u1ea3ng ki\u1ebfn th\u1ee9c v\u0103n h\u1ecdc phong ph\u00fa, v\u1eefng v\u00e0ng. ComicCandyz Shop Tr\u01b0\u1edfng gi\u1ea3 h\u1ecdc l\u00e0m sang","breadcrumb":{"@id":"https:\/\/comiccandyz.azdigi.shop\/?product=truong-gia-hoc-lam-sang#breadcrumb"},"inLanguage":"vi","potentialAction":[{"@type":"ReadAction","target":["https:\/\/comiccandyz.azdigi.shop\/?product=truong-gia-hoc-lam-sang"]}]},{"@type":"ImageObject","inLanguage":"vi","@id":"https:\/\/comiccandyz.azdigi.shop\/?product=truong-gia-hoc-lam-sang#primaryimage","url":"https:\/\/comiccandyz.azdigi.shop\/wp-content\/uploads\/2026\/04\/truong-gia-hoc-lam-sang-bia-uv-1-edb9c574bc6445f184d55b35efc24ca7-70f3adac-b824-4b5d-affb-696f7d86affc.webp","contentUrl":"https:\/\/comiccandyz.azdigi.shop\/wp-content\/uploads\/2026\/04\/truong-gia-hoc-lam-sang-bia-uv-1-edb9c574bc6445f184d55b35efc24ca7-70f3adac-b824-4b5d-affb-696f7d86affc.webp","width":700,"height":1024},{"@type":"BreadcrumbList","@id":"https:\/\/comiccandyz.azdigi.shop\/?product=truong-gia-hoc-lam-sang#breadcrumb","itemListElement":[{"@type":"ListItem","position":1,"name":"Home","item":"https:\/\/comiccandyz.azdigi.shop\/"},{"@type":"ListItem","position":2,"name":"Shop","item":"https:\/\/comiccandyz.azdigi.shop\/?page_id=223"},{"@type":"ListItem","position":3,"name":"Tr\u01b0\u1edfng gi\u1ea3 h\u1ecdc l\u00e0m sang"}]},{"@type":"WebSite","@id":"https:\/\/comiccandyz.azdigi.shop\/#website","url":"https:\/\/comiccandyz.azdigi.shop\/","name":"ComicCandyz Shop","description":"","potentialAction":[{"@type":"SearchAction","target":{"@type":"EntryPoint","urlTemplate":"https:\/\/comiccandyz.azdigi.shop\/?s={search_term_string}"},"query-input":{"@type":"PropertyValueSpecification","valueRequired":true,"valueName":"search_term_string"}}],"inLanguage":"vi"}]}},"_links":{"self":[{"href":"https:\/\/comiccandyz.azdigi.shop\/index.php?rest_route=\/wp\/v2\/product\/450","targetHints":{"allow":["GET"]}}],"collection":[{"href":"https:\/\/comiccandyz.azdigi.shop\/index.php?rest_route=\/wp\/v2\/product"}],"about":[{"href":"https:\/\/comiccandyz.azdigi.shop\/index.php?rest_route=\/wp\/v2\/types\/product"}],"replies":[{"embeddable":true,"href":"https:\/\/comiccandyz.azdigi.shop\/index.php?rest_route=%2Fwp%2Fv2%2Fcomments&post=450"}],"wp:featuredmedia":[{"embeddable":true,"href":"https:\/\/comiccandyz.azdigi.shop\/index.php?rest_route=\/wp\/v2\/media\/451"}],"wp:attachment":[{"href":"https:\/\/comiccandyz.azdigi.shop\/index.php?rest_route=%2Fwp%2Fv2%2Fmedia&parent=450"}],"wp:term":[{"taxonomy":"product_brand","embeddable":true,"href":"https:\/\/comiccandyz.azdigi.shop\/index.php?rest_route=%2Fwp%2Fv2%2Fproduct_brand&post=450"},{"taxonomy":"product_cat","embeddable":true,"href":"https:\/\/comiccandyz.azdigi.shop\/index.php?rest_route=%2Fwp%2Fv2%2Fproduct_cat&post=450"},{"taxonomy":"product_tag","embeddable":true,"href":"https:\/\/comiccandyz.azdigi.shop\/index.php?rest_route=%2Fwp%2Fv2%2Fproduct_tag&post=450"}],"curies":[{"name":"wp","href":"https:\/\/api.w.org\/{rel}","templated":true}]}}