{"id":454,"date":"2026-04-17T10:36:39","date_gmt":"2026-04-17T10:36:39","guid":{"rendered":"https:\/\/comiccandyz.azdigi.shop\/?post_type=product&#038;p=454"},"modified":"2026-04-25T05:34:52","modified_gmt":"2026-04-25T05:34:52","slug":"ro-bin-son-co-ru-xo","status":"publish","type":"product","link":"https:\/\/comiccandyz.azdigi.shop\/?product=ro-bin-son-co-ru-xo","title":{"rendered":"R\u00f4-bin-s\u01a1n C\u01a1-ru-x\u00f4"},"content":{"rendered":"<p>ComicCandyz Shop xin h\u00e2n h\u1ea1nh gi\u1edbi thi\u1ec7u t\u00e1c ph\u1ea9m R\u00f4-bin-s\u01a1n C\u01a1-ru-x\u00f4!!<\/p>\n<ul>\n<li><span class=\"field field-name-field-product-makimdong field-type-text field-label-inline clearfix\"><span class=\"field-label\">M\u00e3 Kim \u0110\u1ed3ng:\u00a0<\/span><span class=\"field-items\"><span class=\"field-item even\">6202100030004<\/span><\/span><\/span><\/li>\n<li><span class=\"field field-name-field-product--isbn field-type-text field-label-inline clearfix\"><span class=\"field-label\">ISBN:\u00a0<\/span><span class=\"field-items\"><span class=\"field-item even\">978-604-2-19391-7<\/span><\/span><\/span><\/li>\n<li><span class=\"field field-name-field-product-tacgia field-type-entityreference field-label-inline clearfix\"><span class=\"field-label\">T\u00e1c gi\u1ea3:\u00a0<\/span><span class=\"field-items\"><span class=\"field-item even\"><a href=\"https:\/\/nxbkimdong.com.vn\/collections\/da-ni-en-de-pho\">\u0110a-ni-en \u0110\u00ea-ph\u00f4<\/a><\/span><\/span><\/span><\/li>\n<li><span class=\"field field-name-field-product-dotuoi field-type-taxonomy-term-reference field-label-inline clearfix\"><span class=\"field-label\">\u0110\u1ed1i t\u01b0\u1ee3ng:\u00a0<\/span><span class=\"field-items\"><span class=\"field-item even\"><a href=\"https:\/\/nxbkimdong.com.vn\/collections\/nhi-dong-6-11\">Nhi \u0111\u1ed3ng (6 \u2013 11)\u00a0 T<\/a><a href=\"https:\/\/nxbkimdong.com.vn\/collections\/thieu-nien-11-15\">hi\u1ebfu ni\u00ean (11 \u2013 15)<\/a><\/span><\/span><\/span><\/li>\n<li><span class=\"field field-name-field-product-khuonkho field-type-text field-label-inline clearfix\"><span class=\"field-label\">Khu\u00f4n Kh\u1ed5:\u00a0<\/span><span class=\"field-items\"><span class=\"field-item even\">10.2&#215;15.2 cm<\/span><\/span><\/span><\/li>\n<li><span class=\"field field-name-field-product-sotrang field-type-number-decimal field-label-inline clearfix\"><span class=\"field-label\">S\u1ed1 trang:\u00a0<\/span><span class=\"field-items\"><span class=\"field-item even\">192<\/span><\/span><\/span><\/li>\n<li><span class=\"field field-name-field-product-trongluong field-type-number-decimal field-label-inline clearfix\"><span class=\"field-label\">Tr\u1ecdng l\u01b0\u1ee3ng:\u00a0<\/span><span class=\"field-items\"><span class=\"field-item even\">155 gram<\/span><\/span><\/span><\/li>\n<li><span class=\"field field-name-field-product-tax-bosach field-type-taxonomy-term-reference field-label-inline clearfix\"><span class=\"field-label\">B\u1ed9 s\u00e1ch:\u00a0<\/span><span class=\"field-items\"><span class=\"field-item even\"><a href=\"https:\/\/nxbkimdong.com.vn\/collections\/tu-sach-vang\">T\u1ee7 s\u00e1ch v\u00e0ng<\/a><\/span><\/span><\/span><\/li>\n<li><span class=\"field field-name-field-product-phathanh field-type-datetime field-label-inline clearfix\"><span class=\"field-label\">Ng\u00e0y ph\u00e1t h\u00e0nh:\u00a0<\/span><span class=\"field-items\"><span class=\"field-item even\"><span class=\"date-display-single\">02\/01\/2021<\/span><\/span><\/span><\/span><\/li>\n<\/ul>\n<p class=\"rtejustify\">\u0110. \u0110\u00ea-ph\u00f4 (1160-1731) l\u00e0 nh\u00e0 v\u0103n Anh, t\u1eebng l\u00e0m nhi\u1ec1u ngh\u1ec1, \u0111i nhi\u1ec1u n\u01b0\u1edbc, \u1edf t\u00f9, t\u00e1c ph\u1ea9m b\u1ecb n\u00e9m v\u00e0o l\u1eeda&#8230; B\u00f4-bin-x\u01a1n G\u01a1-ru-x\u00f4 \u0111\u00e3 \u0111\u01b0a \u0110. \u0110\u00ea-ph\u00f4 v\u00e0o h\u00e0ng ng\u0169 nh\u1eefng nh\u00e0 v\u0103n n\u1ed5i ti\u1ebfng th\u1ebf gi\u1edbi su\u1ed1t 250 n\u0103m qua.<\/p>\n<p class=\"rtejustify\">M. Gorki c\u00f3 l\u1ea7n vi\u1ebft, \u0111\u1ea1i \u00fd: R\u00f4-Bin-S\u01a1n C\u01a1-Ru-X\u00f4 l\u00e0 cu\u1ed1n s\u00e1ch m\u00e0 b\u1ea5t k\u00ec \u0111\u1ee9a tr\u1ebb n\u00e0o c\u0169ng n\u00ean \u0111\u1ecdc, b\u1edfi n\u00f3 l\u00e0 t\u1ea5m g\u01b0\u01a1ng tuy\u1ec7t v\u1eddi v\u1ec1 ngh\u1ecb l\u1ef1c c\u1ee7a con ng\u01b0\u1eddi.<\/p>\n<p class=\"rtejustify\">\u201c<strong><em>R\u00f4-bin-x\u01a1n C\u01a1-ru-x\u00f4<\/em><\/strong>\u201d l\u00e0 cu\u1ed1n ti\u1ec3u thuy\u1ebft hi\u1ec7n \u0111\u1ea1i \u0111\u1ea7u ti\u00ean c\u1ee7a v\u0103n h\u1ecdc Anh.<\/p>\n<p class=\"rtejustify\">\u0110\u00e2y l\u00e0 m\u1ed9t trong 10 \u1ea5n ph\u1ea9m k\u1ec9 ni\u1ec7m 25 n\u0103m T\u1ee7 s\u00e1ch V\u00e0ng c\u1ee7a NXB Kim \u0110\u1ed3ng.<\/p>\n<p class=\"rtejustify\"><strong>T\u1ee7 s\u00e1ch V\u00e0ng<\/strong>\u00a0ra m\u1eaft n\u0103m 1995, l\u00e0 ngu\u1ed3n su\u1ed1i m\u00e1t trong nu\u00f4i d\u01b0\u1ee1ng tinh th\u1ea7n tr\u1ebb em Vi\u1ec7t Nam su\u1ed1t m\u1ed9t ph\u1ea7n t\u01b0 th\u1ebf k\u1ec9 qua.<\/p>\n","protected":false},"excerpt":{"rendered":"<p>ComicCandyz Shop xin h\u00e2n h\u1ea1nh gi\u1edbi thi\u1ec7u t\u00e1c ph\u1ea9m R\u00f4-bin-s\u01a1n C\u01a1-ru-x\u00f4!! M\u00e3 Kim \u0110\u1ed3ng:\u00a06202100030004 ISBN:\u00a0978-604-2-19391-7 T\u00e1c gi\u1ea3:\u00a0\u0110a-ni-en \u0110\u00ea-ph\u00f4 \u0110\u1ed1i t\u01b0\u1ee3ng:\u00a0Nhi \u0111\u1ed3ng (6 \u2013 11)\u00a0 Thi\u1ebfu ni\u00ean (11 \u2013 15) Khu\u00f4n Kh\u1ed5:\u00a010.2&#215;15.2 cm S\u1ed1 trang:\u00a0192 Tr\u1ecdng l\u01b0\u1ee3ng:\u00a0155 gram B\u1ed9 s\u00e1ch:\u00a0T\u1ee7 s\u00e1ch v\u00e0ng Ng\u00e0y ph\u00e1t h\u00e0nh:\u00a002\/01\/2021 \u0110. \u0110\u00ea-ph\u00f4 (1160-1731) l\u00e0 nh\u00e0 v\u0103n Anh, t\u1eebng l\u00e0m nhi\u1ec1u ngh\u1ec1, [&#8230;]\n","protected":false},"featured_media":455,"comment_status":"open","ping_status":"closed","template":"","meta":[],"product_brand":[],"product_cat":[32],"product_tag":[],"class_list":{"0":"post-454","1":"product","2":"type-product","3":"status-publish","4":"has-post-thumbnail","6":"product_cat-van-hoc-nuoc-ngoai","8":"first","9":"instock","10":"sale","11":"shipping-taxable","12":"purchasable","13":"product-type-variable"},"yoast_head":"<!-- This site is optimized with the Yoast SEO plugin v27.1.1 - https:\/\/yoast.com\/product\/yoast-seo-wordpress\/ -->\n<title>R\u00f4-bin-s\u01a1n C\u01a1-ru-x\u00f4 - ComicCandyz Shop<\/title>\n<meta name=\"description\" content=\"R\u00f4-bin-s\u01a1n C\u01a1-ru-x\u00f4!! \u0110\u00e2y l\u00e0 m\u1ed9t trong 10 \u1ea5n ph\u1ea9m k\u1ec9 ni\u1ec7m 25 n\u0103m T\u1ee7 s\u00e1ch V\u00e0ng c\u1ee7a NXB Kim \u0110\u1ed3ng. R\u00f4-bin-s\u01a1n C\u01a1-ru-x\u00f4 - ComicCandyz Shop\" \/>\n<meta name=\"robots\" content=\"index, follow, max-snippet:-1, max-image-preview:large, max-video-preview:-1\" \/>\n<link rel=\"canonical\" href=\"https:\/\/comiccandyz.azdigi.shop\/?product=ro-bin-son-co-ru-xo\" \/>\n<meta property=\"og:locale\" content=\"vi_VN\" \/>\n<meta property=\"og:type\" content=\"article\" \/>\n<meta property=\"og:title\" content=\"R\u00f4-bin-s\u01a1n C\u01a1-ru-x\u00f4 - ComicCandyz Shop\" \/>\n<meta property=\"og:description\" content=\"R\u00f4-bin-s\u01a1n C\u01a1-ru-x\u00f4!! \u0110\u00e2y l\u00e0 m\u1ed9t trong 10 \u1ea5n ph\u1ea9m k\u1ec9 ni\u1ec7m 25 n\u0103m T\u1ee7 s\u00e1ch V\u00e0ng c\u1ee7a NXB Kim \u0110\u1ed3ng. R\u00f4-bin-s\u01a1n C\u01a1-ru-x\u00f4 - ComicCandyz Shop\" \/>\n<meta property=\"og:url\" content=\"https:\/\/comiccandyz.azdigi.shop\/?product=ro-bin-son-co-ru-xo\" \/>\n<meta property=\"og:site_name\" content=\"ComicCandyz Shop\" \/>\n<meta property=\"article:modified_time\" content=\"2026-04-25T05:34:52+00:00\" \/>\n<meta property=\"og:image\" content=\"https:\/\/comiccandyz.azdigi.shop\/wp-content\/uploads\/2026\/04\/ro-bin-xon-t1-ba50c5008eee4d94b7fa45478386d4a4.webp\" \/>\n\t<meta property=\"og:image:width\" content=\"693\" \/>\n\t<meta property=\"og:image:height\" content=\"1024\" \/>\n\t<meta property=\"og:image:type\" content=\"image\/webp\" \/>\n<meta name=\"twitter:card\" content=\"summary_large_image\" \/>\n<meta name=\"twitter:label1\" content=\"\u01af\u1edbc t\u00ednh th\u1eddi gian \u0111\u1ecdc\" \/>\n\t<meta name=\"twitter:data1\" content=\"2 ph\u00fat\" \/>\n<script type=\"application\/ld+json\" class=\"yoast-schema-graph\">{\"@context\":\"https:\/\/schema.org\",\"@graph\":[{\"@type\":\"WebPage\",\"@id\":\"https:\/\/comiccandyz.azdigi.shop\/?product=ro-bin-son-co-ru-xo\",\"url\":\"https:\/\/comiccandyz.azdigi.shop\/?product=ro-bin-son-co-ru-xo\",\"name\":\"R\u00f4-bin-s\u01a1n C\u01a1-ru-x\u00f4 - ComicCandyz Shop\",\"isPartOf\":{\"@id\":\"https:\/\/comiccandyz.azdigi.shop\/#website\"},\"primaryImageOfPage\":{\"@id\":\"https:\/\/comiccandyz.azdigi.shop\/?product=ro-bin-son-co-ru-xo#primaryimage\"},\"image\":{\"@id\":\"https:\/\/comiccandyz.azdigi.shop\/?product=ro-bin-son-co-ru-xo#primaryimage\"},\"thumbnailUrl\":\"https:\/\/comiccandyz.azdigi.shop\/wp-content\/uploads\/2026\/04\/ro-bin-xon-t1-ba50c5008eee4d94b7fa45478386d4a4.webp\",\"datePublished\":\"2026-04-17T10:36:39+00:00\",\"dateModified\":\"2026-04-25T05:34:52+00:00\",\"description\":\"R\u00f4-bin-s\u01a1n C\u01a1-ru-x\u00f4!! \u0110\u00e2y l\u00e0 m\u1ed9t trong 10 \u1ea5n ph\u1ea9m k\u1ec9 ni\u1ec7m 25 n\u0103m T\u1ee7 s\u00e1ch V\u00e0ng c\u1ee7a NXB Kim \u0110\u1ed3ng. R\u00f4-bin-s\u01a1n C\u01a1-ru-x\u00f4 - ComicCandyz Shop\",\"breadcrumb\":{\"@id\":\"https:\/\/comiccandyz.azdigi.shop\/?product=ro-bin-son-co-ru-xo#breadcrumb\"},\"inLanguage\":\"vi\",\"potentialAction\":[{\"@type\":\"ReadAction\",\"target\":[\"https:\/\/comiccandyz.azdigi.shop\/?product=ro-bin-son-co-ru-xo\"]}]},{\"@type\":\"ImageObject\",\"inLanguage\":\"vi\",\"@id\":\"https:\/\/comiccandyz.azdigi.shop\/?product=ro-bin-son-co-ru-xo#primaryimage\",\"url\":\"https:\/\/comiccandyz.azdigi.shop\/wp-content\/uploads\/2026\/04\/ro-bin-xon-t1-ba50c5008eee4d94b7fa45478386d4a4.webp\",\"contentUrl\":\"https:\/\/comiccandyz.azdigi.shop\/wp-content\/uploads\/2026\/04\/ro-bin-xon-t1-ba50c5008eee4d94b7fa45478386d4a4.webp\",\"width\":693,\"height\":1024},{\"@type\":\"BreadcrumbList\",\"@id\":\"https:\/\/comiccandyz.azdigi.shop\/?product=ro-bin-son-co-ru-xo#breadcrumb\",\"itemListElement\":[{\"@type\":\"ListItem\",\"position\":1,\"name\":\"Home\",\"item\":\"https:\/\/comiccandyz.azdigi.shop\/\"},{\"@type\":\"ListItem\",\"position\":2,\"name\":\"Shop\",\"item\":\"https:\/\/comiccandyz.azdigi.shop\/?page_id=223\"},{\"@type\":\"ListItem\",\"position\":3,\"name\":\"R\u00f4-bin-s\u01a1n C\u01a1-ru-x\u00f4\"}]},{\"@type\":\"WebSite\",\"@id\":\"https:\/\/comiccandyz.azdigi.shop\/#website\",\"url\":\"https:\/\/comiccandyz.azdigi.shop\/\",\"name\":\"ComicCandyz Shop\",\"description\":\"\",\"potentialAction\":[{\"@type\":\"SearchAction\",\"target\":{\"@type\":\"EntryPoint\",\"urlTemplate\":\"https:\/\/comiccandyz.azdigi.shop\/?s={search_term_string}\"},\"query-input\":{\"@type\":\"PropertyValueSpecification\",\"valueRequired\":true,\"valueName\":\"search_term_string\"}}],\"inLanguage\":\"vi\"}]}<\/script>\n<!-- \/ Yoast SEO plugin. -->","yoast_head_json":{"title":"R\u00f4-bin-s\u01a1n C\u01a1-ru-x\u00f4 - ComicCandyz Shop","description":"R\u00f4-bin-s\u01a1n C\u01a1-ru-x\u00f4!! \u0110\u00e2y l\u00e0 m\u1ed9t trong 10 \u1ea5n ph\u1ea9m k\u1ec9 ni\u1ec7m 25 n\u0103m T\u1ee7 s\u00e1ch V\u00e0ng c\u1ee7a NXB Kim \u0110\u1ed3ng. R\u00f4-bin-s\u01a1n C\u01a1-ru-x\u00f4 - ComicCandyz Shop","robots":{"index":"index","follow":"follow","max-snippet":"max-snippet:-1","max-image-preview":"max-image-preview:large","max-video-preview":"max-video-preview:-1"},"canonical":"https:\/\/comiccandyz.azdigi.shop\/?product=ro-bin-son-co-ru-xo","og_locale":"vi_VN","og_type":"article","og_title":"R\u00f4-bin-s\u01a1n C\u01a1-ru-x\u00f4 - ComicCandyz Shop","og_description":"R\u00f4-bin-s\u01a1n C\u01a1-ru-x\u00f4!! \u0110\u00e2y l\u00e0 m\u1ed9t trong 10 \u1ea5n ph\u1ea9m k\u1ec9 ni\u1ec7m 25 n\u0103m T\u1ee7 s\u00e1ch V\u00e0ng c\u1ee7a NXB Kim \u0110\u1ed3ng. R\u00f4-bin-s\u01a1n C\u01a1-ru-x\u00f4 - ComicCandyz Shop","og_url":"https:\/\/comiccandyz.azdigi.shop\/?product=ro-bin-son-co-ru-xo","og_site_name":"ComicCandyz Shop","article_modified_time":"2026-04-25T05:34:52+00:00","og_image":[{"width":693,"height":1024,"url":"https:\/\/comiccandyz.azdigi.shop\/wp-content\/uploads\/2026\/04\/ro-bin-xon-t1-ba50c5008eee4d94b7fa45478386d4a4.webp","type":"image\/webp"}],"twitter_card":"summary_large_image","twitter_misc":{"\u01af\u1edbc t\u00ednh th\u1eddi gian \u0111\u1ecdc":"2 ph\u00fat"},"schema":{"@context":"https:\/\/schema.org","@graph":[{"@type":"WebPage","@id":"https:\/\/comiccandyz.azdigi.shop\/?product=ro-bin-son-co-ru-xo","url":"https:\/\/comiccandyz.azdigi.shop\/?product=ro-bin-son-co-ru-xo","name":"R\u00f4-bin-s\u01a1n C\u01a1-ru-x\u00f4 - ComicCandyz Shop","isPartOf":{"@id":"https:\/\/comiccandyz.azdigi.shop\/#website"},"primaryImageOfPage":{"@id":"https:\/\/comiccandyz.azdigi.shop\/?product=ro-bin-son-co-ru-xo#primaryimage"},"image":{"@id":"https:\/\/comiccandyz.azdigi.shop\/?product=ro-bin-son-co-ru-xo#primaryimage"},"thumbnailUrl":"https:\/\/comiccandyz.azdigi.shop\/wp-content\/uploads\/2026\/04\/ro-bin-xon-t1-ba50c5008eee4d94b7fa45478386d4a4.webp","datePublished":"2026-04-17T10:36:39+00:00","dateModified":"2026-04-25T05:34:52+00:00","description":"R\u00f4-bin-s\u01a1n C\u01a1-ru-x\u00f4!! \u0110\u00e2y l\u00e0 m\u1ed9t trong 10 \u1ea5n ph\u1ea9m k\u1ec9 ni\u1ec7m 25 n\u0103m T\u1ee7 s\u00e1ch V\u00e0ng c\u1ee7a NXB Kim \u0110\u1ed3ng. R\u00f4-bin-s\u01a1n C\u01a1-ru-x\u00f4 - ComicCandyz Shop","breadcrumb":{"@id":"https:\/\/comiccandyz.azdigi.shop\/?product=ro-bin-son-co-ru-xo#breadcrumb"},"inLanguage":"vi","potentialAction":[{"@type":"ReadAction","target":["https:\/\/comiccandyz.azdigi.shop\/?product=ro-bin-son-co-ru-xo"]}]},{"@type":"ImageObject","inLanguage":"vi","@id":"https:\/\/comiccandyz.azdigi.shop\/?product=ro-bin-son-co-ru-xo#primaryimage","url":"https:\/\/comiccandyz.azdigi.shop\/wp-content\/uploads\/2026\/04\/ro-bin-xon-t1-ba50c5008eee4d94b7fa45478386d4a4.webp","contentUrl":"https:\/\/comiccandyz.azdigi.shop\/wp-content\/uploads\/2026\/04\/ro-bin-xon-t1-ba50c5008eee4d94b7fa45478386d4a4.webp","width":693,"height":1024},{"@type":"BreadcrumbList","@id":"https:\/\/comiccandyz.azdigi.shop\/?product=ro-bin-son-co-ru-xo#breadcrumb","itemListElement":[{"@type":"ListItem","position":1,"name":"Home","item":"https:\/\/comiccandyz.azdigi.shop\/"},{"@type":"ListItem","position":2,"name":"Shop","item":"https:\/\/comiccandyz.azdigi.shop\/?page_id=223"},{"@type":"ListItem","position":3,"name":"R\u00f4-bin-s\u01a1n C\u01a1-ru-x\u00f4"}]},{"@type":"WebSite","@id":"https:\/\/comiccandyz.azdigi.shop\/#website","url":"https:\/\/comiccandyz.azdigi.shop\/","name":"ComicCandyz Shop","description":"","potentialAction":[{"@type":"SearchAction","target":{"@type":"EntryPoint","urlTemplate":"https:\/\/comiccandyz.azdigi.shop\/?s={search_term_string}"},"query-input":{"@type":"PropertyValueSpecification","valueRequired":true,"valueName":"search_term_string"}}],"inLanguage":"vi"}]}},"_links":{"self":[{"href":"https:\/\/comiccandyz.azdigi.shop\/index.php?rest_route=\/wp\/v2\/product\/454","targetHints":{"allow":["GET"]}}],"collection":[{"href":"https:\/\/comiccandyz.azdigi.shop\/index.php?rest_route=\/wp\/v2\/product"}],"about":[{"href":"https:\/\/comiccandyz.azdigi.shop\/index.php?rest_route=\/wp\/v2\/types\/product"}],"replies":[{"embeddable":true,"href":"https:\/\/comiccandyz.azdigi.shop\/index.php?rest_route=%2Fwp%2Fv2%2Fcomments&post=454"}],"wp:featuredmedia":[{"embeddable":true,"href":"https:\/\/comiccandyz.azdigi.shop\/index.php?rest_route=\/wp\/v2\/media\/455"}],"wp:attachment":[{"href":"https:\/\/comiccandyz.azdigi.shop\/index.php?rest_route=%2Fwp%2Fv2%2Fmedia&parent=454"}],"wp:term":[{"taxonomy":"product_brand","embeddable":true,"href":"https:\/\/comiccandyz.azdigi.shop\/index.php?rest_route=%2Fwp%2Fv2%2Fproduct_brand&post=454"},{"taxonomy":"product_cat","embeddable":true,"href":"https:\/\/comiccandyz.azdigi.shop\/index.php?rest_route=%2Fwp%2Fv2%2Fproduct_cat&post=454"},{"taxonomy":"product_tag","embeddable":true,"href":"https:\/\/comiccandyz.azdigi.shop\/index.php?rest_route=%2Fwp%2Fv2%2Fproduct_tag&post=454"}],"curies":[{"name":"wp","href":"https:\/\/api.w.org\/{rel}","templated":true}]}}